{"id":20841,"date":"2025-03-25T11:00:54","date_gmt":"2025-03-25T11:00:54","guid":{"rendered":"https:\/\/freeshopswiss.alesca.org\/shop\/pupa-vamp-sexy-lashes-daring-volume-mascara\/"},"modified":"2026-02-12T12:00:15","modified_gmt":"2026-02-12T12:00:15","slug":"pupa-vamp-sexy-lashes-daring-volume-mascara","status":"publish","type":"product","link":"https:\/\/www.freeshopfrontiera.ch\/de\/shop\/pupa-vamp-sexy-lashes-daring-volume-mascara\/","title":{"rendered":"PUPA Vamp! Sexy Lashes Daring Volume Mascara"},"content":{"rendered":"<p class=\"\" data-start=\"1745\" data-end=\"2348\">Die <strong data-start=\"1749\" data-end=\"1828\">PUPA Vamp! Sexy Lashes Daring Volume Mascara Curvy Effect 12ml &#8211; Extrablack<\/strong> ist die perfekte Mascara f\u00fcr alle, die volumin\u00f6se, getrennte und gewellte Wimpern mit einem gewagten und verf\u00fchrerischen Effekt erzielen m\u00f6chten, der den ganzen Tag h\u00e4lt. Ihre fortschrittliche Formel ist mit ultra-intensiven Pigmenten angereichert, die einen absoluten <strong data-start=\"2098\" data-end=\"2112\">Extrablack<\/strong> Farbton bieten, der ideal ist, um einen tiefen und magnetischen Blick zu kreieren. Diese Mascara verleiht den Wimpern nicht nur sofort Volumen, sondern hebt und biegt sie von der Wurzel an, um einen \u201eFemme Fatale\u201c-Effekt zu erzeugen.<\/p>\n<p class=\"\" data-start=\"2350\" data-end=\"2863\">Der gebogene Applikator, der speziell an die Augenform angepasst ist, trennt die Wimpern perfekt und verteilt das Produkt gleichm\u00e4\u00dfig ohne Klumpen. Die cremige und reichhaltige Textur erm\u00f6glicht eine einfache und pr\u00e4zise Anwendung und sorgt bereits beim ersten Auftrag f\u00fcr gewagtes Volumen. Der Biegeeindruck bleibt den ganzen Tag \u00fcber bestehen und h\u00e4lt die Wimpern hoch und definiert, auch an den hektischsten Tagen. Diese Mascara ist \u00e4u\u00dferst langlebig und sorgt f\u00fcr einen makellosen Look ohne Nachbesserungen.<\/p>\n<p class=\"\" data-start=\"2865\" data-end=\"3329\">Die <strong data-start=\"2869\" data-end=\"2930\">PUPA Vamp! Sexy Lashes Daring Volume Mascara Curvy Effect<\/strong> ist perfekt f\u00fcr alle, die eine Mascara suchen, die extremen Volumen verleiht, ohne die Wimpern zu beschweren. Der volumisierende Effekt ist buildbar, sodass man mit einer Schicht einen nat\u00fcrlichen Look erzielen oder mit mehreren Anwendungen ein dramatisches, gewagtes Ergebnis erzielen kann. Dank ihrer leichten Formel f\u00fchlt sich diese Mascara nicht schwer auf den Augen an und ist nicht klebrig.<\/p>\n<p class=\"\" data-start=\"3331\" data-end=\"3688\">Ideal f\u00fcr jede Gelegenheit, ist diese Mascara perfekt f\u00fcr alle, die einen definierten und verf\u00fchrerischen Look wollen, der die nat\u00fcrliche Sch\u00f6nheit der Wimpern betont. Sie eignet sich sowohl f\u00fcr das t\u00e4gliche Make-up als auch f\u00fcr besondere Abende und ist der perfekte Begleiter f\u00fcr einen volumin\u00f6sen, verf\u00fchrerischen und unwiderstehlichen Augen-Make-up-Look.<\/p>\n<p data-start=\"1488\" data-end=\"1812\">Follow us!\u00a0<a href=\"https:\/\/www.instagram.com\/freeshopswiss\/\" target=\"_blank\" rel=\"noopener\">@freeshopswiss<\/a><\/p>\n","protected":false},"excerpt":{"rendered":"<p>Die PUPA Vamp! Sexy Lashes Daring Volume Mascara Curvy Effect 12ml &#8211; Extrablack ist die perfekte Mascara f\u00fcr alle, die volumin\u00f6se, getrennte und gewellte Wimpern mit einem gewagten und verf\u00fchrerischen Effekt erzielen m\u00f6chten, der den ganzen Tag h\u00e4lt. Ihre fortschrittliche Formel ist mit ultra-intensiven Pigmenten angereichert, die einen absoluten Extrablack Farbton bieten, der ideal ist, [&hellip;]<\/p>\n","protected":false},"featured_media":20837,"comment_status":"open","ping_status":"closed","template":"","meta":[],"pwb-brand":[581],"product_brand":[],"product_cat":[537,567],"product_tag":[470,293,476],"class_list":{"0":"post-20841","1":"product","2":"type-product","3":"status-publish","4":"has-post-thumbnail","6":"pwb-brand-pupa","7":"product_cat-augen-make-up","8":"product_cat-make-up-de-2","9":"product_tag-augen-make-up","10":"product_tag-frau","11":"product_tag-make-up-de","13":"first","14":"outofstock","15":"sale","16":"taxable","17":"shipping-taxable","18":"purchasable","19":"product-type-simple"},"brands":[{"id":581,"name":"Pupa","slug":"pupa"}],"_links":{"self":[{"href":"https:\/\/www.freeshopfrontiera.ch\/de\/wp-json\/wp\/v2\/product\/20841","targetHints":{"allow":["GET"]}}],"collection":[{"href":"https:\/\/www.freeshopfrontiera.ch\/de\/wp-json\/wp\/v2\/product"}],"about":[{"href":"https:\/\/www.freeshopfrontiera.ch\/de\/wp-json\/wp\/v2\/types\/product"}],"replies":[{"embeddable":true,"href":"https:\/\/www.freeshopfrontiera.ch\/de\/wp-json\/wp\/v2\/comments?post=20841"}],"version-history":[{"count":2,"href":"https:\/\/www.freeshopfrontiera.ch\/de\/wp-json\/wp\/v2\/product\/20841\/revisions"}],"predecessor-version":[{"id":20846,"href":"https:\/\/www.freeshopfrontiera.ch\/de\/wp-json\/wp\/v2\/product\/20841\/revisions\/20846"}],"wp:featuredmedia":[{"embeddable":true,"href":"https:\/\/www.freeshopfrontiera.ch\/de\/wp-json\/wp\/v2\/media\/20837"}],"wp:attachment":[{"href":"https:\/\/www.freeshopfrontiera.ch\/de\/wp-json\/wp\/v2\/media?parent=20841"}],"wp:term":[{"taxonomy":"pwb-brand","embeddable":true,"href":"https:\/\/www.freeshopfrontiera.ch\/de\/wp-json\/wp\/v2\/pwb-brand?post=20841"},{"taxonomy":"product_brand","embeddable":true,"href":"https:\/\/www.freeshopfrontiera.ch\/de\/wp-json\/wp\/v2\/product_brand?post=20841"},{"taxonomy":"product_cat","embeddable":true,"href":"https:\/\/www.freeshopfrontiera.ch\/de\/wp-json\/wp\/v2\/product_cat?post=20841"},{"taxonomy":"product_tag","embeddable":true,"href":"https:\/\/www.freeshopfrontiera.ch\/de\/wp-json\/wp\/v2\/product_tag?post=20841"}],"curies":[{"name":"wp","href":"https:\/\/api.w.org\/{rel}","templated":true}]}}