{"id":20954,"date":"2025-03-25T15:16:16","date_gmt":"2025-03-25T15:16:16","guid":{"rendered":"https:\/\/freeshopswiss.alesca.org\/shop\/pupa-made-to-last-definition-lips-automatic-lip-pencil-wp-104-rosewood\/"},"modified":"2025-03-25T15:27:02","modified_gmt":"2025-03-25T15:27:02","slug":"pupa-made-to-last-definition-lips-automatic-lip-pencil-wp-104-rosewood","status":"publish","type":"product","link":"https:\/\/www.freeshopfrontiera.ch\/de\/shop\/pupa-made-to-last-definition-lips-automatic-lip-pencil-wp-104-rosewood\/","title":{"rendered":"PUPA Made to Last Definition Lips Automatic Lip Pencil WP &#8211; 104 Rosewood"},"content":{"rendered":"<article class=\"group\/turn w-full text-token-text-primary focus-visible:outline-none\" dir=\"auto\" tabindex=\"-1\" data-testid=\"conversation-turn-64\" data-scroll-anchor=\"false\">\n<div class=\"text-base my-auto mx-auto py-5 px-6\">\n<div class=\"mx-auto flex flex-1 text-base gap-4 md:gap-5 lg:gap-6 md:max-w-3xl lg:max-w-[40rem] xl:max-w-[48rem]\">\n<div class=\"group\/conversation-turn relative flex w-full min-w-0 flex-col agent-turn @xs\/thread:px-0 @sm\/thread:px-1.5 @md\/thread:px-4\">\n<div class=\"relative flex-col gap-1 md:gap-3\">\n<div class=\"flex max-w-full flex-col flex-grow\">\n<div class=\"min-h-8 text-message relative flex w-full flex-col items-end gap-2 whitespace-normal break-words text-start [.text-message+&amp;]:mt-5\" dir=\"auto\" data-message-author-role=\"assistant\" data-message-id=\"f9c22ec2-fd64-4e5f-82a3-c92afcdedd9b\" data-message-model-slug=\"gpt-4o\">\n<div class=\"flex w-full flex-col gap-1 empty:hidden first:pt-[3px]\">\n<div class=\"markdown prose w-full break-words dark:prose-invert light\">\n<p class=\"\" data-start=\"2126\" data-end=\"2837\">Der <strong data-start=\"2130\" data-end=\"2206\">PUPA Made to Last Definition Lips Automatic Lip Pencil WP &#8211; 104 Rosewood<\/strong> ist der perfekte automatische Lippenkonturenstift f\u00fcr eine makellose Definition und au\u00dfergew\u00f6hnlich langen Halt. Seine innovative Formel, angereichert mit intensiven Pigmenten und einer cremigen Textur, erm\u00f6glicht eine m\u00fchelose und angenehme Anwendung ohne Verschmieren oder Verlaufen. Die samtige Konsistenz gleitet sanft \u00fcber die Lippen und sorgt f\u00fcr eine gleichm\u00e4\u00dfige Farbverteilung sowie eine pr\u00e4zise Konturierung f\u00fcr ein professionelles Ergebnis. F\u00fcr alle, die perfekt definierte Lippen lieben, unterstreicht dieser Konturenstift die nat\u00fcrliche Form der Lippen und verhindert das Auslaufen oder Verblassen des Lippenstifts.<\/p>\n<p class=\"\" data-start=\"2839\" data-end=\"3496\">Die Farbe <strong data-start=\"2849\" data-end=\"2865\">104 Rosewood<\/strong>, ein eleganter Rosenholzton, ist eine raffinierte und vielseitige Nuance, die zu verschiedenen Hautt\u00f6nen passt und sich f\u00fcr jede Gelegenheit eignet. Dieser nat\u00fcrliche und edle Farbton betont die Lippenfarbe, verleiht dem Make-up Definition und Tiefe und harmoniert perfekt mit Nude- oder Ros\u00e9-Lippenstiften. Alternativ kann er auch allein f\u00fcr einen ultra-schicken matten Look getragen werden. Das sanfte, matte Finish verleiht dem Look eine moderne Note und macht ihn sowohl f\u00fcr den Alltag als auch f\u00fcr glamour\u00f6se Abendauftritte geeignet. Ob dezente Betonung oder markante Lippenkontur \u2013 dieser Farbton passt sich jedem Stil an.<\/p>\n<p class=\"\" data-start=\"3498\" data-end=\"4111\">Seine <strong data-start=\"3504\" data-end=\"3519\">wasserfeste<\/strong> Formel sorgt f\u00fcr <strong data-start=\"3537\" data-end=\"3562\">lang anhaltenden Halt<\/strong>, widersteht Essen, Getr\u00e4nken und Verschmieren und bewahrt so stets ein perfektes Erscheinungsbild. Dank des <strong data-start=\"3671\" data-end=\"3696\">automatischen Designs<\/strong> muss der Stift nicht angespitzt werden, was ihn besonders praktisch und jederzeit einsatzbereit macht. Die <strong data-start=\"3804\" data-end=\"3832\">d\u00fcnne und pr\u00e4zise Spitze<\/strong> erm\u00f6glicht eine m\u00fchelose Konturierung der Lippen und sorgt f\u00fcr eine saubere und harmonische Linie. Dank des einziehbaren Mechanismus ist immer die richtige Menge an Produkt verf\u00fcgbar, was Abfall reduziert und eine stets scharfe Spitze f\u00fcr eine pr\u00e4zise Anwendung gew\u00e4hrleistet.<\/p>\n<p class=\"\" data-start=\"4113\" data-end=\"4511\">Ideal f\u00fcr alle, die ein elegantes, langanhaltendes Lippen-Make-up w\u00fcnschen, ist der <strong data-start=\"4197\" data-end=\"4273\">PUPA Made to Last Definition Lips Automatic Lip Pencil WP &#8211; 104 Rosewood<\/strong> der perfekte Begleiter f\u00fcr perfekt definierte Lippen von morgens bis abends. Ob in Kombination mit einem Lippenstift oder allein getragen \u2013 dieser Konturenstift verleiht Ihrer Beauty-Routine eine professionelle und langanhaltende Note.<\/p>\n<p data-start=\"1141\" data-end=\"1378\">\n<\/div>\n<\/div>\n<\/div>\n<\/div>\n<\/div>\n<\/div>\n<\/div>\n<\/div>\n<\/article>\n<p data-start=\"1141\" data-end=\"1378\">Follow us!\u00a0<a href=\"https:\/\/www.instagram.com\/freeshopswiss\/\" target=\"_blank\" rel=\"noopener\">@freeshopswiss<\/a><\/p>\n","protected":false},"excerpt":{"rendered":"<p>Der PUPA Made to Last Definition Lips Automatic Lip Pencil WP &#8211; 104 Rosewood ist der perfekte automatische Lippenkonturenstift f\u00fcr eine makellose Definition und au\u00dfergew\u00f6hnlich langen Halt. Seine innovative Formel, angereichert mit intensiven Pigmenten und einer cremigen Textur, erm\u00f6glicht eine m\u00fchelose und angenehme Anwendung ohne Verschmieren oder Verlaufen. Die samtige Konsistenz gleitet sanft \u00fcber die [&hellip;]<\/p>\n","protected":false},"featured_media":20950,"comment_status":"open","ping_status":"closed","template":"","meta":[],"pwb-brand":[581],"product_brand":[],"product_cat":[111,537,567],"product_tag":[293,589,476],"class_list":{"0":"post-20954","1":"product","2":"type-product","3":"status-publish","4":"has-post-thumbnail","6":"pwb-brand-pupa","7":"product_cat-fur-sie-de","8":"product_cat-augen-make-up","9":"product_cat-make-up-de-2","10":"product_tag-frau","11":"product_tag-lippen-make-up-de","12":"product_tag-make-up-de","14":"first","15":"instock","16":"sale","17":"taxable","18":"shipping-taxable","19":"purchasable","20":"product-type-simple"},"brands":[{"id":581,"name":"Pupa","slug":"pupa"}],"_links":{"self":[{"href":"https:\/\/www.freeshopfrontiera.ch\/de\/wp-json\/wp\/v2\/product\/20954","targetHints":{"allow":["GET"]}}],"collection":[{"href":"https:\/\/www.freeshopfrontiera.ch\/de\/wp-json\/wp\/v2\/product"}],"about":[{"href":"https:\/\/www.freeshopfrontiera.ch\/de\/wp-json\/wp\/v2\/types\/product"}],"replies":[{"embeddable":true,"href":"https:\/\/www.freeshopfrontiera.ch\/de\/wp-json\/wp\/v2\/comments?post=20954"}],"version-history":[{"count":4,"href":"https:\/\/www.freeshopfrontiera.ch\/de\/wp-json\/wp\/v2\/product\/20954\/revisions"}],"predecessor-version":[{"id":20967,"href":"https:\/\/www.freeshopfrontiera.ch\/de\/wp-json\/wp\/v2\/product\/20954\/revisions\/20967"}],"wp:featuredmedia":[{"embeddable":true,"href":"https:\/\/www.freeshopfrontiera.ch\/de\/wp-json\/wp\/v2\/media\/20950"}],"wp:attachment":[{"href":"https:\/\/www.freeshopfrontiera.ch\/de\/wp-json\/wp\/v2\/media?parent=20954"}],"wp:term":[{"taxonomy":"pwb-brand","embeddable":true,"href":"https:\/\/www.freeshopfrontiera.ch\/de\/wp-json\/wp\/v2\/pwb-brand?post=20954"},{"taxonomy":"product_brand","embeddable":true,"href":"https:\/\/www.freeshopfrontiera.ch\/de\/wp-json\/wp\/v2\/product_brand?post=20954"},{"taxonomy":"product_cat","embeddable":true,"href":"https:\/\/www.freeshopfrontiera.ch\/de\/wp-json\/wp\/v2\/product_cat?post=20954"},{"taxonomy":"product_tag","embeddable":true,"href":"https:\/\/www.freeshopfrontiera.ch\/de\/wp-json\/wp\/v2\/product_tag?post=20954"}],"curies":[{"name":"wp","href":"https:\/\/api.w.org\/{rel}","templated":true}]}}