{"id":21054,"date":"2025-03-26T09:31:52","date_gmt":"2025-03-26T09:31:52","guid":{"rendered":"https:\/\/freeshopswiss.alesca.org\/shop\/lancome-mascara-hypnose-drama-01-excessive-black\/"},"modified":"2025-07-06T05:23:54","modified_gmt":"2025-07-06T05:23:54","slug":"lancome-mascara-hypnose-drama-01-excessive-black","status":"publish","type":"product","link":"https:\/\/www.freeshopfrontiera.ch\/de\/shop\/lancome-mascara-hypnose-drama-01-excessive-black\/","title":{"rendered":"LANCOME Mascara Hypnose Drama &#8211; 01 Excessive Black"},"content":{"rendered":"<p class=\"\" data-start=\"3565\" data-end=\"3928\">Der <strong data-start=\"3569\" data-end=\"3617\">Lanc\u00f4me Hypn\u00f4se Drama Extreme Volume Mascara &#8211; 01 Excessive Black<\/strong> ist die perfekte Wahl f\u00fcr alle, die sich <strong data-start=\"3659\" data-end=\"3734\">au\u00dfergew\u00f6hnlich volumin\u00f6se, geschwungene und perfekt definierte Wimpern<\/strong> w\u00fcnschen. Dank seiner innovativen Formel und des gebogenen Applikators sorgt dieser Mascara f\u00fcr <strong data-start=\"3831\" data-end=\"3875\">extremes Volumen ab der ersten Anwendung<\/strong>, indem jede einzelne Wimper intensiv umh\u00fcllt wird.<\/p>\n<p class=\"\" data-start=\"3930\" data-end=\"4257\">Die cremige, hochpigmentierte Textur l\u00e4sst sich gleichm\u00e4\u00dfig auftragen, <strong data-start=\"4001\" data-end=\"4048\">ohne Kl\u00fcmpchen zu bilden oder zu beschweren<\/strong>. Die Nuance <strong data-start=\"4061\" data-end=\"4083\">01 Excessive Black<\/strong>, ein tiefes und intensives Schwarz, verst\u00e4rkt das Wimpernvolumen und verleiht dem Blick mehr Tiefe und Ausdruckskraft \u2013 ideal f\u00fcr einen dramatischen, verf\u00fchrerischen Look.<\/p>\n<p class=\"\" data-start=\"4259\" data-end=\"4656\">Die <strong data-start=\"4263\" data-end=\"4294\">innovative S-f\u00f6rmige B\u00fcrste<\/strong> ist so konzipiert, dass sie der nat\u00fcrlichen Kr\u00fcmmung der Wimpern folgt und selbst die k\u00fcrzesten und feinsten Wimpern erreicht. Dies erm\u00f6glicht eine <strong data-start=\"4443\" data-end=\"4481\">pr\u00e4zise und gleichm\u00e4\u00dfige Anwendung<\/strong>, trennt die Wimpern perfekt und verteilt das Produkt optimal. Das Ergebnis? <strong data-start=\"4558\" data-end=\"4653\">Maximales Volumen, wundersch\u00f6n geschwungene Wimpern und ein offener, ausdrucksstarker Blick<\/strong>.<\/p>\n<p class=\"\" data-start=\"4658\" data-end=\"4995\">Dank der <strong data-start=\"4667\" data-end=\"4693\">langanhaltenden Formel<\/strong> bleibt der <strong data-start=\"4705\" data-end=\"4753\">Lanc\u00f4me Hypn\u00f4se Drama Extreme Volume Mascara<\/strong> den ganzen Tag \u00fcber makellos \u2013 ohne zu verschmieren oder an Intensit\u00e4t zu verlieren. <strong data-start=\"4839\" data-end=\"4865\">Augen\u00e4rztlich getestet<\/strong>, ist er <strong data-start=\"4874\" data-end=\"4938\">auch f\u00fcr empfindliche Augen und Kontaktlinsentr\u00e4ger geeignet<\/strong>, um maximalen Komfort und Sicherheit zu gew\u00e4hrleisten.<\/p>\n<p class=\"\" data-start=\"4997\" data-end=\"5272\">Wenn du einen Mascara suchst, der <strong data-start=\"5031\" data-end=\"5111\">extremes Volumen, spektakul\u00e4re Schwungkraft und ein ultra-intensives Schwarz<\/strong> bietet, ist der <strong data-start=\"5128\" data-end=\"5195\">Lanc\u00f4me Hypn\u00f4se Drama Extreme Volume Mascara 01 Excessive Black<\/strong> die perfekte Wahl f\u00fcr einen auff\u00e4lligen, unwiderstehlichen Augenaufschlag.<\/p>\n<p data-start=\"1227\" data-end=\"1455\">Follow us!\u00a0<a href=\"https:\/\/www.instagram.com\/freeshopswiss\/\" target=\"_blank\" rel=\"noopener\">@freeshopswiss<\/a><\/p>\n","protected":false},"excerpt":{"rendered":"<p>Der Lanc\u00f4me Hypn\u00f4se Drama Extreme Volume Mascara &#8211; 01 Excessive Black ist die perfekte Wahl f\u00fcr alle, die sich au\u00dfergew\u00f6hnlich volumin\u00f6se, geschwungene und perfekt definierte Wimpern w\u00fcnschen. Dank seiner innovativen Formel und des gebogenen Applikators sorgt dieser Mascara f\u00fcr extremes Volumen ab der ersten Anwendung, indem jede einzelne Wimper intensiv umh\u00fcllt wird. Die cremige, hochpigmentierte [&hellip;]<\/p>\n","protected":false},"featured_media":21046,"comment_status":"open","ping_status":"closed","template":"","meta":[],"pwb-brand":[262],"product_brand":[],"product_cat":[111,537,567],"product_tag":[470,293,476],"class_list":{"0":"post-21054","1":"product","2":"type-product","3":"status-publish","4":"has-post-thumbnail","6":"pwb-brand-lancome","7":"product_cat-fur-sie-de","8":"product_cat-augen-make-up","9":"product_cat-make-up-de-2","10":"product_tag-augen-make-up","11":"product_tag-frau","12":"product_tag-make-up-de","14":"first","15":"instock","16":"sale","17":"taxable","18":"shipping-taxable","19":"purchasable","20":"product-type-simple"},"brands":[{"id":262,"name":"Lanc\u00f4me","slug":"lancome"}],"_links":{"self":[{"href":"https:\/\/www.freeshopfrontiera.ch\/de\/wp-json\/wp\/v2\/product\/21054","targetHints":{"allow":["GET"]}}],"collection":[{"href":"https:\/\/www.freeshopfrontiera.ch\/de\/wp-json\/wp\/v2\/product"}],"about":[{"href":"https:\/\/www.freeshopfrontiera.ch\/de\/wp-json\/wp\/v2\/types\/product"}],"replies":[{"embeddable":true,"href":"https:\/\/www.freeshopfrontiera.ch\/de\/wp-json\/wp\/v2\/comments?post=21054"}],"version-history":[{"count":3,"href":"https:\/\/www.freeshopfrontiera.ch\/de\/wp-json\/wp\/v2\/product\/21054\/revisions"}],"predecessor-version":[{"id":21064,"href":"https:\/\/www.freeshopfrontiera.ch\/de\/wp-json\/wp\/v2\/product\/21054\/revisions\/21064"}],"wp:featuredmedia":[{"embeddable":true,"href":"https:\/\/www.freeshopfrontiera.ch\/de\/wp-json\/wp\/v2\/media\/21046"}],"wp:attachment":[{"href":"https:\/\/www.freeshopfrontiera.ch\/de\/wp-json\/wp\/v2\/media?parent=21054"}],"wp:term":[{"taxonomy":"pwb-brand","embeddable":true,"href":"https:\/\/www.freeshopfrontiera.ch\/de\/wp-json\/wp\/v2\/pwb-brand?post=21054"},{"taxonomy":"product_brand","embeddable":true,"href":"https:\/\/www.freeshopfrontiera.ch\/de\/wp-json\/wp\/v2\/product_brand?post=21054"},{"taxonomy":"product_cat","embeddable":true,"href":"https:\/\/www.freeshopfrontiera.ch\/de\/wp-json\/wp\/v2\/product_cat?post=21054"},{"taxonomy":"product_tag","embeddable":true,"href":"https:\/\/www.freeshopfrontiera.ch\/de\/wp-json\/wp\/v2\/product_tag?post=21054"}],"curies":[{"name":"wp","href":"https:\/\/api.w.org\/{rel}","templated":true}]}}