{"id":21121,"date":"2025-03-26T11:14:23","date_gmt":"2025-03-26T11:14:23","guid":{"rendered":"https:\/\/freeshopswiss.alesca.org\/shop\/lancome-mascara-lash-idole-01-noir\/"},"modified":"2025-07-06T05:23:55","modified_gmt":"2025-07-06T05:23:55","slug":"lancome-mascara-lash-idole-01-noir","status":"publish","type":"product","link":"https:\/\/www.freeshopfrontiera.ch\/de\/shop\/lancome-mascara-lash-idole-01-noir\/","title":{"rendered":"LANCOME Mascara Lash Idole &#8211; 01 Noir"},"content":{"rendered":"<p class=\"\" data-start=\"5238\" data-end=\"5822\">Der <strong data-start=\"5242\" data-end=\"5282\">LANCOME Mascara Lash Idole &#8211; 01 Noir<\/strong> ist der ideale Mascara f\u00fcr alle, die sich au\u00dfergew\u00f6hnlich lange, volumin\u00f6se und perfekt getrennte Wimpern w\u00fcnschen, mit einem definierten Effekt, der die Augen auf nat\u00fcrliche und makellose Weise betont. Dank seiner innovativen und leichten Formel bietet der Mascara eine intensive, tiefe Farbe, ohne die Wimpern zu beschweren, sodass au\u00dfergew\u00f6hnliche Ergebnisse ohne Kompromisse erzielt werden. Die <strong data-start=\"5682\" data-end=\"5701\">fl\u00fcssige Textur<\/strong> l\u00e4sst sich leicht und gleichm\u00e4\u00dfig auftragen, ohne Klumpen zu hinterlassen, f\u00fcr einen raffinierten und gepflegten Look.<\/p>\n<p class=\"\" data-start=\"5824\" data-end=\"6496\">Ihre Form und fortschrittliche Technologie erm\u00f6glichen es, selbst die k\u00fcrzesten und schwer erreichbaren Wimpern zu erreichen, was eine perfekte Trennung und ein nat\u00fcrliches, aber volles Ergebnis garantiert.<\/p>\n<p class=\"\" data-start=\"6498\" data-end=\"7094\">Dieser Mascara ist ideal f\u00fcr alle, die ein vielseitiges Produkt suchen, das <strong data-start=\"6574\" data-end=\"6590\">verl\u00e4ngernde<\/strong>, <strong data-start=\"6592\" data-end=\"6610\">volumengebende<\/strong> und <strong data-start=\"6615\" data-end=\"6628\">trennende<\/strong> Effekte in einem einzigen Schritt bietet, mit einer au\u00dfergew\u00f6hnlichen Haltbarkeit, die den ganzen Tag \u00fcber ohne Verschmieren anh\u00e4lt. Die <strong data-start=\"6766\" data-end=\"6813\">feuchtigkeits- und schwei\u00dfresistente Formel<\/strong> sorgt daf\u00fcr, dass der Look den ganzen Tag lang frisch und gepflegt bleibt, ohne dass Nachbesserungen erforderlich sind. Dar\u00fcber hinaus wurde der Mascara so entwickelt, dass er die Wimpern nicht beschwert und eine leichte und komfortable Anwendung den ganzen Tag \u00fcber erm\u00f6glicht.<\/p>\n<p class=\"\" data-start=\"7096\" data-end=\"7568\">F\u00fcr empfindliche Augen geeignet und ophthalmologisch getestet, ist der <strong data-start=\"7167\" data-end=\"7207\">LANCOME Mascara Lash Idole &#8211; 01 Noir<\/strong> auch ideal f\u00fcr Kontaktlinsentr\u00e4ger oder Menschen mit empfindlichen Augen. Seine Eigenschaften verbessern nicht nur das Aussehen der Wimpern, sondern sch\u00fctzen auch die Gesundheit der Augen und halten sie komfortabel und reizfrei. Mit diesem Mascara bleiben die Wimpern weich, flexibel und nat\u00fcrlich sch\u00f6n, aber mit Volumen und L\u00e4nge, die garantiert auffallen.<\/p>\n<p class=\"\" data-start=\"7570\" data-end=\"7987\">Wenn Sie ein Produkt suchen, das <strong data-start=\"7603\" data-end=\"7617\">Definition<\/strong>, <strong data-start=\"7619\" data-end=\"7628\">L\u00e4nge<\/strong> und <strong data-start=\"7633\" data-end=\"7644\">Volumen<\/strong> vereint, ohne Kompromisse bei der Leichtigkeit und dem Komfort einzugehen, ist der <strong data-start=\"7728\" data-end=\"7768\">LANCOME Mascara Lash Idole &#8211; 01 Noir<\/strong> die perfekte Wahl. Mit seinem makellosen Ergebnis und seiner langanhaltenden Haltbarkeit ist es der ideale Mascara f\u00fcr einen Look, der den ganzen Tag h\u00e4lt, mit Augen, die immer strahlend, elegant und magnetisch sind.<\/p>\n<p data-start=\"950\" data-end=\"1203\">Follow us!\u00a0<a href=\"https:\/\/www.instagram.com\/freeshopswiss\/\" target=\"_blank\" rel=\"noopener\">@freeshopswiss<\/a><\/p>\n","protected":false},"excerpt":{"rendered":"<p>Der LANCOME Mascara Lash Idole &#8211; 01 Noir ist der ideale Mascara f\u00fcr alle, die sich au\u00dfergew\u00f6hnlich lange, volumin\u00f6se und perfekt getrennte Wimpern w\u00fcnschen, mit einem definierten Effekt, der die Augen auf nat\u00fcrliche und makellose Weise betont. Dank seiner innovativen und leichten Formel bietet der Mascara eine intensive, tiefe Farbe, ohne die Wimpern zu beschweren, [&hellip;]<\/p>\n","protected":false},"featured_media":21117,"comment_status":"open","ping_status":"closed","template":"","meta":[],"pwb-brand":[262],"product_brand":[],"product_cat":[111,537,567],"product_tag":[470,293,476],"class_list":{"0":"post-21121","1":"product","2":"type-product","3":"status-publish","4":"has-post-thumbnail","6":"pwb-brand-lancome","7":"product_cat-fur-sie-de","8":"product_cat-augen-make-up","9":"product_cat-make-up-de-2","10":"product_tag-augen-make-up","11":"product_tag-frau","12":"product_tag-make-up-de","14":"first","15":"instock","16":"sale","17":"taxable","18":"shipping-taxable","19":"purchasable","20":"product-type-simple"},"brands":[{"id":262,"name":"Lanc\u00f4me","slug":"lancome"}],"_links":{"self":[{"href":"https:\/\/www.freeshopfrontiera.ch\/de\/wp-json\/wp\/v2\/product\/21121","targetHints":{"allow":["GET"]}}],"collection":[{"href":"https:\/\/www.freeshopfrontiera.ch\/de\/wp-json\/wp\/v2\/product"}],"about":[{"href":"https:\/\/www.freeshopfrontiera.ch\/de\/wp-json\/wp\/v2\/types\/product"}],"replies":[{"embeddable":true,"href":"https:\/\/www.freeshopfrontiera.ch\/de\/wp-json\/wp\/v2\/comments?post=21121"}],"version-history":[{"count":2,"href":"https:\/\/www.freeshopfrontiera.ch\/de\/wp-json\/wp\/v2\/product\/21121\/revisions"}],"predecessor-version":[{"id":21126,"href":"https:\/\/www.freeshopfrontiera.ch\/de\/wp-json\/wp\/v2\/product\/21121\/revisions\/21126"}],"wp:featuredmedia":[{"embeddable":true,"href":"https:\/\/www.freeshopfrontiera.ch\/de\/wp-json\/wp\/v2\/media\/21117"}],"wp:attachment":[{"href":"https:\/\/www.freeshopfrontiera.ch\/de\/wp-json\/wp\/v2\/media?parent=21121"}],"wp:term":[{"taxonomy":"pwb-brand","embeddable":true,"href":"https:\/\/www.freeshopfrontiera.ch\/de\/wp-json\/wp\/v2\/pwb-brand?post=21121"},{"taxonomy":"product_brand","embeddable":true,"href":"https:\/\/www.freeshopfrontiera.ch\/de\/wp-json\/wp\/v2\/product_brand?post=21121"},{"taxonomy":"product_cat","embeddable":true,"href":"https:\/\/www.freeshopfrontiera.ch\/de\/wp-json\/wp\/v2\/product_cat?post=21121"},{"taxonomy":"product_tag","embeddable":true,"href":"https:\/\/www.freeshopfrontiera.ch\/de\/wp-json\/wp\/v2\/product_tag?post=21121"}],"curies":[{"name":"wp","href":"https:\/\/api.w.org\/{rel}","templated":true}]}}