{"id":21158,"date":"2025-03-26T12:18:18","date_gmt":"2025-03-26T12:18:18","guid":{"rendered":"https:\/\/freeshopswiss.alesca.org\/shop\/ysl-set-touche-eclat-02-ivoire-lumiere-mini-lash-clash-black-01\/"},"modified":"2025-03-26T12:25:26","modified_gmt":"2025-03-26T12:25:26","slug":"ysl-set-touche-eclat-02-ivoire-lumiere-mini-lash-clash-black-01","status":"publish","type":"product","link":"https:\/\/www.freeshopfrontiera.ch\/de\/shop\/ysl-set-touche-eclat-02-ivoire-lumiere-mini-lash-clash-black-01\/","title":{"rendered":"YSL SET Touche Eclat"},"content":{"rendered":"<p class=\"\" data-start=\"3688\" data-end=\"4158\">Das <strong data-start=\"3692\" data-end=\"3761\">YSL SET Touche \u00c9clat 02 Ivoire Lumi\u00e8re + Mini Lash Clash Black 01<\/strong> ist ein exklusives Beauty-Set, das zwei Must-haves von Yves Saint Laurent vereint, um einen leuchtenden und definierten Augen-Look zu erzielen. Perfekt f\u00fcr alle, die einen frischen und strahlenden Look w\u00fcnschen, enth\u00e4lt dieses Set zwei ikonische Produkte, die die Helligkeit des Gesichts verst\u00e4rken und gleichzeitig eine intensive Augen-Definition bieten \u2013 alles in einem praktischen Geschenkset.<\/p>\n<p class=\"\" data-start=\"4160\" data-end=\"4843\">Der <strong data-start=\"4164\" data-end=\"4198\">Touche \u00c9clat 02 Ivoire Lumi\u00e8re<\/strong> ist der ultimative aufhellende Concealer, der sofort einen \u201eLicht\u201c-Effekt liefert. Mit seiner leichten und cremigen Formel korrigiert dieses Produkt Augenringe, Unvollkommenheiten und Anzeichen von M\u00fcdigkeit und verleiht der Haut mit einem subtilen Elfenbein-Ton einen Hauch von Helligkeit. Er ist perfekt f\u00fcr alle, die einen nat\u00fcrlichen, strahlenden Make-up-Look suchen, der die Frische der Haut bewahrt, ohne das Gesicht zu beschweren. Die Textur gleitet leicht auf und sorgt f\u00fcr eine gleichm\u00e4\u00dfige und pr\u00e4zise Anwendung. Touche \u00c9clat ist eine wahre Ikone der Sch\u00f6nheit, die f\u00fcr ihren straffenden Effekt gesch\u00e4tzt wird, der das Gesicht belebt.<\/p>\n<p class=\"\" data-start=\"4845\" data-end=\"5337\">Der <strong data-start=\"4849\" data-end=\"4877\">Mini Lash Clash Black 01<\/strong> ist die Mascara von YSL, die die Wimpern definiert, volumisiert und verl\u00e4ngert, mit einem intensiven und dramatischen Ergebnis. Mit seiner innovativen Formel und der B\u00fcrste, die jeden Wimpernfang erfasst, verleiht diese Mascara extremen Volumen und trennt die Wimpern, ohne sie zu beschweren. Der tiefe schwarze Farbton hebt die Augen hervor und verleiht ihnen einen au\u00dfergew\u00f6hnlichen \u201eKulleraugen\u201c-Effekt, perfekt f\u00fcr jede Gelegenheit, vom Tag bis zum Abend.<\/p>\n<p class=\"\" data-start=\"5339\" data-end=\"5672\">Dieses Set ist ideal f\u00fcr alle, die einen leuchtenden und definierten Look suchen, mit der Qualit\u00e4t und Eleganz, f\u00fcr die YSL bekannt ist. Es eignet sich f\u00fcr alle Hauttypen und sorgt zu jeder Tageszeit f\u00fcr ein makelloses Ergebnis \u2013 es ist somit das perfekte Geschenk oder eine Gelegenheit, zwei der Bestseller der Marke auszuprobieren.<\/p>\n<p data-start=\"1553\" data-end=\"1866\">Follow us! <a href=\"https:\/\/www.instagram.com\/freeshopswiss\/\" target=\"_blank\" rel=\"noopener\">@freeshopswiss<\/a><\/p>\n","protected":false},"excerpt":{"rendered":"<p>Das YSL SET Touche \u00c9clat 02 Ivoire Lumi\u00e8re + Mini Lash Clash Black 01 ist ein exklusives Beauty-Set, das zwei Must-haves von Yves Saint Laurent vereint, um einen leuchtenden und definierten Augen-Look zu erzielen. Perfekt f\u00fcr alle, die einen frischen und strahlenden Look w\u00fcnschen, enth\u00e4lt dieses Set zwei ikonische Produkte, die die Helligkeit des Gesichts [&hellip;]<\/p>\n","protected":false},"featured_media":21178,"comment_status":"open","ping_status":"closed","template":"","meta":[],"pwb-brand":[268],"product_brand":[],"product_cat":[537,567],"product_tag":[470,293,476],"class_list":{"0":"post-21158","1":"product","2":"type-product","3":"status-publish","4":"has-post-thumbnail","6":"pwb-brand-yves-saint-laurent","7":"product_cat-augen-make-up","8":"product_cat-make-up-de-2","9":"product_tag-augen-make-up","10":"product_tag-frau","11":"product_tag-make-up-de","13":"first","14":"outofstock","15":"sale","16":"taxable","17":"shipping-taxable","18":"purchasable","19":"product-type-simple"},"brands":[{"id":268,"name":"Yves Saint Laurent","slug":"yves-saint-laurent"}],"_links":{"self":[{"href":"https:\/\/www.freeshopfrontiera.ch\/de\/wp-json\/wp\/v2\/product\/21158","targetHints":{"allow":["GET"]}}],"collection":[{"href":"https:\/\/www.freeshopfrontiera.ch\/de\/wp-json\/wp\/v2\/product"}],"about":[{"href":"https:\/\/www.freeshopfrontiera.ch\/de\/wp-json\/wp\/v2\/types\/product"}],"replies":[{"embeddable":true,"href":"https:\/\/www.freeshopfrontiera.ch\/de\/wp-json\/wp\/v2\/comments?post=21158"}],"version-history":[{"count":3,"href":"https:\/\/www.freeshopfrontiera.ch\/de\/wp-json\/wp\/v2\/product\/21158\/revisions"}],"predecessor-version":[{"id":21170,"href":"https:\/\/www.freeshopfrontiera.ch\/de\/wp-json\/wp\/v2\/product\/21158\/revisions\/21170"}],"wp:featuredmedia":[{"embeddable":true,"href":"https:\/\/www.freeshopfrontiera.ch\/de\/wp-json\/wp\/v2\/media\/21178"}],"wp:attachment":[{"href":"https:\/\/www.freeshopfrontiera.ch\/de\/wp-json\/wp\/v2\/media?parent=21158"}],"wp:term":[{"taxonomy":"pwb-brand","embeddable":true,"href":"https:\/\/www.freeshopfrontiera.ch\/de\/wp-json\/wp\/v2\/pwb-brand?post=21158"},{"taxonomy":"product_brand","embeddable":true,"href":"https:\/\/www.freeshopfrontiera.ch\/de\/wp-json\/wp\/v2\/product_brand?post=21158"},{"taxonomy":"product_cat","embeddable":true,"href":"https:\/\/www.freeshopfrontiera.ch\/de\/wp-json\/wp\/v2\/product_cat?post=21158"},{"taxonomy":"product_tag","embeddable":true,"href":"https:\/\/www.freeshopfrontiera.ch\/de\/wp-json\/wp\/v2\/product_tag?post=21158"}],"curies":[{"name":"wp","href":"https:\/\/api.w.org\/{rel}","templated":true}]}}