{"id":21196,"date":"2025-03-26T13:26:28","date_gmt":"2025-03-26T13:26:28","guid":{"rendered":"https:\/\/freeshopswiss.alesca.org\/shop\/ysl-mascara-volume-effet-faux-cils-01-noir-haute-densite\/"},"modified":"2025-04-03T15:03:24","modified_gmt":"2025-04-03T15:03:24","slug":"ysl-mascara-volume-effet-faux-cils-01-noir-haute-densite","status":"publish","type":"product","link":"https:\/\/www.freeshopfrontiera.ch\/de\/shop\/ysl-mascara-volume-effet-faux-cils-01-noir-haute-densite\/","title":{"rendered":"YSL Mascara Volume Effet Faux Cils &#8211; 01 Noir Haute Densite"},"content":{"rendered":"<p class=\"\" data-start=\"4453\" data-end=\"4855\">Der <strong data-start=\"4457\" data-end=\"4517\">YSL Mascara Volume Effet Faux Cils 01 Noir Haute Densit\u00e9<\/strong> ist die ikonische Wimperntusche von Yves Saint Laurent, die f\u00fcr ein intensives, dramatisches Volumen sorgt und den perfekten <strong data-start=\"4643\" data-end=\"4669\">Falsche-Wimpern-Effekt<\/strong> verleiht. Entwickelt f\u00fcr alle, die in nur einem Auftrag volle und spektakul\u00e4re Wimpern w\u00fcnschen, vereint diese Mascara Luxus und h\u00f6chste Leistung f\u00fcr einen sofort verzaubernden Blick.<\/p>\n<p class=\"\" data-start=\"4857\" data-end=\"5203\">Die cremige, ultra-pigmentierte Textur umh\u00fcllt jede einzelne Wimper von der Wurzel bis zur Spitze und sorgt f\u00fcr einen <strong data-start=\"4975\" data-end=\"4996\">False Lash Effect<\/strong>, ganz ohne Kl\u00fcmpchen. Der Farbton <strong data-start=\"5031\" data-end=\"5053\">Noir Haute Densit\u00e9<\/strong>, ein tiefes und intensives Schwarz, betont die Augen und verleiht ihnen eine unwiderstehliche Tiefe \u2013 perfekt f\u00fcr einen mutigen und eleganten Look.<\/p>\n<p class=\"\" data-start=\"5205\" data-end=\"5524\">Die Formel ist mit <strong data-start=\"5224\" data-end=\"5253\">pflegenden Inhaltsstoffen<\/strong> wie Argan\u00f6l und Provitamin B5 angereichert, die die Wimpern n\u00e4hren und st\u00e4rken, sodass sie den ganzen Tag \u00fcber geschmeidig bleiben. Dank der innovativen <strong data-start=\"5407\" data-end=\"5434\">wischfesten Technologie<\/strong> h\u00e4lt das Ergebnis den ganzen Tag \u00fcber, ohne zu verschmieren oder nachbessern zu m\u00fcssen.<\/p>\n<p class=\"\" data-start=\"5526\" data-end=\"5760\">Die dichte, ergonomisch geformte B\u00fcrste erfasst jede Wimper und verteilt das Produkt gleichm\u00e4\u00dfig, um sofortiges Volumen zu verleihen. Das Ergebnis ist ein <strong data-start=\"5681\" data-end=\"5757\">offener, intensiver Blick mit perfekt getrennten und volumin\u00f6sen Wimpern<\/strong>.<\/p>\n<p class=\"\" data-start=\"5762\" data-end=\"5948\">Perfekt f\u00fcr jede Gelegenheit ist der <strong data-start=\"5799\" data-end=\"5837\">YSL Mascara Volume Effet Faux Cils<\/strong> die ideale Wahl f\u00fcr alle, die einen verf\u00fchrerischen, eleganten Look mit einem professionellen Finish suchen.<\/p>\n<p data-start=\"1328\" data-end=\"1517\">Follow us! <a href=\"https:\/\/www.instagram.com\/freeshopswiss\/\" target=\"_blank\" rel=\"noopener\">@freeshopswiss<\/a><\/p>\n","protected":false},"excerpt":{"rendered":"<p>Der YSL Mascara Volume Effet Faux Cils 01 Noir Haute Densit\u00e9 ist die ikonische Wimperntusche von Yves Saint Laurent, die f\u00fcr ein intensives, dramatisches Volumen sorgt und den perfekten Falsche-Wimpern-Effekt verleiht. Entwickelt f\u00fcr alle, die in nur einem Auftrag volle und spektakul\u00e4re Wimpern w\u00fcnschen, vereint diese Mascara Luxus und h\u00f6chste Leistung f\u00fcr einen sofort verzaubernden [&hellip;]<\/p>\n","protected":false},"featured_media":21192,"comment_status":"open","ping_status":"closed","template":"","meta":[],"pwb-brand":[268],"product_brand":[],"product_cat":[111,537,567],"product_tag":[470,293,476],"class_list":{"0":"post-21196","1":"product","2":"type-product","3":"status-publish","4":"has-post-thumbnail","6":"pwb-brand-yves-saint-laurent","7":"product_cat-fur-sie-de","8":"product_cat-augen-make-up","9":"product_cat-make-up-de-2","10":"product_tag-augen-make-up","11":"product_tag-frau","12":"product_tag-make-up-de","14":"first","15":"instock","16":"sale","17":"taxable","18":"shipping-taxable","19":"purchasable","20":"product-type-simple"},"brands":[{"id":268,"name":"Yves Saint Laurent","slug":"yves-saint-laurent"}],"_links":{"self":[{"href":"https:\/\/www.freeshopfrontiera.ch\/de\/wp-json\/wp\/v2\/product\/21196","targetHints":{"allow":["GET"]}}],"collection":[{"href":"https:\/\/www.freeshopfrontiera.ch\/de\/wp-json\/wp\/v2\/product"}],"about":[{"href":"https:\/\/www.freeshopfrontiera.ch\/de\/wp-json\/wp\/v2\/types\/product"}],"replies":[{"embeddable":true,"href":"https:\/\/www.freeshopfrontiera.ch\/de\/wp-json\/wp\/v2\/comments?post=21196"}],"version-history":[{"count":1,"href":"https:\/\/www.freeshopfrontiera.ch\/de\/wp-json\/wp\/v2\/product\/21196\/revisions"}],"predecessor-version":[{"id":21202,"href":"https:\/\/www.freeshopfrontiera.ch\/de\/wp-json\/wp\/v2\/product\/21196\/revisions\/21202"}],"wp:featuredmedia":[{"embeddable":true,"href":"https:\/\/www.freeshopfrontiera.ch\/de\/wp-json\/wp\/v2\/media\/21192"}],"wp:attachment":[{"href":"https:\/\/www.freeshopfrontiera.ch\/de\/wp-json\/wp\/v2\/media?parent=21196"}],"wp:term":[{"taxonomy":"pwb-brand","embeddable":true,"href":"https:\/\/www.freeshopfrontiera.ch\/de\/wp-json\/wp\/v2\/pwb-brand?post=21196"},{"taxonomy":"product_brand","embeddable":true,"href":"https:\/\/www.freeshopfrontiera.ch\/de\/wp-json\/wp\/v2\/product_brand?post=21196"},{"taxonomy":"product_cat","embeddable":true,"href":"https:\/\/www.freeshopfrontiera.ch\/de\/wp-json\/wp\/v2\/product_cat?post=21196"},{"taxonomy":"product_tag","embeddable":true,"href":"https:\/\/www.freeshopfrontiera.ch\/de\/wp-json\/wp\/v2\/product_tag?post=21196"}],"curies":[{"name":"wp","href":"https:\/\/api.w.org\/{rel}","templated":true}]}}