{"id":21428,"date":"2025-03-28T10:52:20","date_gmt":"2025-03-28T10:52:20","guid":{"rendered":"https:\/\/freeshopswiss.alesca.org\/shop\/ysl-mascara-lash-clash-9ml-1-noir-black-waterproof\/"},"modified":"2025-03-28T11:02:00","modified_gmt":"2025-03-28T11:02:00","slug":"ysl-mascara-lash-clash-9ml-1-noir-black-waterproof","status":"publish","type":"product","link":"https:\/\/www.freeshopfrontiera.ch\/de\/shop\/ysl-mascara-lash-clash-9ml-1-noir-black-waterproof\/","title":{"rendered":"YSL Mascara Lash Clash 9ml &#8211; 1 Noir Black Waterproof"},"content":{"rendered":"<p class=\"\" data-start=\"1566\" data-end=\"2032\">Die<strong> YSL Lash Clash Mascara 9 ml in der Version 1<\/strong> Noir Black Waterproof ist das ideale Produkt f\u00fcr alle, die volle, intensive und gut definierte Wimpern w\u00fcnschen, auch bei Regen oder an langen Tagen. Ihre innovative, wasserfeste Formel sorgt f\u00fcr einen langanhaltenden Effekt ohne Verschmieren und h\u00e4lt das Make-up \u00fcber Stunden perfekt. Die intensive schwarze Farbe verleiht dem Blick Tiefe und betont jedes Detail der Wimpern f\u00fcr einen sinnlichen und makellosen Look.<\/p>\n<p class=\"\" data-start=\"2034\" data-end=\"2416\">Die Anwendung ist einfach und schnell dank des flexiblen Gummib\u00fcrstchens, das daf\u00fcr sorgt, dass jede Wimper, selbst die k\u00fcrzesten, getrennt und gek\u00e4mmt wird. Das Ergebnis ist ein au\u00dfergew\u00f6hnlicher Volumeneffekt, ohne Klumpen oder Beschwerung. Die cremige Konsistenz des Produkts erm\u00f6glicht es, den gew\u00fcnschten Look von nat\u00fcrlich bis dramatisch mit nur wenigen Schichten zu kreieren.<\/p>\n<p class=\"\" data-start=\"2418\" data-end=\"2776\">Die wasserfeste Formel der YSL Lash Clash Mascara 9 ml Noir Black wurde entwickelt, um selbst unter den schwierigsten Bedingungen wie Feuchtigkeit, Schwei\u00df oder Regen zu bestehen, wobei die Wimpern perfekt definiert bleiben, ohne Nachbesserungen. Ideal f\u00fcr aktive Lebensstile oder besondere Anl\u00e4sse, bei denen man ein makelloses Make-up m\u00f6chte, das den ganzen Tag h\u00e4lt.<\/p>\n<p class=\"\" data-start=\"2778\" data-end=\"3113\">Perfekt f\u00fcr alle Wimperntypen, eignet sich die YSL Lash Clash Mascara auch f\u00fcr Kontaktlinsentr\u00e4ger oder empfindliche Augen, dank ihrer sanften Formel. Die 9-ml-Verpackung ist praktisch und bequem, um sie immer dabei zu haben, f\u00fcr einen intensiven und volumin\u00f6sen Blick zu jeder Zeit. Mit YSL ist die Intensit\u00e4t Ihres Blicks garantiert.<\/p>\n<p data-start=\"1199\" data-end=\"1540\">Follow us! <a href=\"https:\/\/www.instagram.com\/freeshopswiss\/\" target=\"_blank\" rel=\"noopener\">@freeshopswiss<\/a><\/p>\n","protected":false},"excerpt":{"rendered":"<p>Die YSL Lash Clash Mascara 9 ml in der Version 1 Noir Black Waterproof ist das ideale Produkt f\u00fcr alle, die volle, intensive und gut definierte Wimpern w\u00fcnschen, auch bei Regen oder an langen Tagen. Ihre innovative, wasserfeste Formel sorgt f\u00fcr einen langanhaltenden Effekt ohne Verschmieren und h\u00e4lt das Make-up \u00fcber Stunden perfekt. Die intensive [&hellip;]<\/p>\n","protected":false},"featured_media":21420,"comment_status":"open","ping_status":"closed","template":"","meta":[],"pwb-brand":[268],"product_brand":[],"product_cat":[111,537,567],"product_tag":[470,293,476],"class_list":{"0":"post-21428","1":"product","2":"type-product","3":"status-publish","4":"has-post-thumbnail","6":"pwb-brand-yves-saint-laurent","7":"product_cat-fur-sie-de","8":"product_cat-augen-make-up","9":"product_cat-make-up-de-2","10":"product_tag-augen-make-up","11":"product_tag-frau","12":"product_tag-make-up-de","14":"first","15":"instock","16":"sale","17":"taxable","18":"shipping-taxable","19":"purchasable","20":"product-type-simple"},"brands":[{"id":268,"name":"Yves Saint Laurent","slug":"yves-saint-laurent"}],"_links":{"self":[{"href":"https:\/\/www.freeshopfrontiera.ch\/de\/wp-json\/wp\/v2\/product\/21428","targetHints":{"allow":["GET"]}}],"collection":[{"href":"https:\/\/www.freeshopfrontiera.ch\/de\/wp-json\/wp\/v2\/product"}],"about":[{"href":"https:\/\/www.freeshopfrontiera.ch\/de\/wp-json\/wp\/v2\/types\/product"}],"replies":[{"embeddable":true,"href":"https:\/\/www.freeshopfrontiera.ch\/de\/wp-json\/wp\/v2\/comments?post=21428"}],"version-history":[{"count":4,"href":"https:\/\/www.freeshopfrontiera.ch\/de\/wp-json\/wp\/v2\/product\/21428\/revisions"}],"predecessor-version":[{"id":21437,"href":"https:\/\/www.freeshopfrontiera.ch\/de\/wp-json\/wp\/v2\/product\/21428\/revisions\/21437"}],"wp:featuredmedia":[{"embeddable":true,"href":"https:\/\/www.freeshopfrontiera.ch\/de\/wp-json\/wp\/v2\/media\/21420"}],"wp:attachment":[{"href":"https:\/\/www.freeshopfrontiera.ch\/de\/wp-json\/wp\/v2\/media?parent=21428"}],"wp:term":[{"taxonomy":"pwb-brand","embeddable":true,"href":"https:\/\/www.freeshopfrontiera.ch\/de\/wp-json\/wp\/v2\/pwb-brand?post=21428"},{"taxonomy":"product_brand","embeddable":true,"href":"https:\/\/www.freeshopfrontiera.ch\/de\/wp-json\/wp\/v2\/product_brand?post=21428"},{"taxonomy":"product_cat","embeddable":true,"href":"https:\/\/www.freeshopfrontiera.ch\/de\/wp-json\/wp\/v2\/product_cat?post=21428"},{"taxonomy":"product_tag","embeddable":true,"href":"https:\/\/www.freeshopfrontiera.ch\/de\/wp-json\/wp\/v2\/product_tag?post=21428"}],"curies":[{"name":"wp","href":"https:\/\/api.w.org\/{rel}","templated":true}]}}