{"id":21454,"date":"2025-03-28T11:23:43","date_gmt":"2025-03-28T11:23:43","guid":{"rendered":"https:\/\/freeshopswiss.alesca.org\/shop\/lancome-mascara-hypnose-labsolu-de-noir-volume-ultra-noir-extra-black\/"},"modified":"2025-03-28T11:31:20","modified_gmt":"2025-03-28T11:31:20","slug":"lancome-mascara-hypnose-labsolu-de-noir-volume-ultra-noir-extra-black","status":"publish","type":"product","link":"https:\/\/www.freeshopfrontiera.ch\/de\/shop\/lancome-mascara-hypnose-labsolu-de-noir-volume-ultra-noir-extra-black\/","title":{"rendered":"LANCOME Mascara Hypnose L&#8217;Absolu De Noir"},"content":{"rendered":"<p class=\"\" data-start=\"1523\" data-end=\"2005\">Die <strong>Lanc\u00f4me Hypn\u00f4se L\u2019Absolu de Noir \u2013 Volume Ultra Noir Extra Black 02 Mascara<\/strong> ist die perfekte Wahl f\u00fcr alle, die einen intensiven Blick mit au\u00dfergew\u00f6hnlichem Volumen w\u00fcnschen. Ihre innovative Formel, angereichert mit einer Kombination hochwertiger Inhaltsstoffe, bietet ein extra intensives, ultra-pigmentiertes Schwarz, das jede Wimper betont. Die cremige, seidige Textur l\u00e4sst sich leicht auftragen und verleiht extremen Volumen, ohne zu klumpen oder die Wimpern zu beschweren.<\/p>\n<p class=\"\" data-start=\"2007\" data-end=\"2371\">Dank ihrer speziellen Formel sorgt die Lanc\u00f4me Hypn\u00f4se L\u2019Absolu de Noir Mascara f\u00fcr langanhaltenden Halt und h\u00e4lt die Wimpern den ganzen Tag \u00fcber perfekt, ohne zu verschmieren oder abzubl\u00e4ttern. Das B\u00fcrstchen, das f\u00fcr eine gleichm\u00e4\u00dfige Verteilung des Produkts sorgt, trennt und definiert jede Wimper und schafft so einen nat\u00fcrlich volumin\u00f6sen und definierten Look.<\/p>\n<p class=\"\" data-start=\"2373\" data-end=\"2800\">Perfekt f\u00fcr alle, die ein dramatisches Ergebnis und tiefe Intensit\u00e4t suchen, verleiht diese Mascara schon mit der ersten Schicht einen \u201eextremen Volumen\u201c-Effekt, w\u00e4hrend ihre cremige Konsistenz es erm\u00f6glicht, mehrere Schichten f\u00fcr einen noch auff\u00e4lligeren Effekt aufzutragen. Nicht nur die ultra-schwarze Farbe verst\u00e4rkt jeden Blick, sondern ihre sanfte Formel ist auch f\u00fcr empfindliche Augen oder Kontaktlinsentr\u00e4ger geeignet.<\/p>\n<p class=\"\" data-start=\"2802\" data-end=\"3210\">Ideal f\u00fcr jede Gelegenheit, vom allt\u00e4glichen Look bis hin zu eleganteren Styles f\u00fcr besondere Anl\u00e4sse, ist die Lanc\u00f4me Hypn\u00f4se L\u2019Absolu de Noir \u2013 Volume Ultra Noir Extra Black 02 Mascara das Geheimnis f\u00fcr perfekte, volumin\u00f6se und intensiv schwarze Wimpern. Die elegante und praktische 02-ml-Verpackung ist ideal, um sie \u00fcberall hin mitzunehmen und jederzeit einen kraftvollen und magnetischen Blick zu haben.<\/p>\n<p data-start=\"1236\" data-end=\"1628\">Follow us! <a href=\"https:\/\/www.instagram.com\/freeshopswiss\/\" target=\"_blank\" rel=\"noopener\">@freeshopswiss<\/a><\/p>\n","protected":false},"excerpt":{"rendered":"<p>Die Lanc\u00f4me Hypn\u00f4se L\u2019Absolu de Noir \u2013 Volume Ultra Noir Extra Black 02 Mascara ist die perfekte Wahl f\u00fcr alle, die einen intensiven Blick mit au\u00dfergew\u00f6hnlichem Volumen w\u00fcnschen. Ihre innovative Formel, angereichert mit einer Kombination hochwertiger Inhaltsstoffe, bietet ein extra intensives, ultra-pigmentiertes Schwarz, das jede Wimper betont. Die cremige, seidige Textur l\u00e4sst sich leicht auftragen [&hellip;]<\/p>\n","protected":false},"featured_media":21445,"comment_status":"open","ping_status":"closed","template":"","meta":[],"pwb-brand":[262],"product_brand":[],"product_cat":[111,537,567],"product_tag":[470,293,476],"class_list":{"0":"post-21454","1":"product","2":"type-product","3":"status-publish","4":"has-post-thumbnail","6":"pwb-brand-lancome","7":"product_cat-fur-sie-de","8":"product_cat-augen-make-up","9":"product_cat-make-up-de-2","10":"product_tag-augen-make-up","11":"product_tag-frau","12":"product_tag-make-up-de","14":"first","15":"instock","16":"sale","17":"taxable","18":"shipping-taxable","19":"purchasable","20":"product-type-simple"},"brands":[{"id":262,"name":"Lanc\u00f4me","slug":"lancome"}],"_links":{"self":[{"href":"https:\/\/www.freeshopfrontiera.ch\/de\/wp-json\/wp\/v2\/product\/21454","targetHints":{"allow":["GET"]}}],"collection":[{"href":"https:\/\/www.freeshopfrontiera.ch\/de\/wp-json\/wp\/v2\/product"}],"about":[{"href":"https:\/\/www.freeshopfrontiera.ch\/de\/wp-json\/wp\/v2\/types\/product"}],"replies":[{"embeddable":true,"href":"https:\/\/www.freeshopfrontiera.ch\/de\/wp-json\/wp\/v2\/comments?post=21454"}],"version-history":[{"count":2,"href":"https:\/\/www.freeshopfrontiera.ch\/de\/wp-json\/wp\/v2\/product\/21454\/revisions"}],"predecessor-version":[{"id":21462,"href":"https:\/\/www.freeshopfrontiera.ch\/de\/wp-json\/wp\/v2\/product\/21454\/revisions\/21462"}],"wp:featuredmedia":[{"embeddable":true,"href":"https:\/\/www.freeshopfrontiera.ch\/de\/wp-json\/wp\/v2\/media\/21445"}],"wp:attachment":[{"href":"https:\/\/www.freeshopfrontiera.ch\/de\/wp-json\/wp\/v2\/media?parent=21454"}],"wp:term":[{"taxonomy":"pwb-brand","embeddable":true,"href":"https:\/\/www.freeshopfrontiera.ch\/de\/wp-json\/wp\/v2\/pwb-brand?post=21454"},{"taxonomy":"product_brand","embeddable":true,"href":"https:\/\/www.freeshopfrontiera.ch\/de\/wp-json\/wp\/v2\/product_brand?post=21454"},{"taxonomy":"product_cat","embeddable":true,"href":"https:\/\/www.freeshopfrontiera.ch\/de\/wp-json\/wp\/v2\/product_cat?post=21454"},{"taxonomy":"product_tag","embeddable":true,"href":"https:\/\/www.freeshopfrontiera.ch\/de\/wp-json\/wp\/v2\/product_tag?post=21454"}],"curies":[{"name":"wp","href":"https:\/\/api.w.org\/{rel}","templated":true}]}}