{"id":21487,"date":"2025-03-28T12:41:40","date_gmt":"2025-03-28T12:41:40","guid":{"rendered":"https:\/\/freeshopswiss.alesca.org\/shop\/pupa-foundation-brush\/"},"modified":"2025-03-28T12:48:34","modified_gmt":"2025-03-28T12:48:34","slug":"pupa-foundation-brush","status":"publish","type":"product","link":"https:\/\/www.freeshopfrontiera.ch\/de\/shop\/pupa-foundation-brush\/","title":{"rendered":"PUPA Foundation Brush"},"content":{"rendered":"<article class=\"w-full text-token-text-primary\" dir=\"auto\" data-testid=\"conversation-turn-16\" data-scroll-anchor=\"true\">\n<div class=\"text-base my-auto mx-auto py-5 px-6\">\n<div class=\"mx-auto flex flex-1 text-base gap-4 md:gap-5 lg:gap-6 md:max-w-3xl group\/turn-messages focus-visible:outline-none\" tabindex=\"-1\">\n<div class=\"group\/conversation-turn relative flex w-full min-w-0 flex-col agent-turn @xs\/thread:px-0 @sm\/thread:px-1.5 @md\/thread:px-4\">\n<div class=\"relative flex-col gap-1 md:gap-3\">\n<div class=\"flex max-w-full flex-col flex-grow\">\n<div class=\"min-h-8 text-message relative flex w-full flex-col items-end gap-2 whitespace-normal break-words text-start [.text-message+&amp;]:mt-5\" dir=\"auto\" data-message-author-role=\"assistant\" data-message-id=\"24581751-d9b9-48b0-a7e6-984c661d525b\" data-message-model-slug=\"gpt-4o\">\n<div class=\"flex w-full flex-col gap-1 empty:hidden first:pt-[3px]\">\n<div class=\"markdown prose w-full break-words dark:prose-invert light\">\n<p class=\"\" data-start=\"1446\" data-end=\"1979\">Die <strong data-start=\"1450\" data-end=\"1475\">PUPA Foundation Brush<\/strong> ist das ideale Werkzeug f\u00fcr eine makellose Foundation-Anwendung und sorgt f\u00fcr ein gleichm\u00e4\u00dfiges, nat\u00fcrliches und professionelles Finish. Hergestellt aus hochwertigen synthetischen Borsten, verteilt sie das Produkt gleichm\u00e4\u00dfig, ohne Streifen zu hinterlassen, und verleiht einen glatten und strahlenden Teint. Ihre pr\u00e4zise entworfene Form erm\u00f6glicht den einfachen Zugang zu allen Gesichtsbereichen, einschlie\u00dflich schwieriger Stellen wie der Augenpartie und den Nasenseiten, f\u00fcr eine perfekte Abdeckung.<\/p>\n<p class=\"\" data-start=\"1981\" data-end=\"2348\">Ideal f\u00fcr fl\u00fcssige und cremige Foundations, erm\u00f6glicht die <strong data-start=\"2040\" data-end=\"2065\">PUPA Foundation Brush<\/strong> eine anpassbare Deckkraft je nach Bedarf \u2013 von einem leichten, nat\u00fcrlichen Look bis hin zu einem intensiveren, raffinierten Finish. Die weichen und flexiblen Borsten gleiten sanft \u00fcber die Haut, ohne Irritationen zu verursachen, und sind somit auch f\u00fcr empfindliche Haut geeignet.<\/p>\n<p class=\"\" data-start=\"2350\" data-end=\"2714\">Das ergonomische Design des Griffs sorgt f\u00fcr einen bequemen Halt und perfekte Kontrolle w\u00e4hrend der Anwendung, wodurch das Produkt m\u00fchelos verblendet werden kann und ein makelloses Ergebnis erzielt wird. Dank ihrer langlebigen und widerstandsf\u00e4higen Struktur ist sie ein unverzichtbares Accessoire f\u00fcr alle, die ein gepflegtes und professionelles Make-up lieben.<\/p>\n<p class=\"\" data-start=\"2716\" data-end=\"3080\">Einfach zu reinigen und so konzipiert, dass sie ihre Leistung \u00fcber die Zeit hinweg beibeh\u00e4lt, ist die <strong data-start=\"2818\" data-end=\"2843\">PUPA Foundation Brush<\/strong> das perfekte Werkzeug f\u00fcr einen ebenm\u00e4\u00dfigen, strahlenden und makellosen Teint \u2013 sei es f\u00fcr das t\u00e4gliche Make-up oder einen aufwendigeren Look. Ein unverzichtbarer Helfer f\u00fcr alle, die mit minimalem Aufwand eine perfekte Haut w\u00fcnschen.<\/p>\n<p data-start=\"1272\" data-end=\"1542\">\n<\/div>\n<p data-start=\"1106\" data-end=\"1318\">Follow us! <a href=\"https:\/\/www.instagram.com\/freeshopswiss\/\" target=\"_blank\" rel=\"noopener\">@freeshopswiss<\/a><\/p>\n<\/div>\n<\/div>\n<\/div>\n<\/div>\n<\/div>\n<\/div>\n<\/div>\n<\/article>\n","protected":false},"excerpt":{"rendered":"<p>Die PUPA Foundation Brush ist das ideale Werkzeug f\u00fcr eine makellose Foundation-Anwendung und sorgt f\u00fcr ein gleichm\u00e4\u00dfiges, nat\u00fcrliches und professionelles Finish. Hergestellt aus hochwertigen synthetischen Borsten, verteilt sie das Produkt gleichm\u00e4\u00dfig, ohne Streifen zu hinterlassen, und verleiht einen glatten und strahlenden Teint. Ihre pr\u00e4zise entworfene Form erm\u00f6glicht den einfachen Zugang zu allen Gesichtsbereichen, einschlie\u00dflich schwieriger [&hellip;]<\/p>\n","protected":false},"featured_media":21483,"comment_status":"open","ping_status":"closed","template":"","meta":[],"pwb-brand":[581],"product_brand":[],"product_cat":[111,567],"product_tag":[293,473,476,468],"class_list":{"0":"post-21487","1":"product","2":"type-product","3":"status-publish","4":"has-post-thumbnail","6":"pwb-brand-pupa","7":"product_cat-fur-sie-de","8":"product_cat-make-up-de-2","9":"product_tag-frau","10":"product_tag-gesichts-make-up","11":"product_tag-make-up-de","12":"product_tag-make-up-zubehor","14":"first","15":"outofstock","16":"sale","17":"taxable","18":"shipping-taxable","19":"purchasable","20":"product-type-simple"},"brands":[{"id":581,"name":"Pupa","slug":"pupa"}],"_links":{"self":[{"href":"https:\/\/www.freeshopfrontiera.ch\/de\/wp-json\/wp\/v2\/product\/21487","targetHints":{"allow":["GET"]}}],"collection":[{"href":"https:\/\/www.freeshopfrontiera.ch\/de\/wp-json\/wp\/v2\/product"}],"about":[{"href":"https:\/\/www.freeshopfrontiera.ch\/de\/wp-json\/wp\/v2\/types\/product"}],"replies":[{"embeddable":true,"href":"https:\/\/www.freeshopfrontiera.ch\/de\/wp-json\/wp\/v2\/comments?post=21487"}],"version-history":[{"count":1,"href":"https:\/\/www.freeshopfrontiera.ch\/de\/wp-json\/wp\/v2\/product\/21487\/revisions"}],"predecessor-version":[{"id":21491,"href":"https:\/\/www.freeshopfrontiera.ch\/de\/wp-json\/wp\/v2\/product\/21487\/revisions\/21491"}],"wp:featuredmedia":[{"embeddable":true,"href":"https:\/\/www.freeshopfrontiera.ch\/de\/wp-json\/wp\/v2\/media\/21483"}],"wp:attachment":[{"href":"https:\/\/www.freeshopfrontiera.ch\/de\/wp-json\/wp\/v2\/media?parent=21487"}],"wp:term":[{"taxonomy":"pwb-brand","embeddable":true,"href":"https:\/\/www.freeshopfrontiera.ch\/de\/wp-json\/wp\/v2\/pwb-brand?post=21487"},{"taxonomy":"product_brand","embeddable":true,"href":"https:\/\/www.freeshopfrontiera.ch\/de\/wp-json\/wp\/v2\/product_brand?post=21487"},{"taxonomy":"product_cat","embeddable":true,"href":"https:\/\/www.freeshopfrontiera.ch\/de\/wp-json\/wp\/v2\/product_cat?post=21487"},{"taxonomy":"product_tag","embeddable":true,"href":"https:\/\/www.freeshopfrontiera.ch\/de\/wp-json\/wp\/v2\/product_tag?post=21487"}],"curies":[{"name":"wp","href":"https:\/\/api.w.org\/{rel}","templated":true}]}}