{"id":21503,"date":"2025-03-28T13:35:41","date_gmt":"2025-03-28T13:35:41","guid":{"rendered":"https:\/\/freeshopswiss.alesca.org\/shop\/pupa-eyeliner-eyebrow-brush\/"},"modified":"2025-03-28T13:43:29","modified_gmt":"2025-03-28T13:43:29","slug":"pupa-eyeliner-eyebrow-brush","status":"publish","type":"product","link":"https:\/\/www.freeshopfrontiera.ch\/de\/shop\/pupa-eyeliner-eyebrow-brush\/","title":{"rendered":"PUPA Eyeliner &#038; Eyebrow Brush"},"content":{"rendered":"<article class=\"w-full text-token-text-primary\" dir=\"auto\" data-testid=\"conversation-turn-28\" data-scroll-anchor=\"true\">\n<div class=\"text-base my-auto mx-auto py-5 px-6\">\n<div class=\"mx-auto flex flex-1 text-base gap-4 md:gap-5 lg:gap-6 md:max-w-3xl group\/turn-messages focus-visible:outline-none\" tabindex=\"-1\">\n<div class=\"group\/conversation-turn relative flex w-full min-w-0 flex-col agent-turn @xs\/thread:px-0 @sm\/thread:px-1.5 @md\/thread:px-4\">\n<div class=\"relative flex-col gap-1 md:gap-3\">\n<div class=\"flex max-w-full flex-col flex-grow\">\n<div class=\"min-h-8 text-message relative flex w-full flex-col items-end gap-2 whitespace-normal break-words text-start [.text-message+&amp;]:mt-5\" dir=\"auto\" data-message-author-role=\"assistant\" data-message-id=\"768bdf19-af14-449d-ac8e-e582e6e29fd2\" data-message-model-slug=\"gpt-4o\">\n<div class=\"flex w-full flex-col gap-1 empty:hidden first:pt-[3px]\">\n<div class=\"markdown prose w-full break-words dark:prose-invert light\">\n<p class=\"\" data-start=\"1680\" data-end=\"2099\">Der <strong data-start=\"1684\" data-end=\"1717\">PUPA Eyeliner &amp; Eyebrow Brush<\/strong> ist das perfekte Werkzeug, um den Blick mit Pr\u00e4zision und Vielseitigkeit zu definieren, dank seiner Doppelfunktion f\u00fcr Eyeliner und Augenbrauen. Hergestellt aus hochwertigen synthetischen Borsten, sorgt er f\u00fcr eine makellose und anpassbare Anwendung, sodass sowohl feine, nat\u00fcrliche Linien als auch intensivere, grafische Striche m\u00f6glich sind \u2013 ideal f\u00fcr jedes Make-up-Bed\u00fcrfnis.<\/p>\n<p class=\"\" data-start=\"2101\" data-end=\"2464\">Seine abgeschr\u00e4gte Form wurde speziell entwickelt, um die Augenform optimal nachzuzeichnen und das Auftragen von Gel-, Creme- oder Puder-Eyeliner mit h\u00f6chster Pr\u00e4zision und ohne Verwischen zu erleichtern. Durch sein Design erm\u00f6glicht er m\u00fchelos scharfe Linien entlang des Wimpernkranzes und betont die Tiefe des Blicks f\u00fcr einen intensiven, magnetischen Effekt.<\/p>\n<p class=\"\" data-start=\"2466\" data-end=\"2838\">Gleichzeitig eignet sich dieser Pinsel ideal zum Definieren und Auff\u00fcllen der Augenbrauen mit pr\u00e4zisen und kontrollierten Strichen, um entweder einen nat\u00fcrlichen oder einen markanteren Look zu erzielen. Die kompakten, aber flexiblen Borsten gew\u00e4hrleisten eine gleichm\u00e4\u00dfige Produktverteilung, ohne \u00fcbersch\u00fcssiges Material, f\u00fcr perfekt geformte und definierte Augenbrauen.<\/p>\n<p class=\"\" data-start=\"2840\" data-end=\"3260\">Der ergonomische Griff wurde f\u00fcr eine stabile und komfortable Handhabung konzipiert, sodass das Produkt sanft und pr\u00e4zise aufgetragen werden kann \u2013 auch f\u00fcr diejenigen, die keine Make-up-Experten sind. Perfekt f\u00fcr alle, die einen professionell definierten Augen-Look w\u00fcnschen, ist der <strong data-start=\"3125\" data-end=\"3158\">PUPA Eyeliner &amp; Eyebrow Brush<\/strong> ein Must-have in jeder Beauty-Kollektion, sowohl f\u00fcr Make-up-Artists als auch f\u00fcr Beauty-Liebhaber.<\/p>\n<p class=\"\" data-start=\"3262\" data-end=\"3484\">Einfach zu reinigen und f\u00fcr eine lange Lebensdauer ausgelegt, ist dieser Pinsel das ideale Werkzeug, um mit nur wenigen Handgriffen perfekten Eyeliner und makellose Augenbrauen zu erzielen \u2013 f\u00fcr Ergebnisse wie vom Profi.<\/p>\n<\/div>\n<\/div>\n<\/div>\n<\/div>\n<div class=\"flex justify-start\"><\/div>\n<div class=\"mt-3 w-full empty:hidden\">\n<div class=\"text-center\"><\/div>\n<\/div>\n<\/div>\n<div class=\"absolute\">\n<div class=\"flex items-center justify-center\"><\/div>\n<\/div>\n<\/div>\n<\/div>\n<\/div>\n<\/article>\n<div class=\"pointer-events-none h-px w-px\" aria-hidden=\"true\" data-edge=\"true\">Follow us! <a href=\"https:\/\/www.instagram.com\/freeshopswiss\/\" target=\"_blank\" rel=\"noopener\">@freeshopswiss<\/a><\/div>\n","protected":false},"excerpt":{"rendered":"<p>Der PUPA Eyeliner &amp; Eyebrow Brush ist das perfekte Werkzeug, um den Blick mit Pr\u00e4zision und Vielseitigkeit zu definieren, dank seiner Doppelfunktion f\u00fcr Eyeliner und Augenbrauen. Hergestellt aus hochwertigen synthetischen Borsten, sorgt er f\u00fcr eine makellose und anpassbare Anwendung, sodass sowohl feine, nat\u00fcrliche Linien als auch intensivere, grafische Striche m\u00f6glich sind \u2013 ideal f\u00fcr jedes [&hellip;]<\/p>\n","protected":false},"featured_media":21499,"comment_status":"open","ping_status":"closed","template":"","meta":[],"pwb-brand":[581],"product_brand":[],"product_cat":[537,567],"product_tag":[470,293,476,468],"class_list":{"0":"post-21503","1":"product","2":"type-product","3":"status-publish","4":"has-post-thumbnail","6":"pwb-brand-pupa","7":"product_cat-augen-make-up","8":"product_cat-make-up-de-2","9":"product_tag-augen-make-up","10":"product_tag-frau","11":"product_tag-make-up-de","12":"product_tag-make-up-zubehor","14":"first","15":"outofstock","16":"sale","17":"taxable","18":"shipping-taxable","19":"purchasable","20":"product-type-simple"},"brands":[{"id":581,"name":"Pupa","slug":"pupa"}],"_links":{"self":[{"href":"https:\/\/www.freeshopfrontiera.ch\/de\/wp-json\/wp\/v2\/product\/21503","targetHints":{"allow":["GET"]}}],"collection":[{"href":"https:\/\/www.freeshopfrontiera.ch\/de\/wp-json\/wp\/v2\/product"}],"about":[{"href":"https:\/\/www.freeshopfrontiera.ch\/de\/wp-json\/wp\/v2\/types\/product"}],"replies":[{"embeddable":true,"href":"https:\/\/www.freeshopfrontiera.ch\/de\/wp-json\/wp\/v2\/comments?post=21503"}],"version-history":[{"count":1,"href":"https:\/\/www.freeshopfrontiera.ch\/de\/wp-json\/wp\/v2\/product\/21503\/revisions"}],"predecessor-version":[{"id":21507,"href":"https:\/\/www.freeshopfrontiera.ch\/de\/wp-json\/wp\/v2\/product\/21503\/revisions\/21507"}],"wp:featuredmedia":[{"embeddable":true,"href":"https:\/\/www.freeshopfrontiera.ch\/de\/wp-json\/wp\/v2\/media\/21499"}],"wp:attachment":[{"href":"https:\/\/www.freeshopfrontiera.ch\/de\/wp-json\/wp\/v2\/media?parent=21503"}],"wp:term":[{"taxonomy":"pwb-brand","embeddable":true,"href":"https:\/\/www.freeshopfrontiera.ch\/de\/wp-json\/wp\/v2\/pwb-brand?post=21503"},{"taxonomy":"product_brand","embeddable":true,"href":"https:\/\/www.freeshopfrontiera.ch\/de\/wp-json\/wp\/v2\/product_brand?post=21503"},{"taxonomy":"product_cat","embeddable":true,"href":"https:\/\/www.freeshopfrontiera.ch\/de\/wp-json\/wp\/v2\/product_cat?post=21503"},{"taxonomy":"product_tag","embeddable":true,"href":"https:\/\/www.freeshopfrontiera.ch\/de\/wp-json\/wp\/v2\/product_tag?post=21503"}],"curies":[{"name":"wp","href":"https:\/\/api.w.org\/{rel}","templated":true}]}}