{"id":21549,"date":"2025-03-28T14:37:48","date_gmt":"2025-03-28T14:37:48","guid":{"rendered":"https:\/\/freeshopswiss.alesca.org\/shop\/shiseido-men-total-revitalizer-light-fluid-70ml\/"},"modified":"2025-03-28T14:44:41","modified_gmt":"2025-03-28T14:44:41","slug":"shiseido-men-total-revitalizer-light-fluid-70ml","status":"publish","type":"product","link":"https:\/\/www.freeshopfrontiera.ch\/de\/shop\/shiseido-men-total-revitalizer-light-fluid-70ml\/","title":{"rendered":"SHISEIDO Men Total Revitalizer Light Fluid 70ml"},"content":{"rendered":"<p class=\"\" data-start=\"1584\" data-end=\"2109\">Der <strong data-start=\"1588\" data-end=\"1634\">SHISEIDO Men Total Revitalizer Light Fluid<\/strong> ist eine innovative Gesichtsbehandlung, die speziell auf die Bed\u00fcrfnisse der M\u00e4nnerhaut abgestimmt ist. Mit seiner leichten, nicht fettenden Formel bietet der Fluid eine intensive Feuchtigkeitspflege, regeneriert die Haut und verleiht ihr ein frisches, strahlendes und gesundes Aussehen. Dank der fortschrittlichen Technologie von SHISEIDO stimuliert dieses Fluid die Haut und bek\u00e4mpft sichtbar Anzeichen von M\u00fcdigkeit, sodass ein jugendlicher und straffer Teint entsteht.<\/p>\n<p class=\"\" data-start=\"2111\" data-end=\"2584\">Die fl\u00fcssige Textur zieht schnell in die Haut ein, ohne fettige R\u00fcckst\u00e4nde zu hinterlassen, und ist somit auch f\u00fcr fettige oder Mischhaut bestens geeignet. Bereits nach der ersten Anwendung f\u00fchlt sich die Haut sofort gut mit Feuchtigkeit versorgt, sichtbar straffer und tonisiert an. Bei regelm\u00e4\u00dfiger Anwendung verbessert der <strong data-start=\"2437\" data-end=\"2483\">SHISEIDO Men Total Revitalizer Light Fluid<\/strong> die Vitalit\u00e4t der Haut und liefert einen regenerierenden Effekt, der Energie und Frische verleiht.<\/p>\n<p class=\"\" data-start=\"2586\" data-end=\"2936\">Angereichert mit aktiven Inhaltsstoffen, die die nat\u00fcrliche Hautbarriere st\u00e4rken, hilft dieses Fluid, den Feuchtigkeitsgehalt der Haut den ganzen Tag \u00fcber zu erhalten und sie vor \u00e4u\u00dferen Stressfaktoren wie Umweltverschmutzung zu sch\u00fctzen. Es tr\u00e4gt auch dazu bei, die nat\u00fcrliche Widerstandskraft der Haut gegen sch\u00e4dliche Umwelteinfl\u00fcsse zu st\u00e4rken.<\/p>\n<p class=\"\" data-start=\"2938\" data-end=\"3220\">Dieser Fluid ist ideal f\u00fcr den modernen Mann, der eine schnelle und effektive L\u00f6sung sucht, um die Gesundheit seiner Haut zu verbessern. Er l\u00e4sst sich perfekt in jede t\u00e4gliche Hautpflege-Routine integrieren und sorgt f\u00fcr einen frischen, erneuerten und vitalen Teint \u2013 Tag f\u00fcr Tag.<\/p>\n<p data-start=\"1210\" data-end=\"1471\">Follow us! <a href=\"https:\/\/www.instagram.com\/freeshopswiss\/\" target=\"_blank\" rel=\"noopener\">@freeshopswiss<\/a><\/p>\n","protected":false},"excerpt":{"rendered":"<p>Der SHISEIDO Men Total Revitalizer Light Fluid ist eine innovative Gesichtsbehandlung, die speziell auf die Bed\u00fcrfnisse der M\u00e4nnerhaut abgestimmt ist. Mit seiner leichten, nicht fettenden Formel bietet der Fluid eine intensive Feuchtigkeitspflege, regeneriert die Haut und verleiht ihr ein frisches, strahlendes und gesundes Aussehen. Dank der fortschrittlichen Technologie von SHISEIDO stimuliert dieses Fluid die Haut [&hellip;]<\/p>\n","protected":false},"featured_media":21544,"comment_status":"open","ping_status":"closed","template":"","meta":[],"pwb-brand":[312],"product_brand":[],"product_cat":[292,86,546],"product_tag":[419,300,592,953],"class_list":{"0":"post-21549","1":"product","2":"type-product","3":"status-publish","4":"has-post-thumbnail","6":"pwb-brand-shiseido","7":"product_cat-behandlungen","8":"product_cat-fur-ihn-de","9":"product_cat-gesichtsbehandlung","10":"product_tag-behandlungen-de","11":"product_tag-gesichtsbehandlungen","12":"product_tag-trattamenti-viso-uomo-de","13":"product_tag-uomo-de","15":"first","16":"instock","17":"sale","18":"taxable","19":"shipping-taxable","20":"purchasable","21":"product-type-simple"},"brands":[{"id":312,"name":"Shiseido","slug":"shiseido"}],"_links":{"self":[{"href":"https:\/\/www.freeshopfrontiera.ch\/de\/wp-json\/wp\/v2\/product\/21549","targetHints":{"allow":["GET"]}}],"collection":[{"href":"https:\/\/www.freeshopfrontiera.ch\/de\/wp-json\/wp\/v2\/product"}],"about":[{"href":"https:\/\/www.freeshopfrontiera.ch\/de\/wp-json\/wp\/v2\/types\/product"}],"replies":[{"embeddable":true,"href":"https:\/\/www.freeshopfrontiera.ch\/de\/wp-json\/wp\/v2\/comments?post=21549"}],"version-history":[{"count":1,"href":"https:\/\/www.freeshopfrontiera.ch\/de\/wp-json\/wp\/v2\/product\/21549\/revisions"}],"predecessor-version":[{"id":21552,"href":"https:\/\/www.freeshopfrontiera.ch\/de\/wp-json\/wp\/v2\/product\/21549\/revisions\/21552"}],"wp:featuredmedia":[{"embeddable":true,"href":"https:\/\/www.freeshopfrontiera.ch\/de\/wp-json\/wp\/v2\/media\/21544"}],"wp:attachment":[{"href":"https:\/\/www.freeshopfrontiera.ch\/de\/wp-json\/wp\/v2\/media?parent=21549"}],"wp:term":[{"taxonomy":"pwb-brand","embeddable":true,"href":"https:\/\/www.freeshopfrontiera.ch\/de\/wp-json\/wp\/v2\/pwb-brand?post=21549"},{"taxonomy":"product_brand","embeddable":true,"href":"https:\/\/www.freeshopfrontiera.ch\/de\/wp-json\/wp\/v2\/product_brand?post=21549"},{"taxonomy":"product_cat","embeddable":true,"href":"https:\/\/www.freeshopfrontiera.ch\/de\/wp-json\/wp\/v2\/product_cat?post=21549"},{"taxonomy":"product_tag","embeddable":true,"href":"https:\/\/www.freeshopfrontiera.ch\/de\/wp-json\/wp\/v2\/product_tag?post=21549"}],"curies":[{"name":"wp","href":"https:\/\/api.w.org\/{rel}","templated":true}]}}