{"id":21661,"date":"2025-03-31T07:31:33","date_gmt":"2025-03-31T07:31:33","guid":{"rendered":"https:\/\/freeshopswiss.alesca.org\/shop\/bulgari-set-omnia-crystalline\/"},"modified":"2025-03-31T07:36:57","modified_gmt":"2025-03-31T07:36:57","slug":"bulgari-set-omnia-crystalline","status":"publish","type":"product","link":"https:\/\/www.freeshopfrontiera.ch\/de\/shop\/bulgari-set-omnia-crystalline\/","title":{"rendered":"BULGARI SET Omnia Crystalline"},"content":{"rendered":"<p class=\"\" data-start=\"1892\" data-end=\"2208\">Entdecken Sie die zeitlose Eleganz des <strong data-start=\"1931\" data-end=\"1964\">Bulgari Set Omnia Crystalline<\/strong>, ein exklusives Geschenkset, das Reinheit und Raffinesse mit einem strahlenden und edlen Duft feiert. Dieses Set enth\u00e4lt ein <strong data-start=\"2090\" data-end=\"2116\">100 ml Eau de Toilette<\/strong> sowie eine <strong data-start=\"2128\" data-end=\"2146\">15 ml Miniatur<\/strong>, perfekt f\u00fcr eine erfrischende Duftnote zu jeder Tageszeit.<\/p>\n<p class=\"\" data-start=\"2210\" data-end=\"2914\">Inspiriert von der Brillanz und Transparenz eines Kristalls ist <strong data-start=\"2274\" data-end=\"2295\">Omnia Crystalline<\/strong> ein zarter, aber dennoch einh\u00fcllender Duft, der f\u00fcr eine anspruchsvolle Frau geschaffen wurde, die ihre Sch\u00f6nheit mit Stil und Eleganz unterstreichen m\u00f6chte. Die Kopfnote er\u00f6ffnet mit <strong data-start=\"2480\" data-end=\"2543\">frischen und fruchtigen Akzenten von Bambus und Nashi-Birne<\/strong>, die ein Gef\u00fchl von Leichtigkeit und Reinheit vermitteln. Im Herzen sorgt die <strong data-start=\"2622\" data-end=\"2636\">Lotusbl\u00fcte<\/strong> mit ihren aquatischen und leuchtenden Nuancen f\u00fcr eine raffinierte florale Note, die die Frische des Duftes hervorhebt. Die Basisnote aus <strong data-start=\"2775\" data-end=\"2807\">Balsaholz und wei\u00dfem Moschus<\/strong> verleiht dem Parf\u00fcm eine elegante Best\u00e4ndigkeit und hinterl\u00e4sst eine zarte, sinnliche Spur auf der Haut.<\/p>\n<p class=\"\" data-start=\"2916\" data-end=\"3260\">Das Flakondesign spiegelt die kostbare Essenz des Duftes wider: weiche Linien, harmonische Formen und eine minimalistische Eleganz, die an die Klarheit und das Leuchten von Kristallen erinnert. Die <strong data-start=\"3114\" data-end=\"3132\">100-ml-Version<\/strong> ist ideal f\u00fcr den t\u00e4glichen Gebrauch, w\u00e4hrend die <strong data-start=\"3183\" data-end=\"3201\">15-ml-Miniatur<\/strong> perfekt f\u00fcr Reisen oder schnelle Duftauffrischungen ist.<\/p>\n<p class=\"\" data-start=\"3262\" data-end=\"3635\">Dieses Set ist das perfekte Geschenk f\u00fcr alle, die leichte, aber langanhaltende D\u00fcfte lieben, die Weiblichkeit mit Anmut und Eleganz unterstreichen. <strong data-start=\"3411\" data-end=\"3440\">Bulgari Omnia Crystalline<\/strong> ist der ideale Duft f\u00fcr jede Gelegenheit, von Alltagssituationen bis zu besonderen Anl\u00e4ssen, und eignet sich perfekt f\u00fcr alle, die sich mit einem Hauch von Luxus und Frische verw\u00f6hnen m\u00f6chten.<\/p>\n<p class=\"\" data-start=\"3637\" data-end=\"3822\"><strong data-start=\"3637\" data-end=\"3820\">G\u00f6nnen Sie sich oder jemand Besonderem die einzigartige Duftwelt des Bulgari Set Omnia Crystalline \u2013 ein Juwel aus Licht und Duft, f\u00fcr alle, die mit Eleganz hervorstechen m\u00f6chten!<\/strong><\/p>\n<p data-start=\"1712\" data-end=\"1881\">Follow us! <a href=\"https:\/\/www.instagram.com\/freeshopswiss\/\" target=\"_blank\" rel=\"noopener\">\u00a0@freeshopswiss<\/a><\/p>\n","protected":false},"excerpt":{"rendered":"<p>Entdecken Sie die zeitlose Eleganz des Bulgari Set Omnia Crystalline, ein exklusives Geschenkset, das Reinheit und Raffinesse mit einem strahlenden und edlen Duft feiert. Dieses Set enth\u00e4lt ein 100 ml Eau de Toilette sowie eine 15 ml Miniatur, perfekt f\u00fcr eine erfrischende Duftnote zu jeder Tageszeit. Inspiriert von der Brillanz und Transparenz eines Kristalls ist [&hellip;]<\/p>\n","protected":false},"featured_media":21656,"comment_status":"open","ping_status":"closed","template":"","meta":[],"pwb-brand":[399],"product_brand":[],"product_cat":[84,111,485],"product_tag":[952,147,293,462,460],"class_list":{"0":"post-21661","1":"product","2":"type-product","3":"status-publish","4":"has-post-thumbnail","6":"pwb-brand-bulgari","7":"product_cat-duefte","8":"product_cat-fur-sie-de","9":"product_cat-geschenkbox","10":"product_tag-profumi-de","11":"product_tag-eau-de-toilette-de","12":"product_tag-frau","13":"product_tag-geschenkset-fuer-damen","14":"product_tag-parfuem-geschenkset","16":"first","17":"outofstock","18":"sale","19":"taxable","20":"shipping-taxable","21":"purchasable","22":"product-type-simple"},"brands":[{"id":399,"name":"Bulgari","slug":"bulgari"}],"_links":{"self":[{"href":"https:\/\/www.freeshopfrontiera.ch\/de\/wp-json\/wp\/v2\/product\/21661","targetHints":{"allow":["GET"]}}],"collection":[{"href":"https:\/\/www.freeshopfrontiera.ch\/de\/wp-json\/wp\/v2\/product"}],"about":[{"href":"https:\/\/www.freeshopfrontiera.ch\/de\/wp-json\/wp\/v2\/types\/product"}],"replies":[{"embeddable":true,"href":"https:\/\/www.freeshopfrontiera.ch\/de\/wp-json\/wp\/v2\/comments?post=21661"}],"version-history":[{"count":1,"href":"https:\/\/www.freeshopfrontiera.ch\/de\/wp-json\/wp\/v2\/product\/21661\/revisions"}],"predecessor-version":[{"id":21664,"href":"https:\/\/www.freeshopfrontiera.ch\/de\/wp-json\/wp\/v2\/product\/21661\/revisions\/21664"}],"wp:featuredmedia":[{"embeddable":true,"href":"https:\/\/www.freeshopfrontiera.ch\/de\/wp-json\/wp\/v2\/media\/21656"}],"wp:attachment":[{"href":"https:\/\/www.freeshopfrontiera.ch\/de\/wp-json\/wp\/v2\/media?parent=21661"}],"wp:term":[{"taxonomy":"pwb-brand","embeddable":true,"href":"https:\/\/www.freeshopfrontiera.ch\/de\/wp-json\/wp\/v2\/pwb-brand?post=21661"},{"taxonomy":"product_brand","embeddable":true,"href":"https:\/\/www.freeshopfrontiera.ch\/de\/wp-json\/wp\/v2\/product_brand?post=21661"},{"taxonomy":"product_cat","embeddable":true,"href":"https:\/\/www.freeshopfrontiera.ch\/de\/wp-json\/wp\/v2\/product_cat?post=21661"},{"taxonomy":"product_tag","embeddable":true,"href":"https:\/\/www.freeshopfrontiera.ch\/de\/wp-json\/wp\/v2\/product_tag?post=21661"}],"curies":[{"name":"wp","href":"https:\/\/api.w.org\/{rel}","templated":true}]}}