{"id":21892,"date":"2025-03-31T12:55:17","date_gmt":"2025-03-31T12:55:17","guid":{"rendered":"https:\/\/freeshopswiss.alesca.org\/shop\/clarins-lip-comfort-oil-7ml-54-iconic-red\/"},"modified":"2025-03-31T13:00:30","modified_gmt":"2025-03-31T13:00:30","slug":"clarins-lip-comfort-oil-7ml-54-iconic-red","status":"publish","type":"product","link":"https:\/\/www.freeshopfrontiera.ch\/de\/shop\/clarins-lip-comfort-oil-7ml-54-iconic-red\/","title":{"rendered":"CLARINS Lip Comfort Oil 7ml &#8211; 54 Iconic Red"},"content":{"rendered":"<p class=\"\" data-start=\"1751\" data-end=\"2174\">Feiern Sie <strong data-start=\"1762\" data-end=\"1799\">10 Jahre Sch\u00f6nheit und Innovation<\/strong> mit dem <strong data-start=\"1808\" data-end=\"1849\">CLARINS Lip Comfort Oil 54 Iconic Red<\/strong>, einer Sonderedition, die die ikonischste Farbe der Kollektion w\u00fcrdigt. Dieses au\u00dfergew\u00f6hnliche Lippen\u00f6l vereint <strong data-start=\"1963\" data-end=\"1985\">Make-up und Pflege<\/strong>, umh\u00fcllt die Lippen mit einem Schleier aus intensiver, strahlender Farbe und versorgt sie gleichzeitig dank der mit wertvollen Pflanzen\u00f6len angereicherten Formel mit tiefgehender Pflege.<\/p>\n<p class=\"\" data-start=\"2176\" data-end=\"2535\">Die <strong data-start=\"2180\" data-end=\"2205\">seidig-leichte Textur<\/strong> verschmilzt m\u00fchelos mit den Lippen, <strong data-start=\"2242\" data-end=\"2260\">ohne zu kleben<\/strong>, und sorgt f\u00fcr einen sofortigen Volumeneffekt sowie ein angenehmes Tragegef\u00fchl. Die Nuance <strong data-start=\"2352\" data-end=\"2369\">54 Iconic Red<\/strong>, ein leuchtendes und raffiniertes Rot, verleiht den Lippen einen unwiderstehlichen Glanz \u2013 perfekt f\u00fcr jeden Anlass, vom Tages-Make-up bis zum eleganten Abendlook.<\/p>\n<p class=\"\" data-start=\"2537\" data-end=\"2952\">Angereichert mit einer exklusiven Mischung aus <strong data-start=\"2584\" data-end=\"2604\">nat\u00fcrlichen \u00d6len<\/strong>, darunter <strong data-start=\"2615\" data-end=\"2654\">Haselnuss-, Jojoba- und Wildrosen\u00f6l<\/strong>, spendet dieses Lippen\u00f6l Feuchtigkeit und Schutz, sodass die Lippen weich, geschmeidig und mit der Zeit sichtbar voller erscheinen. Die innovative Formel hilft, die Hautbarriere zu st\u00e4rken und Trockenheit vorzubeugen, und bietet mit jeder Anwendung eine <strong data-start=\"2909\" data-end=\"2949\">pflegende und regenerierende Wirkung<\/strong>.<\/p>\n<p class=\"\" data-start=\"2954\" data-end=\"3245\">Das <strong data-start=\"2958\" data-end=\"2977\">Lip Comfort Oil<\/strong> kann allein f\u00fcr ein nat\u00fcrlich strahlendes Finish oder als Topcoat \u00fcber Lippenstift verwendet werden, um <strong data-start=\"3082\" data-end=\"3115\">Farbe und Glanz zu verst\u00e4rken<\/strong>. Der <strong data-start=\"3121\" data-end=\"3148\">ergonomische Applikator<\/strong> sorgt f\u00fcr eine <strong data-start=\"3164\" data-end=\"3198\">pr\u00e4zise und m\u00fchelose Anwendung<\/strong>, die sich perfekt an die Lippenform anpasst.<\/p>\n<p class=\"\" data-start=\"3247\" data-end=\"3455\">Feiern Sie das <strong data-start=\"3262\" data-end=\"3297\">10-j\u00e4hrige Jubil\u00e4um einer Ikone<\/strong> mit dem <strong data-start=\"3306\" data-end=\"3347\">CLARINS Lip Comfort Oil 54 Iconic Red<\/strong> \u2013 die perfekte Kombination aus <strong data-start=\"3379\" data-end=\"3406\">Farbe, Glanz und Pflege<\/strong> f\u00fcr unwiderstehlich sch\u00f6ne Lippen \u2013 jeden Tag!<\/p>\n<p>Follow us!\u00a0<a href=\"https:\/\/www.instagram.com\/freeshopswiss\/\" target=\"_blank\" rel=\"noopener\">@freeshopswiss<\/a><\/p>\n","protected":false},"excerpt":{"rendered":"<p>Feiern Sie 10 Jahre Sch\u00f6nheit und Innovation mit dem CLARINS Lip Comfort Oil 54 Iconic Red, einer Sonderedition, die die ikonischste Farbe der Kollektion w\u00fcrdigt. Dieses au\u00dfergew\u00f6hnliche Lippen\u00f6l vereint Make-up und Pflege, umh\u00fcllt die Lippen mit einem Schleier aus intensiver, strahlender Farbe und versorgt sie gleichzeitig dank der mit wertvollen Pflanzen\u00f6len angereicherten Formel mit tiefgehender [&hellip;]<\/p>\n","protected":false},"featured_media":21884,"comment_status":"open","ping_status":"closed","template":"","meta":[],"pwb-brand":[311],"product_brand":[],"product_cat":[588,567],"product_tag":[293,589,476],"class_list":{"0":"post-21892","1":"product","2":"type-product","3":"status-publish","4":"has-post-thumbnail","6":"pwb-brand-clarins","7":"product_cat-lippen-make-up-de","8":"product_cat-make-up-de-2","9":"product_tag-frau","10":"product_tag-lippen-make-up-de","11":"product_tag-make-up-de","13":"first","14":"outofstock","15":"sale","16":"taxable","17":"shipping-taxable","18":"purchasable","19":"product-type-simple"},"brands":[{"id":311,"name":"Clarins","slug":"clarins"}],"_links":{"self":[{"href":"https:\/\/www.freeshopfrontiera.ch\/de\/wp-json\/wp\/v2\/product\/21892","targetHints":{"allow":["GET"]}}],"collection":[{"href":"https:\/\/www.freeshopfrontiera.ch\/de\/wp-json\/wp\/v2\/product"}],"about":[{"href":"https:\/\/www.freeshopfrontiera.ch\/de\/wp-json\/wp\/v2\/types\/product"}],"replies":[{"embeddable":true,"href":"https:\/\/www.freeshopfrontiera.ch\/de\/wp-json\/wp\/v2\/comments?post=21892"}],"version-history":[{"count":1,"href":"https:\/\/www.freeshopfrontiera.ch\/de\/wp-json\/wp\/v2\/product\/21892\/revisions"}],"predecessor-version":[{"id":21898,"href":"https:\/\/www.freeshopfrontiera.ch\/de\/wp-json\/wp\/v2\/product\/21892\/revisions\/21898"}],"wp:featuredmedia":[{"embeddable":true,"href":"https:\/\/www.freeshopfrontiera.ch\/de\/wp-json\/wp\/v2\/media\/21884"}],"wp:attachment":[{"href":"https:\/\/www.freeshopfrontiera.ch\/de\/wp-json\/wp\/v2\/media?parent=21892"}],"wp:term":[{"taxonomy":"pwb-brand","embeddable":true,"href":"https:\/\/www.freeshopfrontiera.ch\/de\/wp-json\/wp\/v2\/pwb-brand?post=21892"},{"taxonomy":"product_brand","embeddable":true,"href":"https:\/\/www.freeshopfrontiera.ch\/de\/wp-json\/wp\/v2\/product_brand?post=21892"},{"taxonomy":"product_cat","embeddable":true,"href":"https:\/\/www.freeshopfrontiera.ch\/de\/wp-json\/wp\/v2\/product_cat?post=21892"},{"taxonomy":"product_tag","embeddable":true,"href":"https:\/\/www.freeshopfrontiera.ch\/de\/wp-json\/wp\/v2\/product_tag?post=21892"}],"curies":[{"name":"wp","href":"https:\/\/api.w.org\/{rel}","templated":true}]}}