{"id":21912,"date":"2025-03-31T13:33:01","date_gmt":"2025-03-31T13:33:01","guid":{"rendered":"https:\/\/freeshopswiss.alesca.org\/shop\/giorgio-armani-prisma-glass-sugar-halo-08\/"},"modified":"2025-03-31T13:37:21","modified_gmt":"2025-03-31T13:37:21","slug":"giorgio-armani-prisma-glass-sugar-halo-08","status":"publish","type":"product","link":"https:\/\/www.freeshopfrontiera.ch\/de\/shop\/giorgio-armani-prisma-glass-sugar-halo-08\/","title":{"rendered":"GIORGIO ARMANI Prisma Glass &#8211; Sugar Halo 08"},"content":{"rendered":"<p class=\"\" data-start=\"1898\" data-end=\"2274\">Entdecken Sie das neue <strong data-start=\"1921\" data-end=\"1952\">GIORGIO ARMANI Prisma Glass<\/strong>, den revolution\u00e4ren Lipgloss, der <strong data-start=\"1987\" data-end=\"2038\">mehrdimensionale Brillanz mit maximalem Komfort<\/strong> vereint und f\u00fcr unglaublich strahlende und raffinierte Lippen sorgt. Dieser High-End-Gloss wurde entwickelt, um einen <strong data-start=\"2157\" data-end=\"2202\">prismatischen und spiegel\u00e4hnlichen Effekt<\/strong> zu erzeugen, der das Licht aus jedem Winkel einf\u00e4ngt und reflektiert.<\/p>\n<p class=\"\" data-start=\"2276\" data-end=\"2646\">Die Nuance <strong data-start=\"2287\" data-end=\"2304\">Sugar Halo 08<\/strong>, ein elegantes Nude-Rosa mit kristallinen Reflexen, hebt die nat\u00fcrliche Sch\u00f6nheit der Lippen hervor und verleiht ihnen einen Hauch von <strong data-start=\"2440\" data-end=\"2463\">Eleganz und Frische<\/strong>. Die <strong data-start=\"2469\" data-end=\"2507\">geschmeidige und umh\u00fcllende Textur<\/strong> gleitet m\u00fchelos auf die Lippen, ohne zu kleben, und sorgt f\u00fcr einen <strong data-start=\"2576\" data-end=\"2602\">lang anhaltenden Glanz<\/strong>, der den ganzen Tag \u00fcber angenehm bleibt.<\/p>\n<p class=\"\" data-start=\"2648\" data-end=\"3014\">Dank der <strong data-start=\"2657\" data-end=\"2686\">Prisma Shine\u2122-Technologie<\/strong> verst\u00e4rkt dieser Gloss die dreidimensionale Optik der Lippen und sorgt f\u00fcr einen <strong data-start=\"2768\" data-end=\"2796\">sofortigen Volumeneffekt<\/strong>, wodurch die Lippen voller und glatter wirken. Die Formel ist mit feuchtigkeitsspendenden Inhaltsstoffen angereichert, die die Lippen geschmeidig halten, Trockenheit vorbeugen und f\u00fcr langanhaltenden Komfort sorgen.<\/p>\n<p class=\"\" data-start=\"3016\" data-end=\"3369\"><strong data-start=\"3016\" data-end=\"3047\">GIORGIO ARMANI Prisma Glass<\/strong> kann alleine f\u00fcr einen <strong data-start=\"3071\" data-end=\"3101\">nat\u00fcrlichen, frischen Look<\/strong> getragen oder \u00fcber Lippenstift aufgetragen werden, um die Farbe zu intensivieren und zus\u00e4tzlichen Glanz zu verleihen. Der <strong data-start=\"3224\" data-end=\"3246\">pr\u00e4zise Applikator<\/strong> erm\u00f6glicht eine <strong data-start=\"3263\" data-end=\"3303\">gleichm\u00e4\u00dfige und makellose Anwendung<\/strong>, die die Lippen in einen Hauch von raffinierter Brillanz h\u00fcllt.<\/p>\n<p class=\"\" data-start=\"3371\" data-end=\"3798\">Perfekt f\u00fcr alle, die einen <strong data-start=\"3399\" data-end=\"3438\">eleganten und modernen Make-up-Look<\/strong> bevorzugen, ist <strong data-start=\"3455\" data-end=\"3472\">Sugar Halo 08<\/strong> die ideale Wahl f\u00fcr ein <strong data-start=\"3497\" data-end=\"3524\">ultra-gl\u00e4nzendes Finish<\/strong>, das sich f\u00fcr jede Gelegenheit eignet \u2013 vom Alltagslook bis hin zu glamour\u00f6sen Auftritten. Dank der innovativen Formel und der au\u00dfergew\u00f6hnlichen Leuchtkraft ist dieser Gloss ein absolutes Must-have f\u00fcr alle, die einen <strong data-start=\"3743\" data-end=\"3788\">luxuri\u00f6sen Lipgloss mit zeitloser Eleganz<\/strong> suchen.<\/p>\n<p data-start=\"1533\" data-end=\"1952\">Follow us!\u00a0<a href=\"https:\/\/www.instagram.com\/freeshopswiss\/\" target=\"_blank\" rel=\"noopener\">@freeshopswiss<\/a><\/p>\n","protected":false},"excerpt":{"rendered":"<p>Entdecken Sie das neue GIORGIO ARMANI Prisma Glass, den revolution\u00e4ren Lipgloss, der mehrdimensionale Brillanz mit maximalem Komfort vereint und f\u00fcr unglaublich strahlende und raffinierte Lippen sorgt. Dieser High-End-Gloss wurde entwickelt, um einen prismatischen und spiegel\u00e4hnlichen Effekt zu erzeugen, der das Licht aus jedem Winkel einf\u00e4ngt und reflektiert. Die Nuance Sugar Halo 08, ein elegantes Nude-Rosa [&hellip;]<\/p>\n","protected":false},"featured_media":21904,"comment_status":"open","ping_status":"closed","template":"","meta":[],"pwb-brand":[263],"product_brand":[],"product_cat":[111,588,567],"product_tag":[293,589,476],"class_list":{"0":"post-21912","1":"product","2":"type-product","3":"status-publish","4":"has-post-thumbnail","6":"pwb-brand-giorgio-armani","7":"product_cat-fur-sie-de","8":"product_cat-lippen-make-up-de","9":"product_cat-make-up-de-2","10":"product_tag-frau","11":"product_tag-lippen-make-up-de","12":"product_tag-make-up-de","14":"first","15":"instock","16":"sale","17":"taxable","18":"shipping-taxable","19":"purchasable","20":"product-type-simple"},"brands":[{"id":263,"name":"Giorgio Armani","slug":"giorgio-armani"}],"_links":{"self":[{"href":"https:\/\/www.freeshopfrontiera.ch\/de\/wp-json\/wp\/v2\/product\/21912","targetHints":{"allow":["GET"]}}],"collection":[{"href":"https:\/\/www.freeshopfrontiera.ch\/de\/wp-json\/wp\/v2\/product"}],"about":[{"href":"https:\/\/www.freeshopfrontiera.ch\/de\/wp-json\/wp\/v2\/types\/product"}],"replies":[{"embeddable":true,"href":"https:\/\/www.freeshopfrontiera.ch\/de\/wp-json\/wp\/v2\/comments?post=21912"}],"version-history":[{"count":1,"href":"https:\/\/www.freeshopfrontiera.ch\/de\/wp-json\/wp\/v2\/product\/21912\/revisions"}],"predecessor-version":[{"id":21915,"href":"https:\/\/www.freeshopfrontiera.ch\/de\/wp-json\/wp\/v2\/product\/21912\/revisions\/21915"}],"wp:featuredmedia":[{"embeddable":true,"href":"https:\/\/www.freeshopfrontiera.ch\/de\/wp-json\/wp\/v2\/media\/21904"}],"wp:attachment":[{"href":"https:\/\/www.freeshopfrontiera.ch\/de\/wp-json\/wp\/v2\/media?parent=21912"}],"wp:term":[{"taxonomy":"pwb-brand","embeddable":true,"href":"https:\/\/www.freeshopfrontiera.ch\/de\/wp-json\/wp\/v2\/pwb-brand?post=21912"},{"taxonomy":"product_brand","embeddable":true,"href":"https:\/\/www.freeshopfrontiera.ch\/de\/wp-json\/wp\/v2\/product_brand?post=21912"},{"taxonomy":"product_cat","embeddable":true,"href":"https:\/\/www.freeshopfrontiera.ch\/de\/wp-json\/wp\/v2\/product_cat?post=21912"},{"taxonomy":"product_tag","embeddable":true,"href":"https:\/\/www.freeshopfrontiera.ch\/de\/wp-json\/wp\/v2\/product_tag?post=21912"}],"curies":[{"name":"wp","href":"https:\/\/api.w.org\/{rel}","templated":true}]}}