{"id":21949,"date":"2025-03-31T14:17:52","date_gmt":"2025-03-31T14:17:52","guid":{"rendered":"https:\/\/freeshopswiss.alesca.org\/shop\/giorgio-armani-mascara-vertigo-obsidian-black-01\/"},"modified":"2025-03-31T14:27:43","modified_gmt":"2025-03-31T14:27:43","slug":"giorgio-armani-mascara-vertigo-obsidian-black-01","status":"publish","type":"product","link":"https:\/\/www.freeshopfrontiera.ch\/de\/shop\/giorgio-armani-mascara-vertigo-obsidian-black-01\/","title":{"rendered":"GIORGIO ARMANI Mascara Vertigo &#8211; Obsidian Black 01"},"content":{"rendered":"<p class=\"\" data-start=\"3462\" data-end=\"3882\">Entdecken Sie den <strong data-start=\"3480\" data-end=\"3519\">GIORGIO ARMANI Mascara Vertigo Lift<\/strong>, einen innovativen Mascara, der f\u00fcr einen <strong data-start=\"3562\" data-end=\"3642\">extremen Lifting-Effekt, intensive Wimpernkr\u00fcmmung und spektakul\u00e4res Volumen<\/strong> entwickelt wurde. Dank seiner <strong data-start=\"3673\" data-end=\"3735\">fortschrittlichen Formel und des ergonomischen Applikators<\/strong> verl\u00e4ngert und hebt dieser Mascara die Wimpern von der Wurzel an, wodurch ein offener, ausdrucksstarker Blick entsteht, der den ganzen Tag h\u00e4lt.<\/p>\n<p class=\"\" data-start=\"3884\" data-end=\"4187\">Die Nuance <strong data-start=\"3895\" data-end=\"3916\">Obsidian Black 01<\/strong>, ein tiefes, intensives Schwarz, betont die Wimpern mit einer <strong data-start=\"3979\" data-end=\"4012\">reichen und leuchtenden Farbe<\/strong>. Die <strong data-start=\"4018\" data-end=\"4046\">Vertigo Lift-Technologie<\/strong> sorgt f\u00fcr einen <strong data-start=\"4063\" data-end=\"4092\">sofortigen Schwung-Effekt<\/strong>, ganz ohne Wimpernzange, und hebt die Wimpern mit langanhaltendem Halt an \u2013 ohne Verwischen.<\/p>\n<p class=\"\" data-start=\"4189\" data-end=\"4500\">Die <strong data-start=\"4193\" data-end=\"4239\">ultraleichte, aber hochpigmentierte Formel<\/strong> erm\u00f6glicht eine <strong data-start=\"4256\" data-end=\"4296\">gleichm\u00e4\u00dfige, klumpenfreie Anwendung<\/strong>, um jede einzelne Wimper pr\u00e4zise zu umh\u00fcllen. Die flexible Textur erlaubt ein <strong data-start=\"4375\" data-end=\"4410\">individuell anpassbares Volumen<\/strong>, von einem <strong data-start=\"4422\" data-end=\"4452\">nat\u00fcrlich definierten Look<\/strong> bis hin zu dramatischen, volumin\u00f6sen Wimpern.<\/p>\n<p class=\"\" data-start=\"4502\" data-end=\"4875\">Der exklusive Applikator ist so konzipiert, dass er sich der <strong data-start=\"4563\" data-end=\"4596\">nat\u00fcrlichen Augenform anpasst<\/strong>, das Produkt gleichm\u00e4\u00dfig verteilt und selbst die feinsten und k\u00fcrzesten Wimpern erreicht, um sie perfekt zu trennen. Dieser <strong data-start=\"4721\" data-end=\"4747\">langanhaltende Mascara<\/strong> ist feuchtigkeitsbest\u00e4ndig und beh\u00e4lt seine Intensit\u00e4t den ganzen Tag \u00fcber, ohne zu br\u00f6ckeln oder an Definition zu verlieren.<\/p>\n<p class=\"\" data-start=\"4877\" data-end=\"5224\">Ideal f\u00fcr alle, die <strong data-start=\"4897\" data-end=\"4955\">geliftete, geschwungene und perfekt definierte Wimpern<\/strong> w\u00fcnschen \u2013 der <strong data-start=\"4971\" data-end=\"5010\">GIORGIO ARMANI Mascara Vertigo Lift<\/strong> ist ein unverzichtbares Must-have f\u00fcr einen verf\u00fchrerischen und eleganten Look. Verleihen Sie Ihrem Make-up einen Hauch von Luxus mit einem Mascara, der <strong data-start=\"5164\" data-end=\"5211\">h\u00f6chste Leistung mit Innovation und Eleganz<\/strong> verbindet.<\/p>\n<p data-start=\"1445\" data-end=\"1733\">Follow us!\u00a0<a href=\"https:\/\/www.instagram.com\/freeshopswiss\/\" target=\"_blank\" rel=\"noopener\">@freeshopswiss<\/a><\/p>\n","protected":false},"excerpt":{"rendered":"<p>Entdecken Sie den GIORGIO ARMANI Mascara Vertigo Lift, einen innovativen Mascara, der f\u00fcr einen extremen Lifting-Effekt, intensive Wimpernkr\u00fcmmung und spektakul\u00e4res Volumen entwickelt wurde. Dank seiner fortschrittlichen Formel und des ergonomischen Applikators verl\u00e4ngert und hebt dieser Mascara die Wimpern von der Wurzel an, wodurch ein offener, ausdrucksstarker Blick entsteht, der den ganzen Tag h\u00e4lt. Die Nuance [&hellip;]<\/p>\n","protected":false},"featured_media":21941,"comment_status":"open","ping_status":"closed","template":"","meta":[],"pwb-brand":[263],"product_brand":[],"product_cat":[111,537,567],"product_tag":[470,293,476],"class_list":{"0":"post-21949","1":"product","2":"type-product","3":"status-publish","4":"has-post-thumbnail","6":"pwb-brand-giorgio-armani","7":"product_cat-fur-sie-de","8":"product_cat-augen-make-up","9":"product_cat-make-up-de-2","10":"product_tag-augen-make-up","11":"product_tag-frau","12":"product_tag-make-up-de","14":"first","15":"outofstock","16":"sale","17":"taxable","18":"shipping-taxable","19":"purchasable","20":"product-type-simple"},"brands":[{"id":263,"name":"Giorgio Armani","slug":"giorgio-armani"}],"_links":{"self":[{"href":"https:\/\/www.freeshopfrontiera.ch\/de\/wp-json\/wp\/v2\/product\/21949","targetHints":{"allow":["GET"]}}],"collection":[{"href":"https:\/\/www.freeshopfrontiera.ch\/de\/wp-json\/wp\/v2\/product"}],"about":[{"href":"https:\/\/www.freeshopfrontiera.ch\/de\/wp-json\/wp\/v2\/types\/product"}],"replies":[{"embeddable":true,"href":"https:\/\/www.freeshopfrontiera.ch\/de\/wp-json\/wp\/v2\/comments?post=21949"}],"version-history":[{"count":2,"href":"https:\/\/www.freeshopfrontiera.ch\/de\/wp-json\/wp\/v2\/product\/21949\/revisions"}],"predecessor-version":[{"id":21956,"href":"https:\/\/www.freeshopfrontiera.ch\/de\/wp-json\/wp\/v2\/product\/21949\/revisions\/21956"}],"wp:featuredmedia":[{"embeddable":true,"href":"https:\/\/www.freeshopfrontiera.ch\/de\/wp-json\/wp\/v2\/media\/21941"}],"wp:attachment":[{"href":"https:\/\/www.freeshopfrontiera.ch\/de\/wp-json\/wp\/v2\/media?parent=21949"}],"wp:term":[{"taxonomy":"pwb-brand","embeddable":true,"href":"https:\/\/www.freeshopfrontiera.ch\/de\/wp-json\/wp\/v2\/pwb-brand?post=21949"},{"taxonomy":"product_brand","embeddable":true,"href":"https:\/\/www.freeshopfrontiera.ch\/de\/wp-json\/wp\/v2\/product_brand?post=21949"},{"taxonomy":"product_cat","embeddable":true,"href":"https:\/\/www.freeshopfrontiera.ch\/de\/wp-json\/wp\/v2\/product_cat?post=21949"},{"taxonomy":"product_tag","embeddable":true,"href":"https:\/\/www.freeshopfrontiera.ch\/de\/wp-json\/wp\/v2\/product_tag?post=21949"}],"curies":[{"name":"wp","href":"https:\/\/api.w.org\/{rel}","templated":true}]}}