{"id":21971,"date":"2025-03-31T15:44:07","date_gmt":"2025-03-31T15:44:07","guid":{"rendered":"https:\/\/freeshopswiss.alesca.org\/shop\/sensai-comforting-barrier-essence-40ml\/"},"modified":"2025-03-31T15:54:18","modified_gmt":"2025-03-31T15:54:18","slug":"sensai-comforting-barrier-essence-40ml","status":"publish","type":"product","link":"https:\/\/www.freeshopfrontiera.ch\/de\/shop\/sensai-comforting-barrier-essence-40ml\/","title":{"rendered":"SENSAI Comforting Barrier Essence 40ml"},"content":{"rendered":"<article class=\"w-full text-token-text-primary\" dir=\"auto\" data-testid=\"conversation-turn-86\" data-scroll-anchor=\"true\">\n<div class=\"text-base my-auto mx-auto py-5 px-6\">\n<div class=\"mx-auto flex flex-1 text-base gap-4 md:gap-5 lg:gap-6 md:max-w-3xl group\/turn-messages focus-visible:outline-none\" tabindex=\"-1\">\n<div class=\"group\/conversation-turn relative flex w-full min-w-0 flex-col agent-turn @xs\/thread:px-0 @sm\/thread:px-1.5 @md\/thread:px-4\">\n<div class=\"relative flex-col gap-1 md:gap-3\">\n<div class=\"flex max-w-full flex-col flex-grow\">\n<div class=\"min-h-8 text-message relative flex w-full flex-col items-end gap-2 whitespace-normal break-words text-start [.text-message+&amp;]:mt-5\" dir=\"auto\" data-message-author-role=\"assistant\" data-message-id=\"e7e572b9-da66-4aaa-8371-e133dec7c1ad\" data-message-model-slug=\"gpt-4o\">\n<div class=\"flex w-full flex-col gap-1 empty:hidden first:pt-[3px]\">\n<div class=\"markdown prose w-full break-words dark:prose-invert light\">\n<article class=\"w-full text-token-text-primary\" dir=\"auto\" data-testid=\"conversation-turn-88\" data-scroll-anchor=\"true\">\n<div class=\"text-base my-auto mx-auto py-5 px-6\">\n<div class=\"mx-auto flex flex-1 text-base gap-4 md:gap-5 lg:gap-6 md:max-w-3xl group\/turn-messages focus-visible:outline-none\" tabindex=\"-1\">\n<div class=\"group\/conversation-turn relative flex w-full min-w-0 flex-col agent-turn @xs\/thread:px-0 @sm\/thread:px-1.5 @md\/thread:px-4\">\n<div class=\"relative flex-col gap-1 md:gap-3\">\n<div class=\"flex max-w-full flex-col flex-grow\">\n<div class=\"min-h-8 text-message relative flex w-full flex-col items-end gap-2 whitespace-normal break-words text-start [.text-message+&amp;]:mt-5\" dir=\"auto\" data-message-author-role=\"assistant\" data-message-id=\"9577e949-df60-4da6-acb6-d9fea9384e66\" data-message-model-slug=\"gpt-4o\">\n<div class=\"flex w-full flex-col gap-1 empty:hidden first:pt-[3px]\">\n<div class=\"markdown prose w-full break-words dark:prose-invert light\">\n<p class=\"\" data-start=\"2324\" data-end=\"2815\">Die <strong data-start=\"2328\" data-end=\"2365\">SENSAI Comforting Barrier Essence<\/strong> ist die ideale Pflege f\u00fcr alle, die sich eine gesunde, gesch\u00fctzte und intensiv mit Feuchtigkeit versorgte Haut w\u00fcnschen. Dank ihrer <strong data-start=\"2498\" data-end=\"2520\">innovativen Formel<\/strong> st\u00e4rkt diese Essenz die Hautbarriere und beugt Trockenheit, R\u00f6tungen und Irritationen vor, die durch \u00e4u\u00dfere Einfl\u00fcsse und t\u00e4glichen Stress verursacht werden. Ihre <strong data-start=\"2684\" data-end=\"2714\">leichte und seidige Textur<\/strong> zieht schnell ein und verleiht der Haut sofort ein angenehmes Gef\u00fchl von Komfort und Wohlbefinden.<\/p>\n<p class=\"\" data-start=\"2817\" data-end=\"3441\">Angereichert mit n\u00e4hrenden und regenerierenden Inhaltsstoffen bietet dieses Serum eine <strong data-start=\"2904\" data-end=\"2937\">ausgleichende und beruhigende<\/strong> Wirkung, die der Haut hilft, ihre nat\u00fcrliche Ausstrahlung und Geschmeidigkeit zur\u00fcckzugewinnen. Bereits nach der ersten Anwendung wirkt die Haut <strong data-start=\"3083\" data-end=\"3123\">glatter, elastischer und gesch\u00fctzter<\/strong> \u2013 bereit, sich den t\u00e4glichen Umweltbelastungen wie Verschmutzung, Temperaturschwankungen und Feuchtigkeitsverlust zu stellen. Bei regelm\u00e4\u00dfiger Anwendung verbessert die SENSAI Comforting Barrier Essence sichtbar die <strong data-start=\"3339\" data-end=\"3370\">Hautstruktur und Festigkeit<\/strong>, st\u00e4rkt die Widerstandskraft der Haut und bewahrt ihre Feuchtigkeit.<\/p>\n<p class=\"\" data-start=\"3443\" data-end=\"3923\">Ihre fortschrittliche Formel wurde entwickelt, um <strong data-start=\"3493\" data-end=\"3514\">maximalen Komfort<\/strong> zu bieten, ohne die Haut zu beschweren. Sie ist ideal f\u00fcr alle Hauttypen, auch f\u00fcr <strong data-start=\"3598\" data-end=\"3632\">empfindliche und reaktive Haut<\/strong>, da sie tief eindringt und f\u00fcr eine optimale Feuchtigkeitsversorgung und Schutz sorgt. Das Ergebnis: eine <strong data-start=\"3739\" data-end=\"3775\">strahlende und geschmeidige Haut<\/strong>. Dank ihrer langanhaltenden Wirkung bietet diese Essenz den ganzen Tag \u00fcber Feuchtigkeit und Schutz, f\u00fcr ein frisches und regeneriertes Hautbild.<\/p>\n<p class=\"\" data-start=\"3925\" data-end=\"4411\"><strong data-start=\"3925\" data-end=\"3956\">Warum Sie es lieben werden:<\/strong> Sie sch\u00fctzt und st\u00e4rkt die Hautbarriere und beugt Irritationen und Feuchtigkeitsverlust vor; spendet <strong data-start=\"4058\" data-end=\"4103\">intensive und langanhaltende Feuchtigkeit<\/strong>, sodass die Haut weich und geschmeidig bleibt; <strong data-start=\"4151\" data-end=\"4177\">beruhigt und entspannt<\/strong> gestresste Haut, reduziert R\u00f6tungen und Unbehagen; besitzt eine <strong data-start=\"4242\" data-end=\"4272\">leichte und seidige Textur<\/strong>, die sich f\u00fcr alle Hauttypen eignet; verleiht einen <strong data-start=\"4325\" data-end=\"4367\">strahlenden und aufgepolsterten Effekt<\/strong>, der das Hautbild Tag f\u00fcr Tag verbessert.<\/p>\n<p class=\"\" data-start=\"4413\" data-end=\"4640\"><strong data-start=\"4413\" data-end=\"4427\">Anwendung:<\/strong> Morgens und abends auf die gereinigte Haut auftragen, vor der Feuchtigkeitspflege. Sanft einmassieren, bis das Produkt vollst\u00e4ndig eingezogen ist, f\u00fcr eine st\u00e4rkere, ausgeglichene und nat\u00fcrlich strahlende Haut.<\/p>\n<p class=\"\" data-start=\"4642\" data-end=\"4753\">Entdecken Sie das Geheimnis regenerierter und gesch\u00fctzter Haut mit der <strong data-start=\"4713\" data-end=\"4750\">SENSAI Comforting Barrier Essence<\/strong>!<\/p>\n<p data-start=\"2313\" data-end=\"2408\">\n<\/div>\n<\/div>\n<p data-start=\"2313\" data-end=\"2408\">Follow us! <a href=\"https:\/\/www.instagram.com\/freeshopswiss\/\" target=\"_blank\" rel=\"noopener\">@freeshopswiss<\/a><\/p>\n<\/div>\n<\/div>\n<\/div>\n<\/div>\n<\/div>\n<\/div>\n<\/article>\n<\/div>\n<\/div>\n<\/div>\n<\/div>\n<\/div>\n<\/div>\n<\/div>\n<\/div>\n<\/article>\n","protected":false},"excerpt":{"rendered":"<p>Die SENSAI Comforting Barrier Essence ist die ideale Pflege f\u00fcr alle, die sich eine gesunde, gesch\u00fctzte und intensiv mit Feuchtigkeit versorgte Haut w\u00fcnschen. Dank ihrer innovativen Formel st\u00e4rkt diese Essenz die Hautbarriere und beugt Trockenheit, R\u00f6tungen und Irritationen vor, die durch \u00e4u\u00dfere Einfl\u00fcsse und t\u00e4glichen Stress verursacht werden. Ihre leichte und seidige Textur zieht schnell [&hellip;]<\/p>\n","protected":false},"featured_media":21963,"comment_status":"open","ping_status":"closed","template":"","meta":[],"pwb-brand":[596],"product_brand":[],"product_cat":[292,111,546],"product_tag":[419,293,300],"class_list":{"0":"post-21971","1":"product","2":"type-product","3":"status-publish","4":"has-post-thumbnail","6":"pwb-brand-sensai","7":"product_cat-behandlungen","8":"product_cat-fur-sie-de","9":"product_cat-gesichtsbehandlung","10":"product_tag-behandlungen-de","11":"product_tag-frau","12":"product_tag-gesichtsbehandlungen","14":"first","15":"outofstock","16":"sale","17":"taxable","18":"shipping-taxable","19":"purchasable","20":"product-type-simple"},"brands":[{"id":596,"name":"Sensai","slug":"sensai"}],"_links":{"self":[{"href":"https:\/\/www.freeshopfrontiera.ch\/de\/wp-json\/wp\/v2\/product\/21971","targetHints":{"allow":["GET"]}}],"collection":[{"href":"https:\/\/www.freeshopfrontiera.ch\/de\/wp-json\/wp\/v2\/product"}],"about":[{"href":"https:\/\/www.freeshopfrontiera.ch\/de\/wp-json\/wp\/v2\/types\/product"}],"replies":[{"embeddable":true,"href":"https:\/\/www.freeshopfrontiera.ch\/de\/wp-json\/wp\/v2\/comments?post=21971"}],"version-history":[{"count":2,"href":"https:\/\/www.freeshopfrontiera.ch\/de\/wp-json\/wp\/v2\/product\/21971\/revisions"}],"predecessor-version":[{"id":21976,"href":"https:\/\/www.freeshopfrontiera.ch\/de\/wp-json\/wp\/v2\/product\/21971\/revisions\/21976"}],"wp:featuredmedia":[{"embeddable":true,"href":"https:\/\/www.freeshopfrontiera.ch\/de\/wp-json\/wp\/v2\/media\/21963"}],"wp:attachment":[{"href":"https:\/\/www.freeshopfrontiera.ch\/de\/wp-json\/wp\/v2\/media?parent=21971"}],"wp:term":[{"taxonomy":"pwb-brand","embeddable":true,"href":"https:\/\/www.freeshopfrontiera.ch\/de\/wp-json\/wp\/v2\/pwb-brand?post=21971"},{"taxonomy":"product_brand","embeddable":true,"href":"https:\/\/www.freeshopfrontiera.ch\/de\/wp-json\/wp\/v2\/product_brand?post=21971"},{"taxonomy":"product_cat","embeddable":true,"href":"https:\/\/www.freeshopfrontiera.ch\/de\/wp-json\/wp\/v2\/product_cat?post=21971"},{"taxonomy":"product_tag","embeddable":true,"href":"https:\/\/www.freeshopfrontiera.ch\/de\/wp-json\/wp\/v2\/product_tag?post=21971"}],"curies":[{"name":"wp","href":"https:\/\/api.w.org\/{rel}","templated":true}]}}