{"id":22431,"date":"2025-04-02T07:11:27","date_gmt":"2025-04-02T07:11:27","guid":{"rendered":"https:\/\/freeshopswiss.alesca.org\/shop\/giorgio-armani-eye-tint\/"},"modified":"2025-04-02T07:15:13","modified_gmt":"2025-04-02T07:15:13","slug":"giorgio-armani-eye-tint","status":"publish","type":"product","link":"https:\/\/www.freeshopfrontiera.ch\/de\/shop\/giorgio-armani-eye-tint\/","title":{"rendered":"GIORGIO ARMANI Eye Tint"},"content":{"rendered":"<p class=\"\" data-start=\"1792\" data-end=\"2132\">Entdecken Sie <strong data-start=\"1806\" data-end=\"1833\">GIORGIO ARMANI Eye Tint<\/strong>, den innovativen fl\u00fcssigen Lidschatten, der eine ultraleichte Textur mit au\u00dfergew\u00f6hnlicher Haltbarkeit kombiniert. Dank seiner fortschrittlichen wasserbasierten Formel bietet er eine intensive, aufbaubare Farbe, perfekt f\u00fcr sowohl nat\u00fcrliche als auch anspruchsvolle Looks \u2013 mit nur einem Auftrag.<\/p>\n<p class=\"\" data-start=\"2134\" data-end=\"2531\">Die fl\u00fcssige Textur gleitet m\u00fchelos auf die Haut und sorgt f\u00fcr eine gleichm\u00e4\u00dfige, streifenfreie Anwendung. Die Farbe verschmilzt perfekt mit dem Augenlid und kann in mehreren Schichten aufgetragen werden, um die gew\u00fcnschte Intensit\u00e4t zu erzielen. Nach dem Trocknen setzt sich das Produkt, ohne schwer zu wirken, und bietet einen makellosen Halt von bis zu <strong data-start=\"2490\" data-end=\"2504\">16 Stunden<\/strong> \u2013 ganz ohne Nachbessern.<\/p>\n<p class=\"\" data-start=\"2533\" data-end=\"2574\"><strong data-start=\"2533\" data-end=\"2572\">Vielseitigkeit und Komfort in Einem<\/strong><\/p>\n<p class=\"\" data-start=\"2576\" data-end=\"2896\">Eye Tint ist mehr als nur ein Lidschatten: Dank seines pr\u00e4zisen Applikators kann er auch als <strong data-start=\"2669\" data-end=\"2681\">Eyeliner<\/strong> verwendet werden, um den Blick zu definieren, oder als <strong data-start=\"2737\" data-end=\"2752\">Highlighter<\/strong>, um Lichtakzente unter der Augenbraue oder im inneren Augenwinkel zu setzen. Das Ergebnis? Ein elegantes, vielseitiges und m\u00fcheloses Make-up.<\/p>\n<p class=\"\" data-start=\"2898\" data-end=\"3162\">Erh\u00e4ltlich in einer gro\u00dfen Auswahl an Farbt\u00f6nen \u2013 von <strong data-start=\"2952\" data-end=\"2975\">zarten Nude-Nuancen<\/strong> bis hin zu <strong data-start=\"2987\" data-end=\"3018\">kr\u00e4ftigen, lebhaften Farben<\/strong> \u2013 und mit verschiedenen Finishes wie <strong data-start=\"3056\" data-end=\"3102\">matt, satiniert, metallisch und schimmernd<\/strong>, passt sich Eye Tint jeder Gelegenheit und jedem Stil an.<\/p>\n<p class=\"\" data-start=\"3164\" data-end=\"3428\">Perfekt f\u00fcr alle, die ein raffiniertes und langanhaltendes Augen-Make-up suchen: <strong data-start=\"3245\" data-end=\"3272\">GIORGIO ARMANI Eye Tint<\/strong> ist das Geheimnis f\u00fcr einen magischen und eleganten Blick. W\u00e4hlen Sie Ihre Lieblingsfarbe und erleben Sie die Sch\u00f6nheit von Farbe, die den ganzen Tag h\u00e4lt.<\/p>\n<p data-start=\"1393\" data-end=\"1639\">Follow us!\u00a0<a href=\"https:\/\/www.instagram.com\/freeshopswiss\/\" target=\"_blank\" rel=\"noopener\">@freeshopswiss<\/a><\/p>\n","protected":false},"excerpt":{"rendered":"<p>Entdecken Sie GIORGIO ARMANI Eye Tint, den innovativen fl\u00fcssigen Lidschatten, der eine ultraleichte Textur mit au\u00dfergew\u00f6hnlicher Haltbarkeit kombiniert. Dank seiner fortschrittlichen wasserbasierten Formel bietet er eine intensive, aufbaubare Farbe, perfekt f\u00fcr sowohl nat\u00fcrliche als auch anspruchsvolle Looks \u2013 mit nur einem Auftrag. Die fl\u00fcssige Textur gleitet m\u00fchelos auf die Haut und sorgt f\u00fcr eine gleichm\u00e4\u00dfige, [&hellip;]<\/p>\n","protected":false},"featured_media":22410,"comment_status":"open","ping_status":"closed","template":"","meta":[],"pwb-brand":[263],"product_brand":[],"product_cat":[567,111,537],"product_tag":[470,293,476],"class_list":{"0":"post-22431","1":"product","2":"type-product","3":"status-publish","4":"has-post-thumbnail","6":"pwb-brand-giorgio-armani","7":"product_cat-make-up-de-2","8":"product_cat-fur-sie-de","9":"product_cat-augen-make-up","10":"product_tag-augen-make-up","11":"product_tag-frau","12":"product_tag-make-up-de","14":"first","15":"outofstock","16":"sale","17":"taxable","18":"shipping-taxable","19":"purchasable","20":"product-type-variable"},"brands":[{"id":263,"name":"Giorgio Armani","slug":"giorgio-armani"}],"_links":{"self":[{"href":"https:\/\/www.freeshopfrontiera.ch\/de\/wp-json\/wp\/v2\/product\/22431","targetHints":{"allow":["GET"]}}],"collection":[{"href":"https:\/\/www.freeshopfrontiera.ch\/de\/wp-json\/wp\/v2\/product"}],"about":[{"href":"https:\/\/www.freeshopfrontiera.ch\/de\/wp-json\/wp\/v2\/types\/product"}],"replies":[{"embeddable":true,"href":"https:\/\/www.freeshopfrontiera.ch\/de\/wp-json\/wp\/v2\/comments?post=22431"}],"version-history":[{"count":1,"href":"https:\/\/www.freeshopfrontiera.ch\/de\/wp-json\/wp\/v2\/product\/22431\/revisions"}],"predecessor-version":[{"id":22438,"href":"https:\/\/www.freeshopfrontiera.ch\/de\/wp-json\/wp\/v2\/product\/22431\/revisions\/22438"}],"wp:featuredmedia":[{"embeddable":true,"href":"https:\/\/www.freeshopfrontiera.ch\/de\/wp-json\/wp\/v2\/media\/22410"}],"wp:attachment":[{"href":"https:\/\/www.freeshopfrontiera.ch\/de\/wp-json\/wp\/v2\/media?parent=22431"}],"wp:term":[{"taxonomy":"pwb-brand","embeddable":true,"href":"https:\/\/www.freeshopfrontiera.ch\/de\/wp-json\/wp\/v2\/pwb-brand?post=22431"},{"taxonomy":"product_brand","embeddable":true,"href":"https:\/\/www.freeshopfrontiera.ch\/de\/wp-json\/wp\/v2\/product_brand?post=22431"},{"taxonomy":"product_cat","embeddable":true,"href":"https:\/\/www.freeshopfrontiera.ch\/de\/wp-json\/wp\/v2\/product_cat?post=22431"},{"taxonomy":"product_tag","embeddable":true,"href":"https:\/\/www.freeshopfrontiera.ch\/de\/wp-json\/wp\/v2\/product_tag?post=22431"}],"curies":[{"name":"wp","href":"https:\/\/api.w.org\/{rel}","templated":true}]}}