{"id":22541,"date":"2025-04-02T08:27:50","date_gmt":"2025-04-02T08:27:50","guid":{"rendered":"https:\/\/freeshopswiss.alesca.org\/shop\/lancome-juicy-tubes-original-15ml\/"},"modified":"2025-04-02T08:53:19","modified_gmt":"2025-04-02T08:53:19","slug":"lancome-juicy-tubes-original-15ml","status":"publish","type":"product","link":"https:\/\/www.freeshopfrontiera.ch\/de\/shop\/lancome-juicy-tubes-original-15ml\/","title":{"rendered":"LANCOME Juicy Tubes Original 15ml"},"content":{"rendered":"<article class=\"w-full text-token-text-primary\" dir=\"auto\" data-testid=\"conversation-turn-26\" data-scroll-anchor=\"true\">\n<div class=\"text-base my-auto mx-auto py-5 px-6\">\n<div class=\"mx-auto flex flex-1 text-base gap-4 md:gap-5 lg:gap-6 md:max-w-3xl group\/turn-messages focus-visible:outline-none\" tabindex=\"-1\">\n<div class=\"group\/conversation-turn relative flex w-full min-w-0 flex-col agent-turn @xs\/thread:px-0 @sm\/thread:px-1.5 @md\/thread:px-4\">\n<div class=\"relative flex-col gap-1 md:gap-3\">\n<div class=\"flex max-w-full flex-col flex-grow\">\n<div class=\"min-h-8 text-message relative flex w-full flex-col items-end gap-2 whitespace-normal break-words text-start [.text-message+&amp;]:mt-5\" dir=\"auto\" data-message-author-role=\"assistant\" data-message-id=\"22073b0b-6c3e-4b7f-983f-4f7f3eac02ef\" data-message-model-slug=\"gpt-4o\">\n<div class=\"flex w-full flex-col gap-1 empty:hidden first:pt-[3px]\">\n<div class=\"markdown prose w-full break-words dark:prose-invert light\">\n<p class=\"\" data-start=\"3675\" data-end=\"4145\"><strong data-start=\"3675\" data-end=\"3707\">LANCOME Juicy Tubes Original<\/strong> ist der ikonische Lipgloss, der den Lippen einen ultra-gl\u00e4nzenden und volumin\u00f6sen Effekt verleiht und ihre nat\u00fcrliche Sch\u00f6nheit mit einem Hauch von Farbe und Strahlkraft betont. Seine cremige, nicht klebende Textur umh\u00fcllt die Lippen mit einem schimmernden Schleier und sorgt f\u00fcr absoluten Komfort und langanhaltende Feuchtigkeit. Die leichte und pflegende Formel verhindert Trockenheit und h\u00e4lt die Lippen stets weich und geschmeidig.<\/p>\n<p class=\"\" data-start=\"4147\" data-end=\"4716\">Dank der mit feuchtigkeitsspendenden Inhaltsstoffen angereicherten Formel pflegt und sch\u00fctzt er die Lippen, sodass sie stundenlang hydratisiert bleiben. Der praktische Tubenapplikator erm\u00f6glicht eine einfache und pr\u00e4zise Anwendung \u2013 ideal f\u00fcr schnelle Touch-ups unterwegs. Die leichte Konsistenz verteilt sich gleichm\u00e4\u00dfig ohne zu verschmieren und sorgt f\u00fcr ein makelloses Ergebnis mit einem strahlenden Finish, das sich nicht schwer anf\u00fchlt. Perfekt zum alleinigen Tragen oder \u00fcber Lippenstift f\u00fcr zus\u00e4tzlichen Glanz und Volumen f\u00fcr einen besonders raffinierten Look.<\/p>\n<p class=\"\" data-start=\"4718\" data-end=\"5184\">Erh\u00e4ltlich in einer gro\u00dfen Auswahl an Farbt\u00f6nen, von sanften, nat\u00fcrlichen Nuancen bis hin zu intensiven, leuchtenden Farben, mit transparentem, perlmuttschimmerndem oder gl\u00e4nzendem Finish. Die perfekte Wahl f\u00fcr jeden Anlass, vom Alltags-Make-up bis hin zu einem glamour\u00f6sen Abend-Look. Er kann allein f\u00fcr einen frischen, nat\u00fcrlichen Effekt oder \u00fcber Lippenstift aufgetragen werden, um die Farbe zu intensivieren und einen zus\u00e4tzlichen Hauch von Glanz zu verleihen.<\/p>\n<p class=\"\" data-start=\"5186\" data-end=\"5586\">Mit seinem voluminisierenden und ultra-gl\u00e4nzenden Effekt ist <strong data-start=\"5247\" data-end=\"5279\">LANCOME Juicy Tubes Original<\/strong> der perfekte Lipgloss f\u00fcr stets weiche, strahlende und makellose Lippen. Das praktische Format macht ihn zu einem Must-have f\u00fcr unterwegs, um jederzeit f\u00fcr einen Hauch von Glanz zu sorgen. Ein ikonisches Produkt, das die Lippen in den Mittelpunkt stellt und das L\u00e4cheln mit Eleganz und Weiblichkeit betont.<\/p>\n<p data-start=\"1420\" data-end=\"1820\">\n<\/div>\n<\/div>\n<\/div>\n<\/div>\n<div class=\"-me-1 -ms-2.5 flex select-none items-center p-1 touch:-me-2 touch:-ms-3.5 -mt-1 duration-[1.5s] focus-within:transition-none hover:transition-none pointer-events-none [mask-image:linear-gradient(to_right,black_33%,transparent_66%)] [mask-position:100%_0%] [mask-size:300%_100%] motion-safe:transition-[mask-position] group-hover\/turn-messages:pointer-events-auto group-hover\/turn-messages:[mask-position:0_0] group-focus-within\/turn-messages:pointer-events-auto group-focus-within\/turn-messages:[mask-position:0_0] has-[[data-state=open]]:pointer-events-auto has-[[data-state=open]]:[mask-position:0_0]\">Follow us!\u00a0<a href=\"https:\/\/www.instagram.com\/freeshopswiss\/\" target=\"_blank\" rel=\"noopener\">@freeshopswiss<\/a><\/div>\n<\/div>\n<\/div>\n<\/div>\n<\/div>\n<\/article>\n","protected":false},"excerpt":{"rendered":"<p>LANCOME Juicy Tubes Original ist der ikonische Lipgloss, der den Lippen einen ultra-gl\u00e4nzenden und volumin\u00f6sen Effekt verleiht und ihre nat\u00fcrliche Sch\u00f6nheit mit einem Hauch von Farbe und Strahlkraft betont. Seine cremige, nicht klebende Textur umh\u00fcllt die Lippen mit einem schimmernden Schleier und sorgt f\u00fcr absoluten Komfort und langanhaltende Feuchtigkeit. Die leichte und pflegende Formel verhindert [&hellip;]<\/p>\n","protected":false},"featured_media":22491,"comment_status":"open","ping_status":"closed","template":"","meta":[],"pwb-brand":[262],"product_brand":[],"product_cat":[111,588,567],"product_tag":[293,589,476],"class_list":{"0":"post-22541","1":"product","2":"type-product","3":"status-publish","4":"has-post-thumbnail","6":"pwb-brand-lancome","7":"product_cat-fur-sie-de","8":"product_cat-lippen-make-up-de","9":"product_cat-make-up-de-2","10":"product_tag-frau","11":"product_tag-lippen-make-up-de","12":"product_tag-make-up-de","14":"first","15":"outofstock","16":"taxable","17":"shipping-taxable","18":"product-type-variable"},"brands":[{"id":262,"name":"Lanc\u00f4me","slug":"lancome"}],"_links":{"self":[{"href":"https:\/\/www.freeshopfrontiera.ch\/de\/wp-json\/wp\/v2\/product\/22541","targetHints":{"allow":["GET"]}}],"collection":[{"href":"https:\/\/www.freeshopfrontiera.ch\/de\/wp-json\/wp\/v2\/product"}],"about":[{"href":"https:\/\/www.freeshopfrontiera.ch\/de\/wp-json\/wp\/v2\/types\/product"}],"replies":[{"embeddable":true,"href":"https:\/\/www.freeshopfrontiera.ch\/de\/wp-json\/wp\/v2\/comments?post=22541"}],"version-history":[{"count":2,"href":"https:\/\/www.freeshopfrontiera.ch\/de\/wp-json\/wp\/v2\/product\/22541\/revisions"}],"predecessor-version":[{"id":22555,"href":"https:\/\/www.freeshopfrontiera.ch\/de\/wp-json\/wp\/v2\/product\/22541\/revisions\/22555"}],"wp:featuredmedia":[{"embeddable":true,"href":"https:\/\/www.freeshopfrontiera.ch\/de\/wp-json\/wp\/v2\/media\/22491"}],"wp:attachment":[{"href":"https:\/\/www.freeshopfrontiera.ch\/de\/wp-json\/wp\/v2\/media?parent=22541"}],"wp:term":[{"taxonomy":"pwb-brand","embeddable":true,"href":"https:\/\/www.freeshopfrontiera.ch\/de\/wp-json\/wp\/v2\/pwb-brand?post=22541"},{"taxonomy":"product_brand","embeddable":true,"href":"https:\/\/www.freeshopfrontiera.ch\/de\/wp-json\/wp\/v2\/product_brand?post=22541"},{"taxonomy":"product_cat","embeddable":true,"href":"https:\/\/www.freeshopfrontiera.ch\/de\/wp-json\/wp\/v2\/product_cat?post=22541"},{"taxonomy":"product_tag","embeddable":true,"href":"https:\/\/www.freeshopfrontiera.ch\/de\/wp-json\/wp\/v2\/product_tag?post=22541"}],"curies":[{"name":"wp","href":"https:\/\/api.w.org\/{rel}","templated":true}]}}