{"id":22893,"date":"2025-04-03T07:56:15","date_gmt":"2025-04-03T07:56:15","guid":{"rendered":"https:\/\/freeshopswiss.alesca.org\/shop\/roberto-cavalli-paradiso-azzurro\/"},"modified":"2025-05-28T08:21:14","modified_gmt":"2025-05-28T08:21:14","slug":"roberto-cavalli-paradiso-azzurro","status":"publish","type":"product","link":"https:\/\/www.freeshopfrontiera.ch\/de\/shop\/roberto-cavalli-paradiso-azzurro\/","title":{"rendered":"ROBERTO CAVALLI Paradiso Azzurro 100ml"},"content":{"rendered":"<p class=\"\" data-start=\"1346\" data-end=\"1685\"><strong data-start=\"1346\" data-end=\"1396\">ROBERTO CAVALLI Paradiso Azzurro Eau de Parfum<\/strong> ist ein leuchtender, eleganter und sinnlicher Duft, inspiriert von der zeitlosen Sch\u00f6nheit des Mittelmeers. Dieses Parfum verk\u00f6rpert die Frische und Unbeschwertheit eines Sommertages an der K\u00fcste und umh\u00fcllt die Tr\u00e4gerin mit einer Aura aus raffinierter und verf\u00fchrerischer Weiblichkeit.<\/p>\n<p class=\"\" data-start=\"1687\" data-end=\"2046\">Die Duftkomposition beginnt mit spritzigen und lebendigen Kopfnoten, gepr\u00e4gt von der zitrusfrischen Bergamotte und marinen Akkorden, die die leichte, salzige Meeresbrise heraufbeschw\u00f6ren. Dieser strahlende Auftakt geht harmonisch in ein raffiniertes Blumenherz \u00fcber, das von wildem Jasmin dominiert wird und dem Duft eine zarte und umh\u00fcllende Note verleiht.<\/p>\n<p class=\"\" data-start=\"2048\" data-end=\"2393\">Die Basisnoten sind warm und sinnlich, mit einer Mischung aus edlen H\u00f6lzern, Moschus und Kaschmir, die dem Parfum Tiefe und langanhaltende Pr\u00e4senz verleihen. <strong data-start=\"2206\" data-end=\"2226\">Paradiso Azzurro<\/strong> hinterl\u00e4sst eine elegante und umh\u00fcllende Duftspur auf der Haut \u2013 perfekt f\u00fcr eine Frau, die ihre nat\u00fcrliche Eleganz mit einem Hauch von Geheimnis ausdr\u00fccken m\u00f6chte.<\/p>\n<p class=\"\" data-start=\"2395\" data-end=\"2752\">Der Flakon mit seinem facettierten Design und den tiefblauen Nuancen erinnert an das kristallklare Wasser des Mittelmeers und vermittelt ein Gef\u00fchl von Luxus und Raffinesse. <strong data-start=\"2569\" data-end=\"2605\">ROBERTO CAVALLI Paradiso Azzurro<\/strong> ist der ideale Duft f\u00fcr alle, die sich auf eine duftende Reise begeben m\u00f6chten, die die Sch\u00f6nheit der Natur und die Freiheit des Geistes feiert.<\/p>\n<p data-start=\"2395\" data-end=\"2752\">ROBERTO CAVALLI Paradiso Azzurro Eau de Parfum ist ein leuchtender, eleganter und sinnlicher Duft, inspiriert von der zeitlosen Sch\u00f6nheit des Mittelmeers.<\/p>\n<p data-start=\"1010\" data-end=\"1346\">Follow us! <a href=\"https:\/\/www.instagram.com\/freeshopswiss\/\" target=\"_blank\" rel=\"noopener\">@freeshopswiss<\/a><\/p>\n","protected":false},"excerpt":{"rendered":"<p><em><strong>Eau de Parfum<\/strong><\/em><\/p>\n","protected":false},"featured_media":22885,"comment_status":"open","ping_status":"closed","template":"","meta":[],"pwb-brand":[269],"product_brand":[],"product_cat":[111],"product_tag":[790,952,254,293],"class_list":{"0":"post-22893","1":"product","2":"type-product","3":"status-publish","4":"has-post-thumbnail","6":"pwb-brand-roberto-cavalli","7":"product_cat-fur-sie-de","8":"product_tag-womens-fragrances-de","9":"product_tag-profumi-de","10":"product_tag-eau-de-parfum-de","11":"product_tag-frau","13":"first","14":"instock","15":"sale","16":"taxable","17":"shipping-taxable","18":"purchasable","19":"product-type-simple"},"brands":[{"id":269,"name":"Roberto Cavalli","slug":"roberto-cavalli"}],"_links":{"self":[{"href":"https:\/\/www.freeshopfrontiera.ch\/de\/wp-json\/wp\/v2\/product\/22893","targetHints":{"allow":["GET"]}}],"collection":[{"href":"https:\/\/www.freeshopfrontiera.ch\/de\/wp-json\/wp\/v2\/product"}],"about":[{"href":"https:\/\/www.freeshopfrontiera.ch\/de\/wp-json\/wp\/v2\/types\/product"}],"replies":[{"embeddable":true,"href":"https:\/\/www.freeshopfrontiera.ch\/de\/wp-json\/wp\/v2\/comments?post=22893"}],"version-history":[{"count":2,"href":"https:\/\/www.freeshopfrontiera.ch\/de\/wp-json\/wp\/v2\/product\/22893\/revisions"}],"predecessor-version":[{"id":31391,"href":"https:\/\/www.freeshopfrontiera.ch\/de\/wp-json\/wp\/v2\/product\/22893\/revisions\/31391"}],"wp:featuredmedia":[{"embeddable":true,"href":"https:\/\/www.freeshopfrontiera.ch\/de\/wp-json\/wp\/v2\/media\/22885"}],"wp:attachment":[{"href":"https:\/\/www.freeshopfrontiera.ch\/de\/wp-json\/wp\/v2\/media?parent=22893"}],"wp:term":[{"taxonomy":"pwb-brand","embeddable":true,"href":"https:\/\/www.freeshopfrontiera.ch\/de\/wp-json\/wp\/v2\/pwb-brand?post=22893"},{"taxonomy":"product_brand","embeddable":true,"href":"https:\/\/www.freeshopfrontiera.ch\/de\/wp-json\/wp\/v2\/product_brand?post=22893"},{"taxonomy":"product_cat","embeddable":true,"href":"https:\/\/www.freeshopfrontiera.ch\/de\/wp-json\/wp\/v2\/product_cat?post=22893"},{"taxonomy":"product_tag","embeddable":true,"href":"https:\/\/www.freeshopfrontiera.ch\/de\/wp-json\/wp\/v2\/product_tag?post=22893"}],"curies":[{"name":"wp","href":"https:\/\/api.w.org\/{rel}","templated":true}]}}