{"id":22922,"date":"2025-04-03T09:05:44","date_gmt":"2025-04-03T09:05:44","guid":{"rendered":"https:\/\/freeshopswiss.alesca.org\/shop\/lancaster-sun-sport-protection-2\/"},"modified":"2025-04-03T09:19:02","modified_gmt":"2025-04-03T09:19:02","slug":"lancaster-sun-sport-protection-2","status":"publish","type":"product","link":"https:\/\/www.freeshopfrontiera.ch\/de\/shop\/lancaster-sun-sport-protection-2\/","title":{"rendered":"LANCASTER Sun Sport Protection Face Gel SPF30 50ml"},"content":{"rendered":"<p class=\"\" data-start=\"1720\" data-end=\"2282\"><strong>LANCASTER Sun Sport Protection in Motion Invisible Face Gel SPF30 50ml<\/strong> ist die ideale L\u00f6sung f\u00fcr alle, die die Sonne und Outdoor-Aktivit\u00e4ten lieben, ohne auf wirksamen und zuverl\u00e4ssigen Sonnenschutz zu verzichten. Diese Sonnenpflege-Linie wurde f\u00fcr Menschen mit einem aktiven Lebensstil entwickelt und bietet fortschrittlichen, langanhaltenden Schutz \u2013 perfekt f\u00fcr Sportler und Outdoor-Fans. Dank modernster Technologie sch\u00fctzt sie die Haut vor UVA- und UVB-Strahlen, sichtbarem Licht und Infrarotstrahlung und bietet so einen umfassenden Schutz vor Sonnensch\u00e4den und lichtbedingter Hautalterung.<\/p>\n<p class=\"\" data-start=\"2284\" data-end=\"2796\">Die <strong data-start=\"2288\" data-end=\"2309\">innovative Formel<\/strong> ist wasser- und schwei\u00dfresistent und bietet langanhaltenden Schutz, selbst bei intensiven Aktivit\u00e4ten. Die leichte, nicht klebende Textur zieht schnell ein, hinterl\u00e4sst keine R\u00fcckst\u00e4nde und l\u00e4sst die Haut atmen, w\u00e4hrend sie gleichzeitig ein erfrischendes Gef\u00fchl vermittelt. Angereichert mit der exklusiven <strong data-start=\"2616\" data-end=\"2641\">Full Light Technology<\/strong> von Lancaster, sch\u00fctzt dieser Sonnenschutz nicht nur vor sichtbaren Sch\u00e4den, sondern tr\u00e4gt auch dazu bei, die nat\u00fcrliche Sch\u00f6nheit der Haut zu bewahren.<\/p>\n<p class=\"\" data-start=\"2798\" data-end=\"3183\">Ideal f\u00fcr Outdoor-Sportarten wie Laufen, Schwimmen, Radfahren oder Wandern \u2013 <strong data-start=\"2875\" data-end=\"2909\">LANCASTER Sun Sport Protection<\/strong> passt sich jeder Anforderung an und bietet effektiven Schutz, ohne den Tragekomfort zu beeintr\u00e4chtigen. Erh\u00e4ltlich in verschiedenen Formaten, darunter unsichtbare Sprays und hochresistente Cremes, sorgt sie f\u00fcr eine einfache und gleichm\u00e4\u00dfige Anwendung in jeder Situation.<\/p>\n<p class=\"\" data-start=\"3185\" data-end=\"3539\">Mit <strong data-start=\"3189\" data-end=\"3223\">LANCASTER Sun Sport Protection<\/strong> kann man die Sonne in voller Sicherheit genie\u00dfen \u2013 dank modernstem Schutz, der jede Bewegung mitmacht und selbst extremen Bedingungen standh\u00e4lt. F\u00fcr alle, die das Leben ohne Grenzen unter der Sonne lieben, ist diese Sonnenpflege-Linie der perfekte Begleiter f\u00fcr eine strahlende Br\u00e4une und optimal gesch\u00fctzte Haut.<\/p>\n<p data-start=\"1514\" data-end=\"1860\">Follow us!\u00a0<a href=\"https:\/\/www.instagram.com\/freeshopswiss\/\" target=\"_blank\" rel=\"noopener\">@freeshopswiss<\/a><\/p>\n","protected":false},"excerpt":{"rendered":"<p>LANCASTER Sun Sport Protection in Motion Invisible Face Gel SPF30 50ml ist die ideale L\u00f6sung f\u00fcr alle, die die Sonne und Outdoor-Aktivit\u00e4ten lieben, ohne auf wirksamen und zuverl\u00e4ssigen Sonnenschutz zu verzichten. Diese Sonnenpflege-Linie wurde f\u00fcr Menschen mit einem aktiven Lebensstil entwickelt und bietet fortschrittlichen, langanhaltenden Schutz \u2013 perfekt f\u00fcr Sportler und Outdoor-Fans. Dank modernster Technologie [&hellip;]<\/p>\n","protected":false},"featured_media":22914,"comment_status":"open","ping_status":"closed","template":"","meta":[],"pwb-brand":[421],"product_brand":[],"product_cat":[292,86,111,425],"product_tag":[419,293,300,953,554,492],"class_list":{"0":"post-22922","1":"product","2":"type-product","3":"status-publish","4":"has-post-thumbnail","6":"pwb-brand-lancaster","7":"product_cat-behandlungen","8":"product_cat-fur-ihn-de","9":"product_cat-fur-sie-de","10":"product_cat-solari-de","11":"product_tag-behandlungen-de","12":"product_tag-frau","13":"product_tag-gesichtsbehandlungen","14":"product_tag-uomo-de","15":"product_tag-sonnenschutzcreme","16":"product_tag-sonnenschutzmittel","18":"first","19":"outofstock","20":"sale","21":"taxable","22":"shipping-taxable","23":"purchasable","24":"product-type-simple"},"brands":[{"id":421,"name":"Lancaster","slug":"lancaster"}],"_links":{"self":[{"href":"https:\/\/www.freeshopfrontiera.ch\/de\/wp-json\/wp\/v2\/product\/22922","targetHints":{"allow":["GET"]}}],"collection":[{"href":"https:\/\/www.freeshopfrontiera.ch\/de\/wp-json\/wp\/v2\/product"}],"about":[{"href":"https:\/\/www.freeshopfrontiera.ch\/de\/wp-json\/wp\/v2\/types\/product"}],"replies":[{"embeddable":true,"href":"https:\/\/www.freeshopfrontiera.ch\/de\/wp-json\/wp\/v2\/comments?post=22922"}],"version-history":[{"count":4,"href":"https:\/\/www.freeshopfrontiera.ch\/de\/wp-json\/wp\/v2\/product\/22922\/revisions"}],"predecessor-version":[{"id":22932,"href":"https:\/\/www.freeshopfrontiera.ch\/de\/wp-json\/wp\/v2\/product\/22922\/revisions\/22932"}],"wp:featuredmedia":[{"embeddable":true,"href":"https:\/\/www.freeshopfrontiera.ch\/de\/wp-json\/wp\/v2\/media\/22914"}],"wp:attachment":[{"href":"https:\/\/www.freeshopfrontiera.ch\/de\/wp-json\/wp\/v2\/media?parent=22922"}],"wp:term":[{"taxonomy":"pwb-brand","embeddable":true,"href":"https:\/\/www.freeshopfrontiera.ch\/de\/wp-json\/wp\/v2\/pwb-brand?post=22922"},{"taxonomy":"product_brand","embeddable":true,"href":"https:\/\/www.freeshopfrontiera.ch\/de\/wp-json\/wp\/v2\/product_brand?post=22922"},{"taxonomy":"product_cat","embeddable":true,"href":"https:\/\/www.freeshopfrontiera.ch\/de\/wp-json\/wp\/v2\/product_cat?post=22922"},{"taxonomy":"product_tag","embeddable":true,"href":"https:\/\/www.freeshopfrontiera.ch\/de\/wp-json\/wp\/v2\/product_tag?post=22922"}],"curies":[{"name":"wp","href":"https:\/\/api.w.org\/{rel}","templated":true}]}}