{"id":23029,"date":"2025-04-03T12:47:21","date_gmt":"2025-04-03T12:47:21","guid":{"rendered":"https:\/\/freeshopswiss.alesca.org\/shop\/thierry-mugler-angel-fantasm\/"},"modified":"2025-04-03T12:57:38","modified_gmt":"2025-04-03T12:57:38","slug":"thierry-mugler-angel-fantasm","status":"publish","type":"product","link":"https:\/\/www.freeshopfrontiera.ch\/de\/shop\/thierry-mugler-angel-fantasm\/","title":{"rendered":"THIERRY MUGLER Angel Fantasm"},"content":{"rendered":"<p class=\"\" data-start=\"1354\" data-end=\"2160\"><strong data-start=\"1354\" data-end=\"1410\">THIERRY MUGLER Angel Fantasm Eau de Parfum<\/strong>\u00a0ist ein femininer Duft, der das klassische Angel-Parfum in einer sinnlicheren und gewagteren Version neu interpretiert. Er wurde 2025 lanciert und geh\u00f6rt zur Duftfamilie der ambrierten, gourmandigen und fruchtigen D\u00fcfte.<\/p>\n<p class=\"\" data-start=\"1354\" data-end=\"2160\">Die Duftkomposition beginnt mit einer strahlenden und saftigen Explosion von Ananas, die eine sofortige fruchtige Frische verleiht. Im Herzen des Duftes verbindet sich eine cremige Kokosnussnote mit der Sinnlichkeit der exotischen Tiar\u00e9-Bl\u00fcte und schafft eine umh\u00fcllende und unwiderstehliche Wirkung. Die Basis des Parfums ist intensiv und langanhaltend, gepr\u00e4gt von Patchouli-Essenz, dem charakteristischen Symbol von Angel, und einer Infusion von Bourbon-Vanille aus Madagaskar, die eine raffinierte und warme S\u00fc\u00dfe verleiht.<\/p>\n<p class=\"\" data-start=\"2162\" data-end=\"2757\">Der Flakon beh\u00e4lt die ikonische Sternform von Mugler bei, pr\u00e4sentiert sich jedoch in einem eleganten Schwarz, das die Intensit\u00e4t und Tiefe des Duftes widerspiegelt. Das Design ist zudem nachf\u00fcllbar: Der 25-ml-Flakon kann mit der 100-ml-Nachf\u00fcllung wieder aufgef\u00fcllt werden, was eine nachhaltigere Wahl darstellt. <strong data-start=\"2475\" data-end=\"2521\">THIERRY MUGLER Angel Fantasm Eau de Parfum<\/strong> ist perfekt f\u00fcr alle, die mit einem markanten, verf\u00fchrerischen und geheimnisvollen Duft ein Statement setzen m\u00f6chten \u2013 ideal f\u00fcr Frauen, die ihre mutige Pers\u00f6nlichkeit mit einem Hauch von Eleganz und Modernit\u00e4t unterstreichen wollen.<\/p>\n<div class=\"sc-hLeiDn lbcKaB yst-replacevar\">\n<div class=\"sc-cZFQFd sc-hZDVde sc-fTrzCy iallpz clPKIH jOtsez yst-replacevar__editor\">\n<div class=\"DraftEditor-root\">\n<div class=\"DraftEditor-editorContainer\">\n<div id=\"yoast-google-preview-description-metabox\" class=\"notranslate public-DraftEditor-content\" role=\"combobox\" contenteditable=\"true\" spellcheck=\"true\" aria-autocomplete=\"list\" aria-expanded=\"false\" aria-labelledby=\"replacement-variable-editor-field-14\">\n<div data-contents=\"true\">\n<div class=\"\" data-block=\"true\" data-editor=\"c2tmp\" data-offset-key=\"bj2l9-0-0\">\n<div class=\"public-DraftStyleDefault-block public-DraftStyleDefault-ltr\" data-offset-key=\"bj2l9-0-0\"><span data-offset-key=\"bj2l9-0-0\">THIERRY MUGLER Angel Fantasm Eau de Parfum ist ein femininer Duft, der das klassische Angel-Parfum in einer sinnlicheren und gewagteren Version neu.<\/span><\/div>\n<\/div>\n<\/div>\n<\/div>\n<\/div>\n<\/div>\n<div class=\"sc-jmfXTE fNuesY\"><\/div>\n<\/div>\n<\/div>\n<p data-start=\"776\" data-end=\"1345\">Follow us! <a href=\"https:\/\/www.instagram.com\/freeshopswiss\/\" target=\"_blank\" rel=\"noopener\">@freeshopswiss<\/a><\/p>\n","protected":false},"excerpt":{"rendered":"<p><em><strong>Eau de Parfum<\/strong><\/em><\/p>\n","protected":false},"featured_media":22999,"comment_status":"open","ping_status":"closed","template":"","meta":[],"pwb-brand":[395],"product_brand":[],"product_cat":[84,111],"product_tag":[790,952,293],"class_list":{"0":"post-23029","1":"product","2":"type-product","3":"status-publish","4":"has-post-thumbnail","6":"pwb-brand-thierry-mugler","7":"product_cat-duefte","8":"product_cat-fur-sie-de","9":"product_tag-womens-fragrances-de","10":"product_tag-profumi-de","11":"product_tag-frau","13":"first","14":"instock","15":"sale","16":"taxable","17":"shipping-taxable","18":"purchasable","19":"product-type-variable"},"brands":[{"id":395,"name":"Thierry Mugler","slug":"thierry-mugler"}],"_links":{"self":[{"href":"https:\/\/www.freeshopfrontiera.ch\/de\/wp-json\/wp\/v2\/product\/23029","targetHints":{"allow":["GET"]}}],"collection":[{"href":"https:\/\/www.freeshopfrontiera.ch\/de\/wp-json\/wp\/v2\/product"}],"about":[{"href":"https:\/\/www.freeshopfrontiera.ch\/de\/wp-json\/wp\/v2\/types\/product"}],"replies":[{"embeddable":true,"href":"https:\/\/www.freeshopfrontiera.ch\/de\/wp-json\/wp\/v2\/comments?post=23029"}],"version-history":[{"count":3,"href":"https:\/\/www.freeshopfrontiera.ch\/de\/wp-json\/wp\/v2\/product\/23029\/revisions"}],"predecessor-version":[{"id":23040,"href":"https:\/\/www.freeshopfrontiera.ch\/de\/wp-json\/wp\/v2\/product\/23029\/revisions\/23040"}],"wp:featuredmedia":[{"embeddable":true,"href":"https:\/\/www.freeshopfrontiera.ch\/de\/wp-json\/wp\/v2\/media\/22999"}],"wp:attachment":[{"href":"https:\/\/www.freeshopfrontiera.ch\/de\/wp-json\/wp\/v2\/media?parent=23029"}],"wp:term":[{"taxonomy":"pwb-brand","embeddable":true,"href":"https:\/\/www.freeshopfrontiera.ch\/de\/wp-json\/wp\/v2\/pwb-brand?post=23029"},{"taxonomy":"product_brand","embeddable":true,"href":"https:\/\/www.freeshopfrontiera.ch\/de\/wp-json\/wp\/v2\/product_brand?post=23029"},{"taxonomy":"product_cat","embeddable":true,"href":"https:\/\/www.freeshopfrontiera.ch\/de\/wp-json\/wp\/v2\/product_cat?post=23029"},{"taxonomy":"product_tag","embeddable":true,"href":"https:\/\/www.freeshopfrontiera.ch\/de\/wp-json\/wp\/v2\/product_tag?post=23029"}],"curies":[{"name":"wp","href":"https:\/\/api.w.org\/{rel}","templated":true}]}}