{"id":23168,"date":"2025-04-03T14:55:16","date_gmt":"2025-04-03T14:55:16","guid":{"rendered":"https:\/\/freeshopswiss.alesca.org\/shop\/moschino-funny-50ml\/"},"modified":"2025-04-03T15:12:58","modified_gmt":"2025-04-03T15:12:58","slug":"moschino-funny-50ml","status":"publish","type":"product","link":"https:\/\/www.freeshopfrontiera.ch\/de\/shop\/moschino-funny-50ml\/","title":{"rendered":"MOSCHINO Funny 50ml"},"content":{"rendered":"<p class=\"\" data-start=\"4375\" data-end=\"4712\"><strong data-start=\"4375\" data-end=\"4419\">MOSCHINO Funny Eau de Toilette Vapo 50ml<\/strong> ist ein frischer und verspielter Duft, der f\u00fcr die dynamische, spontane und immer l\u00e4chelnde Frau kreiert wurde. Mit einer Kombination aus fruchtigen, floralen und moschusartigen Noten verk\u00f6rpert Funny Energie und Leichtigkeit, perfekt f\u00fcr alle, die das Leben mit einem L\u00e4cheln leben wollen.<\/p>\n<p class=\"\" data-start=\"4714\" data-end=\"5175\">Der Duft er\u00f6ffnet mit einem spritzigen <strong data-start=\"4753\" data-end=\"4772\">fruchtigen Topf<\/strong> aus <strong data-start=\"4777\" data-end=\"4810\">Melone und rotem Johannisbeer<\/strong>, das Frische und Vitalit\u00e4t verleiht. Diese Noten vereinen sich mit einem zarten floralen Herzen, in dem <strong data-start=\"4915\" data-end=\"4926\">Gr\u00fcntee<\/strong>, <strong data-start=\"4928\" data-end=\"4940\">Veilchen<\/strong> und ein Hauch von <strong data-start=\"4959\" data-end=\"4974\">Pfingstrose<\/strong> eine Zusammensetzung schaffen, die sowohl frisch als auch verf\u00fchrerisch ist. Schlie\u00dflich verleihen die Basisnoten aus <strong data-start=\"5093\" data-end=\"5126\">Moschus, Zedernholz und Amber<\/strong> dem Duft eine weiche, aber anhaltende Pr\u00e4senz.<\/p>\n<p class=\"\" data-start=\"5177\" data-end=\"5479\">Die <strong data-start=\"5181\" data-end=\"5199\">MOSCHINO Funny<\/strong>-Flasche ist ebenso verspielt und markant, mit einem eleganten und farbenfrohen Design, das die Spontaneit\u00e4t und den sprudelnden Charakter des Parfums widerspiegelt. Ihre stilisierte Form und der goldene Deckel machen sie zu einem Designobjekt, das sich auf jeder Ablage abhebt.<\/p>\n<p class=\"\" data-start=\"5481\" data-end=\"5826\"><strong data-start=\"5481\" data-end=\"5515\">MOSCHINO Funny Eau de Toilette<\/strong> ist die ideale Wahl f\u00fcr alle, die einen sprudelnden und fr\u00f6hlichen Duft suchen, der sich perfekt f\u00fcr den t\u00e4glichen Gebrauch eignet und eine Frische und Vitalit\u00e4t verleiht. Ideal f\u00fcr jede Gelegenheit, wird dieser Duft Sie den ganzen Tag \u00fcber mit Leichtigkeit begleiten und jeden Moment noch besonderer machen.<\/p>\n<p data-start=\"1254\" data-end=\"1565\">Follow us! <a href=\"https:\/\/www.instagram.com\/freeshopswiss\/\" target=\"_blank\" rel=\"noopener\">@freeshopswiss<\/a><\/p>\n","protected":false},"excerpt":{"rendered":"<p><em><strong>Eau de Toilette<\/strong><\/em><\/p>\n","protected":false},"featured_media":23157,"comment_status":"open","ping_status":"closed","template":"","meta":[],"pwb-brand":[379],"product_brand":[],"product_cat":[84,111],"product_tag":[790,952,147,293],"class_list":{"0":"post-23168","1":"product","2":"type-product","3":"status-publish","4":"has-post-thumbnail","6":"pwb-brand-moschino","7":"product_cat-duefte","8":"product_cat-fur-sie-de","9":"product_tag-womens-fragrances-de","10":"product_tag-profumi-de","11":"product_tag-eau-de-toilette-de","12":"product_tag-frau","14":"first","15":"outofstock","16":"sale","17":"taxable","18":"shipping-taxable","19":"purchasable","20":"product-type-simple"},"brands":[{"id":379,"name":"Moschino","slug":"moschino"}],"_links":{"self":[{"href":"https:\/\/www.freeshopfrontiera.ch\/de\/wp-json\/wp\/v2\/product\/23168","targetHints":{"allow":["GET"]}}],"collection":[{"href":"https:\/\/www.freeshopfrontiera.ch\/de\/wp-json\/wp\/v2\/product"}],"about":[{"href":"https:\/\/www.freeshopfrontiera.ch\/de\/wp-json\/wp\/v2\/types\/product"}],"replies":[{"embeddable":true,"href":"https:\/\/www.freeshopfrontiera.ch\/de\/wp-json\/wp\/v2\/comments?post=23168"}],"version-history":[{"count":1,"href":"https:\/\/www.freeshopfrontiera.ch\/de\/wp-json\/wp\/v2\/product\/23168\/revisions"}],"predecessor-version":[{"id":23182,"href":"https:\/\/www.freeshopfrontiera.ch\/de\/wp-json\/wp\/v2\/product\/23168\/revisions\/23182"}],"wp:featuredmedia":[{"embeddable":true,"href":"https:\/\/www.freeshopfrontiera.ch\/de\/wp-json\/wp\/v2\/media\/23157"}],"wp:attachment":[{"href":"https:\/\/www.freeshopfrontiera.ch\/de\/wp-json\/wp\/v2\/media?parent=23168"}],"wp:term":[{"taxonomy":"pwb-brand","embeddable":true,"href":"https:\/\/www.freeshopfrontiera.ch\/de\/wp-json\/wp\/v2\/pwb-brand?post=23168"},{"taxonomy":"product_brand","embeddable":true,"href":"https:\/\/www.freeshopfrontiera.ch\/de\/wp-json\/wp\/v2\/product_brand?post=23168"},{"taxonomy":"product_cat","embeddable":true,"href":"https:\/\/www.freeshopfrontiera.ch\/de\/wp-json\/wp\/v2\/product_cat?post=23168"},{"taxonomy":"product_tag","embeddable":true,"href":"https:\/\/www.freeshopfrontiera.ch\/de\/wp-json\/wp\/v2\/product_tag?post=23168"}],"curies":[{"name":"wp","href":"https:\/\/api.w.org\/{rel}","templated":true}]}}