{"id":23684,"date":"2025-04-07T08:53:12","date_gmt":"2025-04-07T08:53:12","guid":{"rendered":"https:\/\/freeshopswiss.alesca.org\/shop\/issey-miyake-leau-dissey-eau-de-parfum-intense\/"},"modified":"2025-04-07T09:05:19","modified_gmt":"2025-04-07T09:05:19","slug":"issey-miyake-leau-dissey-eau-de-parfum-intense","status":"publish","type":"product","link":"https:\/\/www.freeshopfrontiera.ch\/de\/shop\/issey-miyake-leau-dissey-eau-de-parfum-intense\/","title":{"rendered":"ISSEY MIYAKE L&#8217;Eau d&#8217;Issey Eau de Parfum Intense"},"content":{"rendered":"<p class=\"\" data-start=\"1455\" data-end=\"2836\"><strong data-start=\"1455\" data-end=\"1507\">ISSEY MIYAKE L&#8217;Eau d&#8217;Issey Eau de Parfum Intense<\/strong> ist eine k\u00fchne und anspruchsvolle Version des ber\u00fchmten Duftes L&#8217;Eau d&#8217;Issey, der f\u00fcr die moderne und sinnliche Frau entwickelt wurde, die einen intensiven und tiefen Duft sucht. Dieser Duft f\u00e4ngt die Intensit\u00e4t und das Geheimnis der tiefen Meere ein und ist inspiriert von der Sch\u00f6nheit und Anziehungskraft des Wassers.<\/p>\n<p class=\"\" data-start=\"1455\" data-end=\"2836\">Er er\u00f6ffnet mit frischen aquatischen Noten von Neptungras (Posidonia), einer Meerespflanze, die die Reinheit und St\u00e4rke des Meeres symbolisiert. Das Herz des Duftes besteht aus Ylang-Ylang, einer exotischen Blume, die der Komposition Helligkeit und Raffinesse verleiht, w\u00e4hrend die Basisnoten von Vanille dominiert werden, die Tiefe und ein warmes, sinnliches Gef\u00fchl verleihen. Der Flakon, elegant und modern, spiegelt die Idee von Fl\u00fcssigkeit und Transparenz wider, mit einem silbrigen Farbton, der an den Ozean erinnert. Der Flakon ist so konzipiert, dass er mit einem innovativen Nachf\u00fcllsystem den Kunststoffverbrauch reduziert und so einen nachhaltigeren Ansatz unterst\u00fctzt.<\/p>\n<p class=\"\" data-start=\"1455\" data-end=\"2836\">Erh\u00e4ltlich in 30 ml, 50 ml und 100 ml, ist L&#8217;Eau d&#8217;Issey Eau de Parfum Intense ein Duft, der fesselt und eine unverwechselbare Spur hinterl\u00e4sst, ideal f\u00fcr jede Gelegenheit. Perfekt f\u00fcr Frauen, die ihrem Alltag einen Hauch von Klasse und Intensit\u00e4t verleihen m\u00f6chten, ist dieser Duft eine wahre Erkl\u00e4rung von Eleganz und St\u00e4rke.<\/p>\n<p>&nbsp;<\/p>\n<p>Follow us! \u00a0<a href=\"https:\/\/www.instagram.com\/freeshopswiss\/\" target=\"_blank\" rel=\"noopener\">@freeshopswiss<\/a><\/p>\n","protected":false},"excerpt":{"rendered":"<p><em><strong>Eau de Parfum Intense <\/strong><\/em><\/p>\n","protected":false},"featured_media":23666,"comment_status":"open","ping_status":"closed","template":"","meta":[],"pwb-brand":[439],"product_brand":[],"product_cat":[84,111],"product_tag":[790,952,254,293,5051],"class_list":{"0":"post-23684","1":"product","2":"type-product","3":"status-publish","4":"has-post-thumbnail","6":"pwb-brand-issey-miyake","7":"product_cat-duefte","8":"product_cat-fur-sie-de","9":"product_tag-womens-fragrances-de","10":"product_tag-profumi-de","11":"product_tag-eau-de-parfum-de","12":"product_tag-frau","13":"product_tag-muttertag","15":"first","16":"instock","17":"sale","18":"taxable","19":"shipping-taxable","20":"purchasable","21":"product-type-variable"},"brands":[{"id":439,"name":"Issey Miyake","slug":"issey-miyake"}],"_links":{"self":[{"href":"https:\/\/www.freeshopfrontiera.ch\/de\/wp-json\/wp\/v2\/product\/23684","targetHints":{"allow":["GET"]}}],"collection":[{"href":"https:\/\/www.freeshopfrontiera.ch\/de\/wp-json\/wp\/v2\/product"}],"about":[{"href":"https:\/\/www.freeshopfrontiera.ch\/de\/wp-json\/wp\/v2\/types\/product"}],"replies":[{"embeddable":true,"href":"https:\/\/www.freeshopfrontiera.ch\/de\/wp-json\/wp\/v2\/comments?post=23684"}],"version-history":[{"count":2,"href":"https:\/\/www.freeshopfrontiera.ch\/de\/wp-json\/wp\/v2\/product\/23684\/revisions"}],"predecessor-version":[{"id":23692,"href":"https:\/\/www.freeshopfrontiera.ch\/de\/wp-json\/wp\/v2\/product\/23684\/revisions\/23692"}],"wp:featuredmedia":[{"embeddable":true,"href":"https:\/\/www.freeshopfrontiera.ch\/de\/wp-json\/wp\/v2\/media\/23666"}],"wp:attachment":[{"href":"https:\/\/www.freeshopfrontiera.ch\/de\/wp-json\/wp\/v2\/media?parent=23684"}],"wp:term":[{"taxonomy":"pwb-brand","embeddable":true,"href":"https:\/\/www.freeshopfrontiera.ch\/de\/wp-json\/wp\/v2\/pwb-brand?post=23684"},{"taxonomy":"product_brand","embeddable":true,"href":"https:\/\/www.freeshopfrontiera.ch\/de\/wp-json\/wp\/v2\/product_brand?post=23684"},{"taxonomy":"product_cat","embeddable":true,"href":"https:\/\/www.freeshopfrontiera.ch\/de\/wp-json\/wp\/v2\/product_cat?post=23684"},{"taxonomy":"product_tag","embeddable":true,"href":"https:\/\/www.freeshopfrontiera.ch\/de\/wp-json\/wp\/v2\/product_tag?post=23684"}],"curies":[{"name":"wp","href":"https:\/\/api.w.org\/{rel}","templated":true}]}}