{"id":23723,"date":"2025-04-07T09:38:35","date_gmt":"2025-04-07T09:38:35","guid":{"rendered":"https:\/\/freeshopswiss.alesca.org\/shop\/narciso-rodriguez-for-her-eau-de-parfum-intense\/"},"modified":"2025-04-07T09:50:50","modified_gmt":"2025-04-07T09:50:50","slug":"narciso-rodriguez-for-her-eau-de-parfum-intense","status":"publish","type":"product","link":"https:\/\/www.freeshopfrontiera.ch\/de\/shop\/narciso-rodriguez-for-her-eau-de-parfum-intense\/","title":{"rendered":"NARCISO RODRIGUEZ For Her Eau de Parfum Intense"},"content":{"rendered":"<p class=\"\" data-start=\"2850\" data-end=\"3258\"><strong data-start=\"2850\" data-end=\"2901\">NARCISO RODRIGUEZ For Her Eau de Parfum Intense<\/strong> ist ein reichhaltiger und sinnlicher Duft, der f\u00fcr die moderne Frau kreiert wurde, die einen Duft sucht, der Eleganz, Raffinesse und Geheimnis ausstrahlt. Diese intensive Version des ber\u00fchmten <strong data-start=\"3095\" data-end=\"3106\">For Her<\/strong> nimmt Sie mit auf eine olfaktorische Reise, die sich verf\u00fchrerisch und unerwartet entfaltet, mit einer Komposition, die die Sinne verf\u00fchrt und umh\u00fcllt.<\/p>\n<p class=\"\" data-start=\"3260\" data-end=\"3868\">Die <strong data-start=\"3264\" data-end=\"3276\">Kopfnote<\/strong> aus <strong data-start=\"3281\" data-end=\"3293\">Pfirsich<\/strong> und <strong data-start=\"3298\" data-end=\"3310\">Bergamot<\/strong> \u00f6ffnet den Duft mit einer fruchtigen und zitrusartigen Frische, die einen lebendigen und hellen Anfang bietet. Im Herzen bringt der charakteristische <strong data-start=\"3461\" data-end=\"3471\">Muskus<\/strong> von Narciso Rodriguez eine Weichheit und Sinnlichkeit, kombiniert mit der Zartheit von <strong data-start=\"3559\" data-end=\"3576\">wei\u00dfen Blumen<\/strong>, die eine elegante und feminine florale Note hinzuf\u00fcgt und Reinheit sowie Raffinesse vermittelt. Schlie\u00dflich verleihen die <strong data-start=\"3700\" data-end=\"3714\">Basisnoten<\/strong> von <strong data-start=\"3719\" data-end=\"3730\">Vanille<\/strong> und <strong data-start=\"3735\" data-end=\"3746\">Vetiver<\/strong> dem Duft Tiefe und eine warme, umh\u00fcllende und langanhaltende Note, die eine unvergessliche Spur auf der Haut hinterl\u00e4sst.<\/p>\n<p class=\"\" data-start=\"3870\" data-end=\"4305\"><strong>NARCISO RODRIGUEZ For Her Eau de Parfum Intense<\/strong> ist perfekt f\u00fcr die Frau, die einen Duft sucht, der den ganzen Tag anh\u00e4lt und sich von fruchtiger Frische zu einer sinnlichen und holzigen Tiefe entwickelt. Der Flakon, mit seinem schlichten und minimalistischen Design, spiegelt die raffinierte und moderne Natur des Duftes wider und macht dieses Eau de Parfum zu einem Muss f\u00fcr alle, die ein intensives und umh\u00fcllendes olfaktorisches Erlebnis suchen.<\/p>\n<p data-start=\"1119\" data-end=\"1524\">Follow us! \u00a0<a href=\"https:\/\/www.instagram.com\/freeshopswiss\/\" target=\"_blank\" rel=\"noopener\">@freeshopswiss<\/a><\/p>\n","protected":false},"excerpt":{"rendered":"<p><em><strong>Eau de Parfum<\/strong><\/em><\/p>\n","protected":false},"featured_media":23709,"comment_status":"open","ping_status":"closed","template":"","meta":[],"pwb-brand":[284],"product_brand":[],"product_cat":[84,111],"product_tag":[790,952,254,293,5051,5073],"class_list":{"0":"post-23723","1":"product","2":"type-product","3":"status-publish","4":"has-post-thumbnail","6":"pwb-brand-narciso-rodriguez","7":"product_cat-duefte","8":"product_cat-fur-sie-de","9":"product_tag-womens-fragrances-de","10":"product_tag-profumi-de","11":"product_tag-eau-de-parfum-de","12":"product_tag-frau","13":"product_tag-muttertag","14":"product_tag-muttertags-parfums","16":"first","17":"instock","18":"sale","19":"taxable","20":"shipping-taxable","21":"purchasable","22":"product-type-variable","23":"has-default-attributes"},"brands":[{"id":284,"name":"Narciso Rodriguez","slug":"narciso-rodriguez"}],"_links":{"self":[{"href":"https:\/\/www.freeshopfrontiera.ch\/de\/wp-json\/wp\/v2\/product\/23723","targetHints":{"allow":["GET"]}}],"collection":[{"href":"https:\/\/www.freeshopfrontiera.ch\/de\/wp-json\/wp\/v2\/product"}],"about":[{"href":"https:\/\/www.freeshopfrontiera.ch\/de\/wp-json\/wp\/v2\/types\/product"}],"replies":[{"embeddable":true,"href":"https:\/\/www.freeshopfrontiera.ch\/de\/wp-json\/wp\/v2\/comments?post=23723"}],"version-history":[{"count":2,"href":"https:\/\/www.freeshopfrontiera.ch\/de\/wp-json\/wp\/v2\/product\/23723\/revisions"}],"predecessor-version":[{"id":23731,"href":"https:\/\/www.freeshopfrontiera.ch\/de\/wp-json\/wp\/v2\/product\/23723\/revisions\/23731"}],"wp:featuredmedia":[{"embeddable":true,"href":"https:\/\/www.freeshopfrontiera.ch\/de\/wp-json\/wp\/v2\/media\/23709"}],"wp:attachment":[{"href":"https:\/\/www.freeshopfrontiera.ch\/de\/wp-json\/wp\/v2\/media?parent=23723"}],"wp:term":[{"taxonomy":"pwb-brand","embeddable":true,"href":"https:\/\/www.freeshopfrontiera.ch\/de\/wp-json\/wp\/v2\/pwb-brand?post=23723"},{"taxonomy":"product_brand","embeddable":true,"href":"https:\/\/www.freeshopfrontiera.ch\/de\/wp-json\/wp\/v2\/product_brand?post=23723"},{"taxonomy":"product_cat","embeddable":true,"href":"https:\/\/www.freeshopfrontiera.ch\/de\/wp-json\/wp\/v2\/product_cat?post=23723"},{"taxonomy":"product_tag","embeddable":true,"href":"https:\/\/www.freeshopfrontiera.ch\/de\/wp-json\/wp\/v2\/product_tag?post=23723"}],"curies":[{"name":"wp","href":"https:\/\/api.w.org\/{rel}","templated":true}]}}