{"id":23938,"date":"2025-04-08T07:19:47","date_gmt":"2025-04-08T07:19:47","guid":{"rendered":"https:\/\/freeshopswiss.alesca.org\/shop\/giorgio-armani-si-passione-red-musk\/"},"modified":"2025-04-08T07:26:20","modified_gmt":"2025-04-08T07:26:20","slug":"giorgio-armani-si-passione-red-musk","status":"publish","type":"product","link":"https:\/\/www.freeshopfrontiera.ch\/de\/shop\/giorgio-armani-si-passione-red-musk\/","title":{"rendered":"GIORGIO ARMANI Si Passione Red Musk"},"content":{"rendered":"<p class=\"\" data-start=\"1474\" data-end=\"1731\"><strong data-start=\"1474\" data-end=\"1527\">GIORGIO ARMANI S\u00ec Passione Red Musk Eau de Parfum<\/strong> ist ein intensiver und verf\u00fchrerischer Duft f\u00fcr eine starke, selbstbewusste und leidenschaftliche Frau. Eine Hommage an Mut und moderne Weiblichkeit \u2013 diese Kreation vereint Eleganz mit sinnlicher Tiefe.<\/p>\n<p class=\"\" data-start=\"1733\" data-end=\"2180\">Schon beim ersten Spr\u00fchen entfaltet S\u00ec Passione Red Musk lebendige, fruchtige Noten. Schwarze Johannisbeere und Birne sorgen f\u00fcr einen frischen und mitrei\u00dfenden Auftakt. Im Herzen entfaltet sich ein florales Bouquet aus Rose, Pfingstrose und Jasmin \u2013 romantisch, aber mit Charakter. Die Basis bringt die wahre Essenz des Duftes: roter Moschus, tief und umh\u00fcllend, vereint sich mit Vanille und Zedernholz zu einer sinnlichen, lang anhaltenden Spur.<\/p>\n<p class=\"\" data-start=\"2182\" data-end=\"2437\">Der Flakon in leuchtendem Rubinrot spiegelt die Leidenschaft und St\u00e4rke einer Frau wider, die \u201eJa\u201c sagt \u2013 zu sich selbst, zum Leben, zur Liebe. Er steht f\u00fcr eine Frau, die keine Angst hat, sich zu zeigen, intensiv liebt und entschlossen durchs Leben geht.<\/p>\n<p class=\"\" data-start=\"2439\" data-end=\"2619\">Ideal f\u00fcr besondere Anl\u00e4sse oder um jeden Tag ein Statement zu setzen. <strong data-start=\"2510\" data-end=\"2534\">S\u00ec Passione Red Musk<\/strong> ist mehr als ein Parfum \u2013 es ist ein Ausdruck von Stil, Freiheit und Pers\u00f6nlichkeit.<\/p>\n<p class=\"\" data-start=\"2621\" data-end=\"2774\">Lassen Sie sich von einem Duft verf\u00fchren, der das Herz direkt anspricht. <strong data-start=\"2694\" data-end=\"2718\">S\u00ec Passione Red Musk<\/strong> \u2013 f\u00fcr alle, die mit Eleganz und Power auffallen wollen.<\/p>\n<p data-start=\"1359\" data-end=\"1521\">Follow us! \u00a0<a href=\"https:\/\/www.instagram.com\/freeshopswiss\/\" target=\"_blank\" rel=\"noopener\">@freeshopswiss<\/a><\/p>\n","protected":false},"excerpt":{"rendered":"<p><em><strong>Eau de Parfum<\/strong><\/em><\/p>\n","protected":false},"featured_media":23922,"comment_status":"open","ping_status":"closed","template":"","meta":[],"pwb-brand":[263],"product_brand":[],"product_cat":[84,111],"product_tag":[790,952,254,293],"class_list":{"0":"post-23938","1":"product","2":"type-product","3":"status-publish","4":"has-post-thumbnail","6":"pwb-brand-giorgio-armani","7":"product_cat-duefte","8":"product_cat-fur-sie-de","9":"product_tag-womens-fragrances-de","10":"product_tag-profumi-de","11":"product_tag-eau-de-parfum-de","12":"product_tag-frau","14":"first","15":"instock","16":"sale","17":"taxable","18":"shipping-taxable","19":"purchasable","20":"product-type-variable"},"brands":[{"id":263,"name":"Giorgio Armani","slug":"giorgio-armani"}],"_links":{"self":[{"href":"https:\/\/www.freeshopfrontiera.ch\/de\/wp-json\/wp\/v2\/product\/23938","targetHints":{"allow":["GET"]}}],"collection":[{"href":"https:\/\/www.freeshopfrontiera.ch\/de\/wp-json\/wp\/v2\/product"}],"about":[{"href":"https:\/\/www.freeshopfrontiera.ch\/de\/wp-json\/wp\/v2\/types\/product"}],"replies":[{"embeddable":true,"href":"https:\/\/www.freeshopfrontiera.ch\/de\/wp-json\/wp\/v2\/comments?post=23938"}],"version-history":[{"count":2,"href":"https:\/\/www.freeshopfrontiera.ch\/de\/wp-json\/wp\/v2\/product\/23938\/revisions"}],"predecessor-version":[{"id":23948,"href":"https:\/\/www.freeshopfrontiera.ch\/de\/wp-json\/wp\/v2\/product\/23938\/revisions\/23948"}],"wp:featuredmedia":[{"embeddable":true,"href":"https:\/\/www.freeshopfrontiera.ch\/de\/wp-json\/wp\/v2\/media\/23922"}],"wp:attachment":[{"href":"https:\/\/www.freeshopfrontiera.ch\/de\/wp-json\/wp\/v2\/media?parent=23938"}],"wp:term":[{"taxonomy":"pwb-brand","embeddable":true,"href":"https:\/\/www.freeshopfrontiera.ch\/de\/wp-json\/wp\/v2\/pwb-brand?post=23938"},{"taxonomy":"product_brand","embeddable":true,"href":"https:\/\/www.freeshopfrontiera.ch\/de\/wp-json\/wp\/v2\/product_brand?post=23938"},{"taxonomy":"product_cat","embeddable":true,"href":"https:\/\/www.freeshopfrontiera.ch\/de\/wp-json\/wp\/v2\/product_cat?post=23938"},{"taxonomy":"product_tag","embeddable":true,"href":"https:\/\/www.freeshopfrontiera.ch\/de\/wp-json\/wp\/v2\/product_tag?post=23938"}],"curies":[{"name":"wp","href":"https:\/\/api.w.org\/{rel}","templated":true}]}}