{"id":23973,"date":"2025-04-08T07:47:49","date_gmt":"2025-04-08T07:47:49","guid":{"rendered":"https:\/\/freeshopswiss.alesca.org\/shop\/emporio-armani-stronger-with-you-parfum\/"},"modified":"2025-07-29T09:27:42","modified_gmt":"2025-07-29T09:27:42","slug":"emporio-armani-stronger-with-you-parfum","status":"publish","type":"product","link":"https:\/\/www.freeshopfrontiera.ch\/de\/shop\/emporio-armani-stronger-with-you-parfum\/","title":{"rendered":"EMPORIO ARMANI Stronger With You Parfum"},"content":{"rendered":"<p class=\"\" data-start=\"1517\" data-end=\"1788\"><strong data-start=\"1517\" data-end=\"1560\">EMPORIO ARMANI Stronger With You Parfum<\/strong> ist ein intensiver und umh\u00fcllender Duft f\u00fcr den modernen Mann \u2013 selbstbewusst, echt und leidenschaftlich. Ein Duft, der von Liebe, St\u00e4rke und tiefer Verbindung erz\u00e4hlt. Ein Ausdruck einer starken, aber sensiblen Pers\u00f6nlichkeit.<\/p>\n<p class=\"\" data-start=\"1790\" data-end=\"2102\">Schon in den ersten Noten entfaltet sich eine raffinierte, w\u00fcrzige Energie. Im Herzen vereint sich kandierte Kastanie mit aromatischer Lavendel und Salbei \u2013 ein eleganter, \u00fcberraschender Kontrast. Die Basisnote ist warm und langanhaltend, mit Amberholz und Vanille, die dem Duft Tiefe und Sinnlichkeit verleihen.<\/p>\n<p class=\"\" data-start=\"2104\" data-end=\"2258\">Stronger With You Parfum ist f\u00fcr den Mann, der Gef\u00fchle intensiv lebt. Der keine Angst hat, sich zu zeigen. Der mit dem Herzen f\u00fchrt und mit Stil verf\u00fchrt.<\/p>\n<p class=\"\" data-start=\"2260\" data-end=\"2451\">Der Flakon beh\u00e4lt die ikonische Form der Stronger With You Linie bei, hebt sich aber mit seinem bernsteinfarbenen Ton ab \u2013 Symbol f\u00fcr die Kraft und W\u00e4rme des Duftes. Solide, elegant, zeitlos.<\/p>\n<p class=\"\" data-start=\"2453\" data-end=\"2701\">Ideal f\u00fcr besondere Abende oder f\u00fcr alle, die einen bleibenden Eindruck hinterlassen m\u00f6chten. Dieser Parfum ist ein echter Stilbegleiter. Seine Duftspur ist intensiv und einpr\u00e4gsam, aber nie aufdringlich. Perfekt f\u00fcr M\u00e4nner mit Charisma und Klasse.<\/p>\n<p data-start=\"2453\" data-end=\"2701\">EMPORIO ARMANI Stronger With You Parfum ist ein intensiver und umh\u00fcllender Duft f\u00fcr den modernen Mann \u2013 selbstbewusst, echt und leidenschaftlich.<\/p>\n<p class=\"\" data-start=\"2703\" data-end=\"2829\"><strong data-start=\"2703\" data-end=\"2746\">Stronger With You Parfum<\/strong> ist mehr als ein Duft \u2013 es ist ein sinnliches Erlebnis, das jeden Moment veredelt.<\/p>\n<p data-start=\"1353\" data-end=\"1506\">Follow us! \u00a0<a href=\"https:\/\/www.instagram.com\/freeshopswiss\/\" target=\"_blank\" rel=\"noopener\">@freeshopswiss<\/a><\/p>\n","protected":false},"excerpt":{"rendered":"<p><em><strong>Eau de Parfum<\/strong><\/em><\/p>\n","protected":false},"featured_media":23961,"comment_status":"open","ping_status":"closed","template":"","meta":[],"pwb-brand":[256],"product_brand":[],"product_cat":[86,111],"product_tag":[952,254,953,1642],"class_list":{"0":"post-23973","1":"product","2":"type-product","3":"status-publish","4":"has-post-thumbnail","6":"pwb-brand-emporio-armani","7":"product_cat-fur-ihn-de","8":"product_cat-fur-sie-de","9":"product_tag-profumi-de","10":"product_tag-eau-de-parfum-de","11":"product_tag-uomo-de","12":"product_tag-mens-fragrances-de","14":"first","15":"instock","16":"sale","17":"taxable","18":"shipping-taxable","19":"purchasable","20":"product-type-variable"},"brands":[{"id":256,"name":"Emporio Armani","slug":"emporio-armani"}],"_links":{"self":[{"href":"https:\/\/www.freeshopfrontiera.ch\/de\/wp-json\/wp\/v2\/product\/23973","targetHints":{"allow":["GET"]}}],"collection":[{"href":"https:\/\/www.freeshopfrontiera.ch\/de\/wp-json\/wp\/v2\/product"}],"about":[{"href":"https:\/\/www.freeshopfrontiera.ch\/de\/wp-json\/wp\/v2\/types\/product"}],"replies":[{"embeddable":true,"href":"https:\/\/www.freeshopfrontiera.ch\/de\/wp-json\/wp\/v2\/comments?post=23973"}],"version-history":[{"count":3,"href":"https:\/\/www.freeshopfrontiera.ch\/de\/wp-json\/wp\/v2\/product\/23973\/revisions"}],"predecessor-version":[{"id":23982,"href":"https:\/\/www.freeshopfrontiera.ch\/de\/wp-json\/wp\/v2\/product\/23973\/revisions\/23982"}],"wp:featuredmedia":[{"embeddable":true,"href":"https:\/\/www.freeshopfrontiera.ch\/de\/wp-json\/wp\/v2\/media\/23961"}],"wp:attachment":[{"href":"https:\/\/www.freeshopfrontiera.ch\/de\/wp-json\/wp\/v2\/media?parent=23973"}],"wp:term":[{"taxonomy":"pwb-brand","embeddable":true,"href":"https:\/\/www.freeshopfrontiera.ch\/de\/wp-json\/wp\/v2\/pwb-brand?post=23973"},{"taxonomy":"product_brand","embeddable":true,"href":"https:\/\/www.freeshopfrontiera.ch\/de\/wp-json\/wp\/v2\/product_brand?post=23973"},{"taxonomy":"product_cat","embeddable":true,"href":"https:\/\/www.freeshopfrontiera.ch\/de\/wp-json\/wp\/v2\/product_cat?post=23973"},{"taxonomy":"product_tag","embeddable":true,"href":"https:\/\/www.freeshopfrontiera.ch\/de\/wp-json\/wp\/v2\/product_tag?post=23973"}],"curies":[{"name":"wp","href":"https:\/\/api.w.org\/{rel}","templated":true}]}}