{"id":24199,"date":"2025-04-08T13:56:18","date_gmt":"2025-04-08T13:56:18","guid":{"rendered":"https:\/\/freeshopswiss.alesca.org\/shop\/swissoxx-radiance-perfection-peel-lotion-150ml\/"},"modified":"2025-04-08T14:01:53","modified_gmt":"2025-04-08T14:01:53","slug":"swissoxx-radiance-perfection-peel-lotion-150ml","status":"publish","type":"product","link":"https:\/\/www.freeshopfrontiera.ch\/de\/shop\/swissoxx-radiance-perfection-peel-lotion-150ml\/","title":{"rendered":"SWISSOXX Radiance Perfection Peel Lotion 150ml"},"content":{"rendered":"<p class=\"\" data-start=\"4829\" data-end=\"5286\"><strong data-start=\"4829\" data-end=\"4879\">SWISSOXX Radiance Perfection Peel Lotion 150ml<\/strong> ist eine Peeling-Lotion der neuen Generation, die entwickelt wurde, um eine sanfte, aber intensive Pflege zu bieten und die Haut sichtbar zu verwandeln. Mit einer wirkungsvollen Kombination aus AHA (Alpha-Hydroxys\u00e4uren) und nat\u00fcrlichen Wirkstoffen entfernt diese Lotion abgestorbene Hautzellen und Unreinheiten von der Hautoberfl\u00e4che \u2013 f\u00fcr einen sichtbar strahlenderen, glatteren und gleichm\u00e4\u00dfigeren Teint.<\/p>\n<p class=\"\" data-start=\"5288\" data-end=\"5675\">Bei regelm\u00e4\u00dfiger Anwendung hilft sie, das Erscheinungsbild von vergr\u00f6\u00dferten Poren, Unreinheiten, Pigmentflecken und M\u00fcdigkeitsanzeichen zu reduzieren. Sie regt die Zellerneuerung an, verfeinert das Hautbild und mildert feine Linien sowie erste Anzeichen der Hautalterung. Besonders geeignet f\u00fcr fahle, gestresste oder umweltbelastete Haut \u2013 ideal auch in Zeiten saisonaler Ver\u00e4nderungen.<\/p>\n<p class=\"\" data-start=\"5677\" data-end=\"5938\">Die leichte, fl\u00fcssige Textur zieht schnell ein, ohne zu fetten oder R\u00fcckst\u00e4nde zu hinterlassen. Direkt nach dem Auftragen f\u00fchlt sich die Haut glatter, straffer und frischer an. Die Haut ist optimal vorbereitet, um nachfolgende Pflegeprodukte besser aufzunehmen.<\/p>\n<p class=\"\" data-start=\"5940\" data-end=\"6266\">Dermatologisch getestet und nicht komedogen ist die <strong data-start=\"5992\" data-end=\"6036\">SWISSOXX Radiance Perfection Peel Lotion<\/strong> f\u00fcr alle Hauttypen geeignet \u2013 auch f\u00fcr empfindliche Haut. Ob t\u00e4glich oder je nach Bedarf angewendet \u2013 sie ist ein unverzichtbarer Schritt in der t\u00e4glichen Pflegeroutine f\u00fcr eine strahlende, gesunde und jugendlich aussehende Haut.<\/p>\n<p data-start=\"5940\" data-end=\"6266\">SWISSOXX Radiance Perfection Peel Lotion 150ml ist eine Peeling-Lotion der neuen Generation, die entwickelt wurde, um eine sanfte.<\/p>\n<p data-start=\"1402\" data-end=\"1759\">Follow us! <a href=\"https:\/\/www.instagram.com\/freeshopswiss\/\" target=\"_blank\" rel=\"noopener\">@freeshopswiss\u00a0<\/a><\/p>\n","protected":false},"excerpt":{"rendered":"<p>SWISSOXX Radiance Perfection Peel Lotion 150ml ist eine Peeling-Lotion der neuen Generation, die entwickelt wurde, um eine sanfte, aber intensive Pflege zu bieten und die Haut sichtbar zu verwandeln. Mit einer wirkungsvollen Kombination aus AHA (Alpha-Hydroxys\u00e4uren) und nat\u00fcrlichen Wirkstoffen entfernt diese Lotion abgestorbene Hautzellen und Unreinheiten von der Hautoberfl\u00e4che \u2013 f\u00fcr einen sichtbar strahlenderen, glatteren [&hellip;]<\/p>\n","protected":false},"featured_media":24195,"comment_status":"open","ping_status":"closed","template":"","meta":[],"pwb-brand":[432],"product_brand":[],"product_cat":[292,111,546],"product_tag":[419,293,300],"class_list":{"0":"post-24199","1":"product","2":"type-product","3":"status-publish","4":"has-post-thumbnail","6":"pwb-brand-swissoxx","7":"product_cat-behandlungen","8":"product_cat-fur-sie-de","9":"product_cat-gesichtsbehandlung","10":"product_tag-behandlungen-de","11":"product_tag-frau","12":"product_tag-gesichtsbehandlungen","14":"first","15":"instock","16":"sale","17":"taxable","18":"shipping-taxable","19":"purchasable","20":"product-type-simple"},"brands":[{"id":432,"name":"Swissoxx","slug":"swissoxx"}],"_links":{"self":[{"href":"https:\/\/www.freeshopfrontiera.ch\/de\/wp-json\/wp\/v2\/product\/24199","targetHints":{"allow":["GET"]}}],"collection":[{"href":"https:\/\/www.freeshopfrontiera.ch\/de\/wp-json\/wp\/v2\/product"}],"about":[{"href":"https:\/\/www.freeshopfrontiera.ch\/de\/wp-json\/wp\/v2\/types\/product"}],"replies":[{"embeddable":true,"href":"https:\/\/www.freeshopfrontiera.ch\/de\/wp-json\/wp\/v2\/comments?post=24199"}],"version-history":[{"count":2,"href":"https:\/\/www.freeshopfrontiera.ch\/de\/wp-json\/wp\/v2\/product\/24199\/revisions"}],"predecessor-version":[{"id":24204,"href":"https:\/\/www.freeshopfrontiera.ch\/de\/wp-json\/wp\/v2\/product\/24199\/revisions\/24204"}],"wp:featuredmedia":[{"embeddable":true,"href":"https:\/\/www.freeshopfrontiera.ch\/de\/wp-json\/wp\/v2\/media\/24195"}],"wp:attachment":[{"href":"https:\/\/www.freeshopfrontiera.ch\/de\/wp-json\/wp\/v2\/media?parent=24199"}],"wp:term":[{"taxonomy":"pwb-brand","embeddable":true,"href":"https:\/\/www.freeshopfrontiera.ch\/de\/wp-json\/wp\/v2\/pwb-brand?post=24199"},{"taxonomy":"product_brand","embeddable":true,"href":"https:\/\/www.freeshopfrontiera.ch\/de\/wp-json\/wp\/v2\/product_brand?post=24199"},{"taxonomy":"product_cat","embeddable":true,"href":"https:\/\/www.freeshopfrontiera.ch\/de\/wp-json\/wp\/v2\/product_cat?post=24199"},{"taxonomy":"product_tag","embeddable":true,"href":"https:\/\/www.freeshopfrontiera.ch\/de\/wp-json\/wp\/v2\/product_tag?post=24199"}],"curies":[{"name":"wp","href":"https:\/\/api.w.org\/{rel}","templated":true}]}}