{"id":24231,"date":"2025-04-08T15:08:20","date_gmt":"2025-04-08T15:08:20","guid":{"rendered":"https:\/\/freeshopswiss.alesca.org\/shop\/clarins-brume-solaire-embellissante-spf50\/"},"modified":"2025-04-09T07:11:23","modified_gmt":"2025-04-09T07:11:23","slug":"clarins-brume-solaire-embellissante-spf50","status":"publish","type":"product","link":"https:\/\/www.freeshopfrontiera.ch\/de\/shop\/clarins-brume-solaire-embellissante-spf50\/","title":{"rendered":"CLARINS Brume Solaire Embellissante SPF50+"},"content":{"rendered":"<p>CLARINS Brume Solaire Embellissante SPF50+ 150 ml ist ein fortschrittliches Sonnenschutzmittel, das die Haut optimal vor sch\u00e4dlichen UVA- und UVB-Strahlen sch\u00fctzt und gleichzeitig ihre Leuchtkraft und nat\u00fcrliche Sch\u00f6nheit verbessert. Dieser leichte und frische Sonnennebel bietet mit LSF 50+ hohen Schutz und ist somit ideal f\u00fcr alle Sonneneinstrahlungssituationen, selbst an den intensivsten Tagen.<\/p>\n<p>Seine innovative Formel sch\u00fctzt die Haut nicht nur vor Sonnensch\u00e4den, sondern pflegt sie auch und l\u00e4sst sie dank der enthaltenen Pflanzenextrakte, die sie tiefenwirksam mit Feuchtigkeit versorgen, sichtbar strahlender aussehen. Die ultraleichte Textur l\u00e4sst sich leicht auftragen, ohne R\u00fcckst\u00e4nde zu hinterlassen und sorgt f\u00fcr ein seidiges und nat\u00fcrliches Aussehen. Die Haut erscheint gesch\u00fctzt, strahlend und frisch, als w\u00e4re sie durch das Licht veredelt.<\/p>\n<p>Dieses Sonnenschutzspray ist perfekt f\u00fcr alle Hauttypen, auch f\u00fcr die empfindlichste, und kann sowohl vor dem Sonnenbaden als auch tags\u00fcber f\u00fcr eine Extraportion Frische auf Gesicht und K\u00f6rper aufgetragen werden. Seine wasserfeste Formel macht es ideal f\u00fcr Outdoor-Aktivit\u00e4ten wie Wassersport oder Spazierg\u00e4nge am Meer, ohne dass dabei auf Schutz und Komfort verzichtet werden muss.<\/p>\n<p>CLARINS Brume Solaire Embellissante SPF50+ ist ein Muss f\u00fcr alle, die ihre Haut vor Sonnenstrahlen sch\u00fctzen m\u00f6chten, ohne auf Sch\u00f6nheit und nat\u00fcrliche Ausstrahlung verzichten zu m\u00fcssen. Mit seiner praktischen 150-ml-Verpackung ist es der perfekte Verb\u00fcndete f\u00fcr Ihre Sommertage.<\/p>\n<p data-start=\"1386\" data-end=\"1648\">Follow us! <a href=\"https:\/\/www.instagram.com\/freeshopswiss\/\" target=\"_blank\" rel=\"noopener\">@freeshopswiss\u00a0<\/a><\/p>\n","protected":false},"excerpt":{"rendered":"<p>CLARINS Brume Solaire Embellissante SPF50+ 150 ml ist ein fortschrittliches Sonnenschutzmittel, das die Haut optimal vor sch\u00e4dlichen UVA- und UVB-Strahlen sch\u00fctzt und gleichzeitig ihre Leuchtkraft und nat\u00fcrliche Sch\u00f6nheit verbessert. Dieser leichte und frische Sonnennebel bietet mit LSF 50+ hohen Schutz und ist somit ideal f\u00fcr alle Sonneneinstrahlungssituationen, selbst an den intensivsten Tagen. Seine innovative Formel [&hellip;]<\/p>\n","protected":false},"featured_media":24226,"comment_status":"open","ping_status":"closed","template":"","meta":[],"pwb-brand":[311],"product_brand":[],"product_cat":[292,425],"product_tag":[293,953,554,492],"class_list":{"0":"post-24231","1":"product","2":"type-product","3":"status-publish","4":"has-post-thumbnail","6":"pwb-brand-clarins","7":"product_cat-behandlungen","8":"product_cat-solari-de","9":"product_tag-frau","10":"product_tag-uomo-de","11":"product_tag-sonnenschutzcreme","12":"product_tag-sonnenschutzmittel","14":"first","15":"outofstock","16":"sale","17":"taxable","18":"shipping-taxable","19":"purchasable","20":"product-type-simple"},"brands":[{"id":311,"name":"Clarins","slug":"clarins"}],"_links":{"self":[{"href":"https:\/\/www.freeshopfrontiera.ch\/de\/wp-json\/wp\/v2\/product\/24231","targetHints":{"allow":["GET"]}}],"collection":[{"href":"https:\/\/www.freeshopfrontiera.ch\/de\/wp-json\/wp\/v2\/product"}],"about":[{"href":"https:\/\/www.freeshopfrontiera.ch\/de\/wp-json\/wp\/v2\/types\/product"}],"replies":[{"embeddable":true,"href":"https:\/\/www.freeshopfrontiera.ch\/de\/wp-json\/wp\/v2\/comments?post=24231"}],"version-history":[{"count":1,"href":"https:\/\/www.freeshopfrontiera.ch\/de\/wp-json\/wp\/v2\/product\/24231\/revisions"}],"predecessor-version":[{"id":24247,"href":"https:\/\/www.freeshopfrontiera.ch\/de\/wp-json\/wp\/v2\/product\/24231\/revisions\/24247"}],"wp:featuredmedia":[{"embeddable":true,"href":"https:\/\/www.freeshopfrontiera.ch\/de\/wp-json\/wp\/v2\/media\/24226"}],"wp:attachment":[{"href":"https:\/\/www.freeshopfrontiera.ch\/de\/wp-json\/wp\/v2\/media?parent=24231"}],"wp:term":[{"taxonomy":"pwb-brand","embeddable":true,"href":"https:\/\/www.freeshopfrontiera.ch\/de\/wp-json\/wp\/v2\/pwb-brand?post=24231"},{"taxonomy":"product_brand","embeddable":true,"href":"https:\/\/www.freeshopfrontiera.ch\/de\/wp-json\/wp\/v2\/product_brand?post=24231"},{"taxonomy":"product_cat","embeddable":true,"href":"https:\/\/www.freeshopfrontiera.ch\/de\/wp-json\/wp\/v2\/product_cat?post=24231"},{"taxonomy":"product_tag","embeddable":true,"href":"https:\/\/www.freeshopfrontiera.ch\/de\/wp-json\/wp\/v2\/product_tag?post=24231"}],"curies":[{"name":"wp","href":"https:\/\/api.w.org\/{rel}","templated":true}]}}