{"id":24372,"date":"2025-04-09T10:47:51","date_gmt":"2025-04-09T10:47:51","guid":{"rendered":"https:\/\/freeshopswiss.alesca.org\/shop\/clarins-hydra-essentiel-baume-levres-reparateur-15ml\/"},"modified":"2025-04-09T11:07:37","modified_gmt":"2025-04-09T11:07:37","slug":"clarins-hydra-essentiel-baume-levres-reparateur-15ml","status":"publish","type":"product","link":"https:\/\/www.freeshopfrontiera.ch\/de\/shop\/clarins-hydra-essentiel-baume-levres-reparateur-15ml\/","title":{"rendered":"CLARINS Hydra-Essentiel Baume Levres Reparateur 15ml"},"content":{"rendered":"<p class=\"\" data-start=\"3271\" data-end=\"3659\">Der <strong data-start=\"3275\" data-end=\"3334\">Clarins Hydra-Essentiel Reparierender Lippenbalsam 15ml<\/strong> ist mehr als nur ein Lippenpflegestift \u2013 er ist eine umfassende Behandlung, die die Lippen <strong data-start=\"3426\" data-end=\"3476\">repariert, aufpolstert und zum Strahlen bringt<\/strong>. Angereichert mit <strong data-start=\"3495\" data-end=\"3512\">Hyalurons\u00e4ure<\/strong> und nat\u00fcrlichen Inhaltsstoffen, bek\u00e4mpft dieser Balsam Trockenheit, Risse und Volumenverlust und sorgt f\u00fcr sofortigen und langanhaltenden Komfort.<\/p>\n<p class=\"\" data-start=\"3661\" data-end=\"4105\">Seine <strong data-start=\"3667\" data-end=\"3703\">reichhaltige, schmelzende Textur<\/strong> legt sich wie ein sch\u00fctzender Film auf die Lippen und bewahrt sie vor \u00e4u\u00dferen Einfl\u00fcssen wie K\u00e4lte, Wind oder Temperaturschwankungen. Im Zentrum der Formel steht die innovative <strong data-start=\"3881\" data-end=\"3910\">Hyaluronic Lip Technology<\/strong>, die <strong data-start=\"3916\" data-end=\"3952\">pflanzliche Hyalurons\u00e4ure-Perlen<\/strong> mit <strong data-start=\"3957\" data-end=\"3984\">aufpolsternden Peptiden<\/strong> kombiniert. Diese Wirkstoffe verleihen den Lippen ein sichtbar volleres, glatteres Aussehen und einen nat\u00fcrlichen Glanz.<\/p>\n<p class=\"\" data-start=\"4107\" data-end=\"4439\"><strong data-start=\"4107\" data-end=\"4127\">Bio-Kakaoextrakt<\/strong> spendet intensive Feuchtigkeit und pflegt tiefenwirksam, w\u00e4hrend weitere beruhigende Wirkstoffe die Lippen regenerieren und sch\u00fctzen. Schon nach der ersten Anwendung f\u00fchlen sich die Lippen <strong data-start=\"4317\" data-end=\"4371\">geschmeidiger, elastischer und sichtbar gepflegter<\/strong> an. Mit jeder Anwendung wirken sie voller, glatter und strahlender.<\/p>\n<p class=\"\" data-start=\"4441\" data-end=\"4705\">Ideal f\u00fcr den t\u00e4glichen Gebrauch oder als intensiver Nachtbalsam \u2013 dieser Lippenbalsam ist ein unverzichtbarer Begleiter f\u00fcr <strong data-start=\"4566\" data-end=\"4616\">gepflegte, hydratisierte und gesch\u00fctzte Lippen<\/strong> \u2013 das ganze Jahr \u00fcber. Die nicht klebende Formel hinterl\u00e4sst ein zart gl\u00e4nzendes Finish. Clarins Hydra-Essentiel Reparierender Lippenbalsam ist mehr als nur ein Lippenpflegestift er ist eine umfassende Behandlung, die die Lippen repariert und aufpolstert.<\/p>\n<p class=\"\" data-start=\"4707\" data-end=\"4858\">Mit dem <strong data-start=\"4715\" data-end=\"4759\">Hydra-Essentiel Lippenbalsam von Clarins<\/strong> kehrt die nat\u00fcrliche Sch\u00f6nheit Ihrer Lippen zur\u00fcck: <strong data-start=\"4812\" data-end=\"4857\">voller, strahlender und intensiv gepflegt<\/strong>.<\/p>\n<p data-start=\"1610\" data-end=\"1829\">Follow us!\u00a0<a href=\"https:\/\/www.instagram.com\/freeshopswiss\/\" target=\"_blank\" rel=\"noopener\">@freeshopswiss<\/a><\/p>\n","protected":false},"excerpt":{"rendered":"<p>Der Clarins Hydra-Essentiel Reparierender Lippenbalsam 15ml ist mehr als nur ein Lippenpflegestift \u2013 er ist eine umfassende Behandlung, die die Lippen repariert, aufpolstert und zum Strahlen bringt. Angereichert mit Hyalurons\u00e4ure und nat\u00fcrlichen Inhaltsstoffen, bek\u00e4mpft dieser Balsam Trockenheit, Risse und Volumenverlust und sorgt f\u00fcr sofortigen und langanhaltenden Komfort. Seine reichhaltige, schmelzende Textur legt sich wie ein [&hellip;]<\/p>\n","protected":false},"featured_media":24360,"comment_status":"open","ping_status":"closed","template":"","meta":[],"pwb-brand":[311],"product_brand":[],"product_cat":[292,111,546],"product_tag":[419,293,300],"class_list":{"0":"post-24372","1":"product","2":"type-product","3":"status-publish","4":"has-post-thumbnail","6":"pwb-brand-clarins","7":"product_cat-behandlungen","8":"product_cat-fur-sie-de","9":"product_cat-gesichtsbehandlung","10":"product_tag-behandlungen-de","11":"product_tag-frau","12":"product_tag-gesichtsbehandlungen","14":"first","15":"instock","16":"sale","17":"taxable","18":"shipping-taxable","19":"purchasable","20":"product-type-simple"},"brands":[{"id":311,"name":"Clarins","slug":"clarins"}],"_links":{"self":[{"href":"https:\/\/www.freeshopfrontiera.ch\/de\/wp-json\/wp\/v2\/product\/24372","targetHints":{"allow":["GET"]}}],"collection":[{"href":"https:\/\/www.freeshopfrontiera.ch\/de\/wp-json\/wp\/v2\/product"}],"about":[{"href":"https:\/\/www.freeshopfrontiera.ch\/de\/wp-json\/wp\/v2\/types\/product"}],"replies":[{"embeddable":true,"href":"https:\/\/www.freeshopfrontiera.ch\/de\/wp-json\/wp\/v2\/comments?post=24372"}],"version-history":[{"count":2,"href":"https:\/\/www.freeshopfrontiera.ch\/de\/wp-json\/wp\/v2\/product\/24372\/revisions"}],"predecessor-version":[{"id":24377,"href":"https:\/\/www.freeshopfrontiera.ch\/de\/wp-json\/wp\/v2\/product\/24372\/revisions\/24377"}],"wp:featuredmedia":[{"embeddable":true,"href":"https:\/\/www.freeshopfrontiera.ch\/de\/wp-json\/wp\/v2\/media\/24360"}],"wp:attachment":[{"href":"https:\/\/www.freeshopfrontiera.ch\/de\/wp-json\/wp\/v2\/media?parent=24372"}],"wp:term":[{"taxonomy":"pwb-brand","embeddable":true,"href":"https:\/\/www.freeshopfrontiera.ch\/de\/wp-json\/wp\/v2\/pwb-brand?post=24372"},{"taxonomy":"product_brand","embeddable":true,"href":"https:\/\/www.freeshopfrontiera.ch\/de\/wp-json\/wp\/v2\/product_brand?post=24372"},{"taxonomy":"product_cat","embeddable":true,"href":"https:\/\/www.freeshopfrontiera.ch\/de\/wp-json\/wp\/v2\/product_cat?post=24372"},{"taxonomy":"product_tag","embeddable":true,"href":"https:\/\/www.freeshopfrontiera.ch\/de\/wp-json\/wp\/v2\/product_tag?post=24372"}],"curies":[{"name":"wp","href":"https:\/\/api.w.org\/{rel}","templated":true}]}}