{"id":24740,"date":"2025-04-10T15:15:25","date_gmt":"2025-04-10T15:15:25","guid":{"rendered":"https:\/\/freeshopswiss.alesca.org\/shop\/pupa-made-to-last-long-lasting-stick-eyeshadow-wp-1-4g\/"},"modified":"2025-04-10T15:40:21","modified_gmt":"2025-04-10T15:40:21","slug":"pupa-made-to-last-long-lasting-stick-eyeshadow-wp-1-4g","status":"publish","type":"product","link":"https:\/\/www.freeshopfrontiera.ch\/de\/shop\/pupa-made-to-last-long-lasting-stick-eyeshadow-wp-1-4g\/","title":{"rendered":"PUPA Made to Last Long Lasting Stick Eyeshadow WP 1.4g"},"content":{"rendered":"<p class=\"\" data-start=\"1915\" data-end=\"2032\"><strong data-start=\"1915\" data-end=\"2032\">PUPA Made to Last Long Lasting Stick Eyeshadow WP 1.4g \u2013 Intensive Farbe, hoher Komfort, extrem lange Haltbarkeit<\/strong><\/p>\n<p class=\"\" data-start=\"2034\" data-end=\"2392\">Der <strong data-start=\"2038\" data-end=\"2059\">PUPA Made to Last<\/strong> Lidschatten-Stick ist die ideale Wahl f\u00fcr alle, die ein hochaufl\u00f6sendes Augen-Make-up mit intensiver Farbe, einfacher Anwendung und besonders langer Haltbarkeit w\u00fcnschen. Die cremige, zart schmelzende Textur l\u00e4sst sich m\u00fchelos auftragen und verleiht bereits beim ersten Strich eine satte, gleichm\u00e4\u00dfige Farbe \u2013 ganz ohne Nachbessern.<\/p>\n<p class=\"\" data-start=\"2394\" data-end=\"2683\">Dank der speziellen <strong data-start=\"2414\" data-end=\"2450\">wasserfesten Long-Lasting-Formel<\/strong> h\u00e4lt der Lidschatten bis zu <strong data-start=\"2479\" data-end=\"2493\">16 Stunden<\/strong> \u2013 ganz ohne Verwischen, Absetzen oder Verblassen. Selbst bei Hitze, Feuchtigkeit oder Tr\u00e4nen bleibt das Make-up perfekt. Ideal f\u00fcr stressige Tage, besondere Anl\u00e4sse oder hei\u00dfe Sommerabende.<\/p>\n<p class=\"\" data-start=\"2685\" data-end=\"3048\">Die geschmeidige Textur erm\u00f6glicht sowohl ein schnelles, nat\u00fcrliches Verblenden als auch einen pr\u00e4zisen Auftrag f\u00fcr markante Linien. Der Stick kann alleine verwendet oder als Basis f\u00fcr Puder-Lidschatten genutzt werden, um die Farbintensit\u00e4t und Haltbarkeit zu steigern. Erh\u00e4ltlich in vielen vielseitigen, leuchtenden Farbt\u00f6nen, die zu jedem Stil und Teint passen.<\/p>\n<p class=\"\" data-start=\"3050\" data-end=\"3230\">Das <strong data-start=\"3054\" data-end=\"3075\">1,4g-Stick-Format<\/strong> ist handlich und praktisch \u2013 perfekt f\u00fcr unterwegs oder auf Reisen. Der drehbare Mechanismus macht die Anwendung schnell und einfach, ganz ohne Anspitzer.<\/p>\n<p class=\"\" data-start=\"3232\" data-end=\"3365\"><strong data-start=\"3232\" data-end=\"3272\">PUPA Made to Last Stick Eyeshadow WP<\/strong> ist augen\u00e4rztlich getestet und auch f\u00fcr empfindliche Augen und Kontaktlinsentr\u00e4ger geeignet.<\/p>\n<p class=\"\" data-start=\"3367\" data-end=\"3555\">Ein professioneller Lidschatten \u2013 einfach in der Anwendung, mit ganzt\u00e4giger Haltbarkeit.<br data-start=\"3455\" data-end=\"3458\" \/>Erleben Sie ausdrucksstarke, definierte und langanhaltende Augen-Looks mit <strong data-start=\"3533\" data-end=\"3554\">PUPA Made to Last<\/strong>.<\/p>\n<p data-start=\"1667\" data-end=\"1840\">Follow us!\u00a0<a href=\"https:\/\/www.instagram.com\/freeshopswiss\/\" target=\"_blank\" rel=\"noopener\">@freeshopswiss<\/a><\/p>\n","protected":false},"excerpt":{"rendered":"<p>PUPA Made to Last Long Lasting Stick Eyeshadow WP 1.4g \u2013 Intensive Farbe, hoher Komfort, extrem lange Haltbarkeit Der PUPA Made to Last Lidschatten-Stick ist die ideale Wahl f\u00fcr alle, die ein hochaufl\u00f6sendes Augen-Make-up mit intensiver Farbe, einfacher Anwendung und besonders langer Haltbarkeit w\u00fcnschen. Die cremige, zart schmelzende Textur l\u00e4sst sich m\u00fchelos auftragen und verleiht [&hellip;]<\/p>\n","protected":false},"featured_media":24647,"comment_status":"open","ping_status":"closed","template":"","meta":[],"pwb-brand":[581],"product_brand":[],"product_cat":[111,537,567],"product_tag":[470,293,4368,476,5051,5047],"class_list":{"0":"post-24740","1":"product","2":"type-product","3":"status-publish","4":"has-post-thumbnail","6":"pwb-brand-pupa","7":"product_cat-fur-sie-de","8":"product_cat-augen-make-up","9":"product_cat-make-up-de-2","10":"product_tag-augen-make-up","11":"product_tag-frau","12":"product_tag-fruehlingsspecial","13":"product_tag-make-up-de","14":"product_tag-muttertag","15":"product_tag-unter-30-chf","17":"first","18":"instock","19":"sale","20":"taxable","21":"shipping-taxable","22":"purchasable","23":"product-type-variable","24":"has-default-attributes"},"brands":[{"id":581,"name":"Pupa","slug":"pupa"}],"_links":{"self":[{"href":"https:\/\/www.freeshopfrontiera.ch\/de\/wp-json\/wp\/v2\/product\/24740","targetHints":{"allow":["GET"]}}],"collection":[{"href":"https:\/\/www.freeshopfrontiera.ch\/de\/wp-json\/wp\/v2\/product"}],"about":[{"href":"https:\/\/www.freeshopfrontiera.ch\/de\/wp-json\/wp\/v2\/types\/product"}],"replies":[{"embeddable":true,"href":"https:\/\/www.freeshopfrontiera.ch\/de\/wp-json\/wp\/v2\/comments?post=24740"}],"version-history":[{"count":3,"href":"https:\/\/www.freeshopfrontiera.ch\/de\/wp-json\/wp\/v2\/product\/24740\/revisions"}],"predecessor-version":[{"id":24763,"href":"https:\/\/www.freeshopfrontiera.ch\/de\/wp-json\/wp\/v2\/product\/24740\/revisions\/24763"}],"wp:featuredmedia":[{"embeddable":true,"href":"https:\/\/www.freeshopfrontiera.ch\/de\/wp-json\/wp\/v2\/media\/24647"}],"wp:attachment":[{"href":"https:\/\/www.freeshopfrontiera.ch\/de\/wp-json\/wp\/v2\/media?parent=24740"}],"wp:term":[{"taxonomy":"pwb-brand","embeddable":true,"href":"https:\/\/www.freeshopfrontiera.ch\/de\/wp-json\/wp\/v2\/pwb-brand?post=24740"},{"taxonomy":"product_brand","embeddable":true,"href":"https:\/\/www.freeshopfrontiera.ch\/de\/wp-json\/wp\/v2\/product_brand?post=24740"},{"taxonomy":"product_cat","embeddable":true,"href":"https:\/\/www.freeshopfrontiera.ch\/de\/wp-json\/wp\/v2\/product_cat?post=24740"},{"taxonomy":"product_tag","embeddable":true,"href":"https:\/\/www.freeshopfrontiera.ch\/de\/wp-json\/wp\/v2\/product_tag?post=24740"}],"curies":[{"name":"wp","href":"https:\/\/api.w.org\/{rel}","templated":true}]}}