{"id":25377,"date":"2025-04-14T10:53:09","date_gmt":"2025-04-14T10:53:09","guid":{"rendered":"https:\/\/freeshopswiss.alesca.org\/shop\/pupa-im-loveproof-matt-liquid-lip-colour-2-7ml\/"},"modified":"2025-04-14T11:17:49","modified_gmt":"2025-04-14T11:17:49","slug":"pupa-im-loveproof-matt-liquid-lip-colour-2-7ml","status":"publish","type":"product","link":"https:\/\/www.freeshopfrontiera.ch\/de\/shop\/pupa-im-loveproof-matt-liquid-lip-colour-2-7ml\/","title":{"rendered":"PUPA I&#8217;m Loveproof Matt Liquid Lip Colour 2.7ml"},"content":{"rendered":"<p class=\"\" data-start=\"1596\" data-end=\"1850\"><strong data-start=\"1596\" data-end=\"1648\">PUPA I\u2019m Loveproof Matt Liquid Lip Colour 2,7 ml<\/strong> ist der fl\u00fcssige Matt-Lippenstift, der intensive Farbe, langen Halt und maximalen Tragekomfort vereint. Perfekt f\u00fcr alle, die definierte Lippen mit einem raffinierten und kompromisslosen Look w\u00fcnschen.<\/p>\n<p class=\"\" data-start=\"1852\" data-end=\"2127\">Die leichte, fl\u00fcssige Textur l\u00e4sst sich m\u00fchelos auftragen, haftet perfekt auf den Lippen und trocknet schnell mit einem samtig-matten Finish, das nicht austrocknet. Die Farbe ist bereits beim ersten Auftrag intensiv und h\u00e4lt stundenlang, ohne zu verschmieren oder abzuf\u00e4rben.<\/p>\n<p class=\"\" data-start=\"2129\" data-end=\"2368\">Die Formel ist mit pflegenden Inhaltsstoffen angereichert, die die Lippen weich und geschmeidig halten und langanhaltenden Komfort bieten. Der flauschige Applikator erm\u00f6glicht ein pr\u00e4zises, gleichm\u00e4\u00dfiges Auftragen entlang der Lippenkontur.<\/p>\n<p class=\"\" data-start=\"2370\" data-end=\"2591\">Erh\u00e4ltlich in einer Vielzahl moderner und eleganter Farbt\u00f6ne \u2013 von nat\u00fcrlichen Nude-T\u00f6nen \u00fcber kr\u00e4ftige Rott\u00f6ne bis hin zu mutigen Trendfarben. F\u00fcr jeden Stil gibt es die passende Nuance, um das L\u00e4cheln zu unterstreichen.<\/p>\n<p data-start=\"2370\" data-end=\"2591\">PUPA I\u2019m Loveproof Matt Liquid Lip Colour 2,7 ml ist der fl\u00fcssige Matt-Lippenstift, der intensive Farbe, langen Halt und maximalen Tragekomfort vereint.<\/p>\n<p class=\"\" data-start=\"2593\" data-end=\"2769\"><strong data-start=\"2593\" data-end=\"2615\">PUPA I\u2019m Loveproof<\/strong> ist ideal f\u00fcr jeden Moment: ein romantisches Date, ein langer Arbeitstag oder ein besonderer Abend. Kussfest, essfest, trinkfest \u2013 bereit f\u00fcr den Alltag.<\/p>\n<p class=\"\" data-start=\"2771\" data-end=\"2836\">Dermatologisch getestet. Nicht komedogen. Hergestellt in Italien.<\/p>\n<p class=\"\" data-start=\"2838\" data-end=\"2936\"><strong data-start=\"2838\" data-end=\"2936\">Mit I\u2019m Loveproof Matt bleibt die Farbe \u2013 und die Liebe auch. F\u00fcr Lippen, die Geschichten erz\u00e4hlen.<\/strong><\/p>\n<p data-start=\"1414\" data-end=\"1472\">Follow us! \u00a0<a href=\"https:\/\/www.instagram.com\/freeshopswiss\/\" target=\"_blank\" rel=\"noopener\">@freeshopswiss<\/a><\/p>\n","protected":false},"excerpt":{"rendered":"<p>PUPA I\u2019m Loveproof Matt Liquid Lip Colour 2,7 ml ist der fl\u00fcssige Matt-Lippenstift, der intensive Farbe, langen Halt und maximalen Tragekomfort vereint. Perfekt f\u00fcr alle, die definierte Lippen mit einem raffinierten und kompromisslosen Look w\u00fcnschen. Die leichte, fl\u00fcssige Textur l\u00e4sst sich m\u00fchelos auftragen, haftet perfekt auf den Lippen und trocknet schnell mit einem samtig-matten Finish, [&hellip;]<\/p>\n","protected":false},"featured_media":25285,"comment_status":"open","ping_status":"closed","template":"","meta":[],"pwb-brand":[581],"product_brand":[],"product_cat":[588,567],"product_tag":[293,589,476],"class_list":{"0":"post-25377","1":"product","2":"type-product","3":"status-publish","4":"has-post-thumbnail","6":"pwb-brand-pupa","7":"product_cat-lippen-make-up-de","8":"product_cat-make-up-de-2","9":"product_tag-frau","10":"product_tag-lippen-make-up-de","11":"product_tag-make-up-de","13":"first","14":"instock","15":"sale","16":"taxable","17":"shipping-taxable","18":"purchasable","19":"product-type-variable","20":"has-default-attributes"},"brands":[{"id":581,"name":"Pupa","slug":"pupa"}],"_links":{"self":[{"href":"https:\/\/www.freeshopfrontiera.ch\/de\/wp-json\/wp\/v2\/product\/25377","targetHints":{"allow":["GET"]}}],"collection":[{"href":"https:\/\/www.freeshopfrontiera.ch\/de\/wp-json\/wp\/v2\/product"}],"about":[{"href":"https:\/\/www.freeshopfrontiera.ch\/de\/wp-json\/wp\/v2\/types\/product"}],"replies":[{"embeddable":true,"href":"https:\/\/www.freeshopfrontiera.ch\/de\/wp-json\/wp\/v2\/comments?post=25377"}],"version-history":[{"count":3,"href":"https:\/\/www.freeshopfrontiera.ch\/de\/wp-json\/wp\/v2\/product\/25377\/revisions"}],"predecessor-version":[{"id":25402,"href":"https:\/\/www.freeshopfrontiera.ch\/de\/wp-json\/wp\/v2\/product\/25377\/revisions\/25402"}],"wp:featuredmedia":[{"embeddable":true,"href":"https:\/\/www.freeshopfrontiera.ch\/de\/wp-json\/wp\/v2\/media\/25285"}],"wp:attachment":[{"href":"https:\/\/www.freeshopfrontiera.ch\/de\/wp-json\/wp\/v2\/media?parent=25377"}],"wp:term":[{"taxonomy":"pwb-brand","embeddable":true,"href":"https:\/\/www.freeshopfrontiera.ch\/de\/wp-json\/wp\/v2\/pwb-brand?post=25377"},{"taxonomy":"product_brand","embeddable":true,"href":"https:\/\/www.freeshopfrontiera.ch\/de\/wp-json\/wp\/v2\/product_brand?post=25377"},{"taxonomy":"product_cat","embeddable":true,"href":"https:\/\/www.freeshopfrontiera.ch\/de\/wp-json\/wp\/v2\/product_cat?post=25377"},{"taxonomy":"product_tag","embeddable":true,"href":"https:\/\/www.freeshopfrontiera.ch\/de\/wp-json\/wp\/v2\/product_tag?post=25377"}],"curies":[{"name":"wp","href":"https:\/\/api.w.org\/{rel}","templated":true}]}}