{"id":25685,"date":"2025-04-14T15:18:21","date_gmt":"2025-04-14T15:18:21","guid":{"rendered":"https:\/\/freeshopswiss.alesca.org\/shop\/mixsoon-bean-toner\/"},"modified":"2025-10-06T21:41:25","modified_gmt":"2025-10-06T21:41:25","slug":"mixsoon-bean-toner","status":"publish","type":"product","link":"https:\/\/www.freeshopfrontiera.ch\/de\/shop\/mixsoon-bean-toner\/","title":{"rendered":"MIXSOON Bean Toner"},"content":{"rendered":"<p class=\"\" data-start=\"1694\" data-end=\"2042\"><strong>Der MIXSOON Bean Toner<\/strong> ist ein sanftes, revitalisierendes Gesichtstonikum, das die Haut tiefenwirksam mit Feuchtigkeit versorgt und ins Gleichgewicht bringt. Es hinterl\u00e4sst die Haut sichtbar frischer, strahlender und geschmeidiger. Dank der fermentierten Inhaltsstoffe vereint dieses Produkt fern\u00f6stliche Tradition mit moderner Kosmetiktechnologie.<\/p>\n<p class=\"\" data-start=\"2044\" data-end=\"2410\">Der Hauptbestandteil ist fermentierter Sojabohnenextrakt, der f\u00fcr seine beruhigenden, reinigenden und antioxidativen Eigenschaften bekannt ist. Er hilft, die Haut ins Gleichgewicht zu bringen, die Talgproduktion zu regulieren und die Elastizit\u00e4t zu verbessern. Gleichzeitig f\u00f6rdert er die Aufnahme nachfolgender Pflegeprodukte, indem er die Haut optimal vorbereitet.<\/p>\n<p class=\"\" data-start=\"2412\" data-end=\"2670\">Die fl\u00fcssige, leichte Textur zieht schnell ein, ohne R\u00fcckst\u00e4nde zu hinterlassen. Ideal f\u00fcr alle Hauttypen, auch f\u00fcr empfindliche, fettige oder zu Akne neigende Haut. R\u00f6tungen werden gemildert, Unreinheiten reduziert und das Hautbild nach und nach verbessert.<\/p>\n<p class=\"\" data-start=\"2672\" data-end=\"2970\">Bei t\u00e4glicher Anwendung spendet der Bean Toner intensive Feuchtigkeit, sorgt f\u00fcr ein ebenm\u00e4\u00dfiges Hautbild und wirkt sichtbar belebend. Er kann mit einem Wattepad oder durch sanftes Einklopfen mit den H\u00e4nden aufgetragen werden \u2013 ideal f\u00fcr die mehrschichtige koreanische Pflegeroutine f\u00fcr extra Glow.<\/p>\n<p class=\"\" data-start=\"2972\" data-end=\"3151\">Frei von Alkohol, Parabenen und k\u00fcnstlichen Duftstoffen. Vegan und tierversuchsfrei \u2013 perfekt f\u00fcr alle, die ein wirksames und zugleich haut- und umweltfreundliches Produkt suchen.<\/p>\n<p class=\"\" data-start=\"3153\" data-end=\"3310\">Mit dem MIXSOON Bean Toner wird deine Pflegeroutine durch einen kraftvollen Verb\u00fcndeten f\u00fcr gesunde, ausgeglichene und strahlende Haut erg\u00e4nzt \u2013 Tag f\u00fcr Tag.<\/p>\n<p data-start=\"3153\" data-end=\"3310\">\n<p data-start=\"1758\" data-end=\"1907\">Follow us!\u00a0<a href=\"https:\/\/www.instagram.com\/freeshopswiss\/\" target=\"_blank\" rel=\"noopener\">@freeshopswiss<\/a><\/p>\n","protected":false},"excerpt":{"rendered":"<p>Der MIXSOON Bean Toner ist ein sanftes, revitalisierendes Gesichtstonikum, das die Haut tiefenwirksam mit Feuchtigkeit versorgt und ins Gleichgewicht bringt. Es hinterl\u00e4sst die Haut sichtbar frischer, strahlender und geschmeidiger. Dank der fermentierten Inhaltsstoffe vereint dieses Produkt fern\u00f6stliche Tradition mit moderner Kosmetiktechnologie. Der Hauptbestandteil ist fermentierter Sojabohnenextrakt, der f\u00fcr seine beruhigenden, reinigenden und antioxidativen Eigenschaften bekannt [&hellip;]<\/p>\n","protected":false},"featured_media":25667,"comment_status":"open","ping_status":"closed","template":"","meta":[],"pwb-brand":[299],"product_brand":[],"product_cat":[292,111,546,3769],"product_tag":[419,293,300,3612,5051,5047],"class_list":{"0":"post-25685","1":"product","2":"type-product","3":"status-publish","4":"has-post-thumbnail","6":"pwb-brand-mixsoon","7":"product_cat-behandlungen","8":"product_cat-fur-sie-de","9":"product_cat-gesichtsbehandlung","10":"product_cat-k-beauty-de","11":"product_tag-behandlungen-de","12":"product_tag-frau","13":"product_tag-gesichtsbehandlungen","14":"product_tag-k-beauty-de","15":"product_tag-muttertag","16":"product_tag-unter-30-chf","18":"first","19":"instock","20":"sale","21":"taxable","22":"shipping-taxable","23":"purchasable","24":"product-type-variable","25":"has-default-attributes"},"brands":[{"id":299,"name":"Mixsoon","slug":"mixsoon"}],"_links":{"self":[{"href":"https:\/\/www.freeshopfrontiera.ch\/de\/wp-json\/wp\/v2\/product\/25685","targetHints":{"allow":["GET"]}}],"collection":[{"href":"https:\/\/www.freeshopfrontiera.ch\/de\/wp-json\/wp\/v2\/product"}],"about":[{"href":"https:\/\/www.freeshopfrontiera.ch\/de\/wp-json\/wp\/v2\/types\/product"}],"replies":[{"embeddable":true,"href":"https:\/\/www.freeshopfrontiera.ch\/de\/wp-json\/wp\/v2\/comments?post=25685"}],"version-history":[{"count":1,"href":"https:\/\/www.freeshopfrontiera.ch\/de\/wp-json\/wp\/v2\/product\/25685\/revisions"}],"predecessor-version":[{"id":25689,"href":"https:\/\/www.freeshopfrontiera.ch\/de\/wp-json\/wp\/v2\/product\/25685\/revisions\/25689"}],"wp:featuredmedia":[{"embeddable":true,"href":"https:\/\/www.freeshopfrontiera.ch\/de\/wp-json\/wp\/v2\/media\/25667"}],"wp:attachment":[{"href":"https:\/\/www.freeshopfrontiera.ch\/de\/wp-json\/wp\/v2\/media?parent=25685"}],"wp:term":[{"taxonomy":"pwb-brand","embeddable":true,"href":"https:\/\/www.freeshopfrontiera.ch\/de\/wp-json\/wp\/v2\/pwb-brand?post=25685"},{"taxonomy":"product_brand","embeddable":true,"href":"https:\/\/www.freeshopfrontiera.ch\/de\/wp-json\/wp\/v2\/product_brand?post=25685"},{"taxonomy":"product_cat","embeddable":true,"href":"https:\/\/www.freeshopfrontiera.ch\/de\/wp-json\/wp\/v2\/product_cat?post=25685"},{"taxonomy":"product_tag","embeddable":true,"href":"https:\/\/www.freeshopfrontiera.ch\/de\/wp-json\/wp\/v2\/product_tag?post=25685"}],"curies":[{"name":"wp","href":"https:\/\/api.w.org\/{rel}","templated":true}]}}