{"id":25819,"date":"2025-04-16T08:16:03","date_gmt":"2025-04-16T08:16:03","guid":{"rendered":"https:\/\/www.freeshopfrontiera.ch\/shop\/yves-saint-laurent-la-nuit-de-lhomme-deodorante-stick\/"},"modified":"2025-04-16T08:26:22","modified_gmt":"2025-04-16T08:26:22","slug":"yves-saint-laurent-la-nuit-de-lhomme-deodorante-stick","status":"publish","type":"product","link":"https:\/\/www.freeshopfrontiera.ch\/de\/shop\/yves-saint-laurent-la-nuit-de-lhomme-deodorante-stick\/","title":{"rendered":"YVES SAINT LAURENT La Nuit de l&#8217;Homme Deo Stick"},"content":{"rendered":"<p class=\"\" data-start=\"417\" data-end=\"771\">Der <strong data-start=\"421\" data-end=\"482\">La Nuit de l\u2019Homme Deodorant Stick von Yves Saint Laurent<\/strong> bietet eine stilvolle Kombination aus zuverl\u00e4ssigem Schutz, maskuliner Eleganz und sinnlicher Duftwirkung. In einem praktischen 75g-Stick-Format sorgt er den ganzen Tag \u00fcber f\u00fcr ein angenehmes Frischegef\u00fchl und wirkt gleichzeitig als dezente Verl\u00e4ngerung des ikonischen Eau de Toilette.<\/p>\n<p class=\"\" data-start=\"773\" data-end=\"1054\">Dank seiner sanften, <strong data-start=\"794\" data-end=\"818\">alkoholfreien Formel<\/strong> eignet sich der Deodorant-Stick ideal auch f\u00fcr empfindliche Haut. Er l\u00e4sst sich m\u00fchelos auftragen, zieht schnell ein und sch\u00fctzt zuverl\u00e4ssig vor unangenehmen Ger\u00fcchen \u2013 ohne wei\u00dfe R\u00fcckst\u00e4nde oder ein klebriges Gef\u00fchl zu hinterlassen.<\/p>\n<p class=\"\" data-start=\"1056\" data-end=\"1431\">Der Duft basiert auf der bekannten Komposition von <strong data-start=\"1107\" data-end=\"1129\">La Nuit de l\u2019Homme<\/strong>: Er\u00f6ffnet wird er von aromatischem <strong data-start=\"1165\" data-end=\"1177\">Kardamom<\/strong>, gefolgt von einem Herzen aus <strong data-start=\"1208\" data-end=\"1241\">Lavendel und w\u00fcrzigen H\u00f6lzern<\/strong>, das eine warme, verf\u00fchrerische Aura schafft. Die Basisnote aus <strong data-start=\"1306\" data-end=\"1329\">Vetiver und Kumarin<\/strong> rundet die Duftsignatur mit einer sinnlichen Tiefe ab, die maskulin, elegant und langanhaltend ist.<\/p>\n<p class=\"\" data-start=\"1433\" data-end=\"1715\">Der Stick ist nicht nur funktional, sondern auch \u00e4sthetisch ein Highlight. Sein minimalistisches Design in dunklen T\u00f6nen spiegelt die edle und moderne Ausstrahlung der Yves Saint Laurent Duftlinie wider. Ideal f\u00fcr unterwegs, auf Reisen oder f\u00fcr das t\u00e4gliche Pflegeritual zu Hause.<\/p>\n<p class=\"\" data-start=\"1717\" data-end=\"2005\">Der <strong data-start=\"1721\" data-end=\"1759\">La Nuit de l\u2019Homme Deodorant Stick<\/strong> ist weit mehr als nur ein Deodorant \u2013 er ist ein Statement. F\u00fcr M\u00e4nner, die bei jedem Auftritt Frische, Stil und Charakter ausstrahlen m\u00f6chten. Perfekt f\u00fcr alle, die ihr Dufterlebnis vervollst\u00e4ndigen wollen, ohne dabei auf Komfort zu verzichten.<\/p>\n<p data-start=\"1633\" data-end=\"1846\">Follow us!\u00a0<a href=\"https:\/\/www.instagram.com\/freeshopswiss\/\" target=\"_blank\" rel=\"noopener\">@freeshopswiss<\/a><\/p>\n","protected":false},"excerpt":{"rendered":"<p>Der La Nuit de l\u2019Homme Deodorant Stick von Yves Saint Laurent bietet eine stilvolle Kombination aus zuverl\u00e4ssigem Schutz, maskuliner Eleganz und sinnlicher Duftwirkung. In einem praktischen 75g-Stick-Format sorgt er den ganzen Tag \u00fcber f\u00fcr ein angenehmes Frischegef\u00fchl und wirkt gleichzeitig als dezente Verl\u00e4ngerung des ikonischen Eau de Toilette. Dank seiner sanften, alkoholfreien Formel eignet sich [&hellip;]<\/p>\n","protected":false},"featured_media":25815,"comment_status":"open","ping_status":"closed","template":"","meta":[],"pwb-brand":[268],"product_brand":[],"product_cat":[86,436],"product_tag":[408,953],"class_list":{"0":"post-25819","1":"product","2":"type-product","3":"status-publish","4":"has-post-thumbnail","6":"pwb-brand-yves-saint-laurent","7":"product_cat-fur-ihn-de","8":"product_cat-deos","9":"product_tag-deodorants-de","10":"product_tag-uomo-de","12":"first","13":"instock","14":"sale","15":"taxable","16":"shipping-taxable","17":"purchasable","18":"product-type-simple"},"brands":[{"id":268,"name":"Yves Saint Laurent","slug":"yves-saint-laurent"}],"_links":{"self":[{"href":"https:\/\/www.freeshopfrontiera.ch\/de\/wp-json\/wp\/v2\/product\/25819","targetHints":{"allow":["GET"]}}],"collection":[{"href":"https:\/\/www.freeshopfrontiera.ch\/de\/wp-json\/wp\/v2\/product"}],"about":[{"href":"https:\/\/www.freeshopfrontiera.ch\/de\/wp-json\/wp\/v2\/types\/product"}],"replies":[{"embeddable":true,"href":"https:\/\/www.freeshopfrontiera.ch\/de\/wp-json\/wp\/v2\/comments?post=25819"}],"version-history":[{"count":3,"href":"https:\/\/www.freeshopfrontiera.ch\/de\/wp-json\/wp\/v2\/product\/25819\/revisions"}],"predecessor-version":[{"id":25830,"href":"https:\/\/www.freeshopfrontiera.ch\/de\/wp-json\/wp\/v2\/product\/25819\/revisions\/25830"}],"wp:featuredmedia":[{"embeddable":true,"href":"https:\/\/www.freeshopfrontiera.ch\/de\/wp-json\/wp\/v2\/media\/25815"}],"wp:attachment":[{"href":"https:\/\/www.freeshopfrontiera.ch\/de\/wp-json\/wp\/v2\/media?parent=25819"}],"wp:term":[{"taxonomy":"pwb-brand","embeddable":true,"href":"https:\/\/www.freeshopfrontiera.ch\/de\/wp-json\/wp\/v2\/pwb-brand?post=25819"},{"taxonomy":"product_brand","embeddable":true,"href":"https:\/\/www.freeshopfrontiera.ch\/de\/wp-json\/wp\/v2\/product_brand?post=25819"},{"taxonomy":"product_cat","embeddable":true,"href":"https:\/\/www.freeshopfrontiera.ch\/de\/wp-json\/wp\/v2\/product_cat?post=25819"},{"taxonomy":"product_tag","embeddable":true,"href":"https:\/\/www.freeshopfrontiera.ch\/de\/wp-json\/wp\/v2\/product_tag?post=25819"}],"curies":[{"name":"wp","href":"https:\/\/api.w.org\/{rel}","templated":true}]}}