{"id":25926,"date":"2025-04-16T10:30:28","date_gmt":"2025-04-16T10:30:28","guid":{"rendered":"https:\/\/www.freeshopfrontiera.ch\/shop\/liu-jo-lovers-for-her-jo\/"},"modified":"2025-04-16T11:04:41","modified_gmt":"2025-04-16T11:04:41","slug":"liu-jo-lovers-for-her-jo","status":"publish","type":"product","link":"https:\/\/www.freeshopfrontiera.ch\/de\/shop\/liu-jo-lovers-for-her-jo\/","title":{"rendered":"LIU JO Lovers For Her Jo"},"content":{"rendered":"<p class=\"\" data-start=\"3155\" data-end=\"3426\"><strong data-start=\"3155\" data-end=\"3199\">Liu Jo Lovers For Her Jo Eau de Toilette<\/strong> ist eine Hommage an Lebensfreude, Leichtigkeit und nat\u00fcrlichen Charme. Dieser Duft wurde f\u00fcr die moderne, junge Frau mit viel Energie kreiert und verk\u00f6rpert auf elegante Weise frische, authentische und leuchtende Weiblichkeit.<\/p>\n<p class=\"\" data-start=\"3428\" data-end=\"3872\">Die <strong data-start=\"3432\" data-end=\"3444\">Kopfnote<\/strong> beginnt mit einem lebendigen, fruchtigen Mix aus <strong data-start=\"3494\" data-end=\"3542\">Mandarine, Birne und schwarzer Johannisbeere<\/strong> und sorgt f\u00fcr einen strahlenden, sonnigen Auftakt. Im <strong data-start=\"3597\" data-end=\"3607\">Herzen<\/strong> entfaltet sich ein zarter, romantischer Blumenakkord aus <strong data-start=\"3665\" data-end=\"3698\">Pfingstrose, Rose und Freesie<\/strong>, der feminine Sanftheit verleiht. Die <strong data-start=\"3737\" data-end=\"3750\">Basisnote<\/strong> ist warm und sinnlich, mit <strong data-start=\"3778\" data-end=\"3822\">wei\u00dfem Moschus, Amber und hellen H\u00f6lzern<\/strong>, die eine elegante, umh\u00fcllende Spur hinterlassen.<\/p>\n<p class=\"\" data-start=\"3874\" data-end=\"4063\">Das <strong data-start=\"3878\" data-end=\"3893\">30ml-Format<\/strong> ist ideal f\u00fcr Frauen, die \u00fcberall ein wenig Frische und Pers\u00f6nlichkeit dabeihaben m\u00f6chten. Perfekt f\u00fcr die Handtasche \u2013 ein t\u00e4glicher Begleiter vom Morgen bis zum Abend.<\/p>\n<p class=\"\" data-start=\"4065\" data-end=\"4289\">Das Flakondesign ist klar und feminin und spiegelt den schicken, zeitgem\u00e4\u00dfen Stil von Liu Jo wider. Mit eleganten Details und einem Hauch Glamour ist dieses Parfum mehr als nur ein Duft \u2013 es ist ein echtes Beauty-Accessoire.<\/p>\n<p class=\"\" data-start=\"4291\" data-end=\"4555\"><strong data-start=\"4291\" data-end=\"4319\">Liu Jo Lovers For Her Jo<\/strong> ist der perfekte Duft f\u00fcr Frauen, die sich gerne auf subtile Weise abheben. Eine Komposition voller Freiheit, spontaner Emotionen und leichter Momente. Ideal f\u00fcr den Alltag \u2013 verleiht Selbstbewusstsein, Sanftheit und nat\u00fcrlichen Glanz.<\/p>\n<p data-start=\"3101\" data-end=\"3326\">Follow us!\u00a0<a href=\"https:\/\/www.instagram.com\/freeshopswiss\/\" target=\"_blank\" rel=\"noopener\">@freeshopswiss<\/a><\/p>\n","protected":false},"excerpt":{"rendered":"<p><em><strong>Eau de Toilette<\/strong><\/em><\/p>\n","protected":false},"featured_media":25908,"comment_status":"open","ping_status":"closed","template":"","meta":[],"pwb-brand":[266],"product_brand":[],"product_cat":[84,111],"product_tag":[790,952,147,293,4349],"class_list":{"0":"post-25926","1":"product","2":"type-product","3":"status-publish","4":"has-post-thumbnail","6":"pwb-brand-liu-jo","7":"product_cat-duefte","8":"product_cat-fur-sie-de","9":"product_tag-womens-fragrances-de","10":"product_tag-profumi-de","11":"product_tag-eau-de-toilette-de","12":"product_tag-frau","13":"product_tag-frauentag","15":"first","16":"instock","17":"sale","18":"taxable","19":"shipping-taxable","20":"purchasable","21":"product-type-variable","22":"has-default-attributes"},"brands":[{"id":266,"name":"Liu Jo","slug":"liu-jo"}],"_links":{"self":[{"href":"https:\/\/www.freeshopfrontiera.ch\/de\/wp-json\/wp\/v2\/product\/25926","targetHints":{"allow":["GET"]}}],"collection":[{"href":"https:\/\/www.freeshopfrontiera.ch\/de\/wp-json\/wp\/v2\/product"}],"about":[{"href":"https:\/\/www.freeshopfrontiera.ch\/de\/wp-json\/wp\/v2\/types\/product"}],"replies":[{"embeddable":true,"href":"https:\/\/www.freeshopfrontiera.ch\/de\/wp-json\/wp\/v2\/comments?post=25926"}],"version-history":[{"count":3,"href":"https:\/\/www.freeshopfrontiera.ch\/de\/wp-json\/wp\/v2\/product\/25926\/revisions"}],"predecessor-version":[{"id":25938,"href":"https:\/\/www.freeshopfrontiera.ch\/de\/wp-json\/wp\/v2\/product\/25926\/revisions\/25938"}],"wp:featuredmedia":[{"embeddable":true,"href":"https:\/\/www.freeshopfrontiera.ch\/de\/wp-json\/wp\/v2\/media\/25908"}],"wp:attachment":[{"href":"https:\/\/www.freeshopfrontiera.ch\/de\/wp-json\/wp\/v2\/media?parent=25926"}],"wp:term":[{"taxonomy":"pwb-brand","embeddable":true,"href":"https:\/\/www.freeshopfrontiera.ch\/de\/wp-json\/wp\/v2\/pwb-brand?post=25926"},{"taxonomy":"product_brand","embeddable":true,"href":"https:\/\/www.freeshopfrontiera.ch\/de\/wp-json\/wp\/v2\/product_brand?post=25926"},{"taxonomy":"product_cat","embeddable":true,"href":"https:\/\/www.freeshopfrontiera.ch\/de\/wp-json\/wp\/v2\/product_cat?post=25926"},{"taxonomy":"product_tag","embeddable":true,"href":"https:\/\/www.freeshopfrontiera.ch\/de\/wp-json\/wp\/v2\/product_tag?post=25926"}],"curies":[{"name":"wp","href":"https:\/\/api.w.org\/{rel}","templated":true}]}}