{"id":26283,"date":"2025-04-17T11:08:07","date_gmt":"2025-04-17T11:08:07","guid":{"rendered":"https:\/\/www.freeshopfrontiera.ch\/shop\/tom-ford-rose-prick\/"},"modified":"2025-04-17T11:29:01","modified_gmt":"2025-04-17T11:29:01","slug":"tom-ford-rose-prick","status":"publish","type":"product","link":"https:\/\/www.freeshopfrontiera.ch\/de\/shop\/tom-ford-rose-prick\/","title":{"rendered":"TOM FORD Rose Prick"},"content":{"rendered":"<p class=\"\" data-start=\"2062\" data-end=\"2483\"><strong data-start=\"2062\" data-end=\"2099\">TOM FORD Rose Prick Eau de Parfum<\/strong> ist nicht einfach nur ein Duft \u2013 es ist ein intensives, k\u00fchnes und verf\u00fchrerisches Dufterlebnis. Inspiriert von Tom Fords privatem Rosengarten f\u00e4ngt dieser Duft den wilden Zauber der Natur ein \u2013 mit all ihren Dornen und ihrer atemberaubenden Sch\u00f6nheit. Er geh\u00f6rt zur renommierten <strong data-start=\"2380\" data-end=\"2397\">Private Blend<\/strong> Kollektion, die f\u00fcr luxuri\u00f6se, kreative und au\u00dfergew\u00f6hnliche Duftkompositionen steht.<\/p>\n<p class=\"\" data-start=\"2485\" data-end=\"2895\">Der Duft \u00f6ffnet sich mit einem <strong data-start=\"2516\" data-end=\"2548\">Trio au\u00dfergew\u00f6hnlicher Rosen<\/strong>: Mairose, T\u00fcrkische Rose und Bulgarische Rose. Jede dieser Rosen wurde aufgrund ihrer Intensit\u00e4t und einzigartigen Pers\u00f6nlichkeit ausgew\u00e4hlt und ergibt zusammen ein florales Bouquet voller Eleganz und Leidenschaft. Im Herzen entfalten sich <strong data-start=\"2789\" data-end=\"2838\">w\u00fcrzige Noten von Szechuanpfeffer und Kurkuma<\/strong>, die dem Duft eine moderne, vibrierende W\u00e4rme verleihen.<\/p>\n<p class=\"\" data-start=\"2897\" data-end=\"3196\">In der Basis offenbaren sich die <strong data-start=\"2930\" data-end=\"2960\">erdige Tiefe von Patchouli<\/strong> und die umh\u00fcllende S\u00fc\u00dfe von <strong data-start=\"2989\" data-end=\"3014\">ger\u00f6steter Tonkabohne<\/strong>, die dem Parfum eine warme, sinnliche und langanhaltende Note schenken. Das Ergebnis ist ein Duft, der Zartheit und K\u00fchnheit, Romantik und Rebellion auf faszinierende Weise vereint.<\/p>\n<p class=\"\" data-start=\"3198\" data-end=\"3517\"><strong data-start=\"3198\" data-end=\"3232\">Rose Prick ist ein Unisex-Duft<\/strong>, kreiert f\u00fcr Menschen, die sich mit Stil und einem Hauch Ironie abheben m\u00f6chten. Ideal f\u00fcr den Abend, f\u00fcr besondere Anl\u00e4sse oder immer dann, wenn man ein olfaktorisches Statement setzen m\u00f6chte. Die <strong data-start=\"3431\" data-end=\"3458\">w\u00fcrzig-blumige Duftspur<\/strong> ist raffiniert, selbstbewusst und absolut unverwechselbar.<\/p>\n<p class=\"\" data-start=\"3519\" data-end=\"3767\">Der Flakon, in <strong data-start=\"3534\" data-end=\"3572\">mattem Rosa mit schwarzen Akzenten<\/strong>, ist ein ikonisches Designobjekt \u2013 modern, provokant und \u00fcberraschend. Er spiegelt perfekt den Charakter des Duftes wider: eine Verbindung klassischer Sch\u00f6nheit mit zeitgen\u00f6ssischer Provokation.<\/p>\n<p class=\"\" data-start=\"3769\" data-end=\"4020\">Rose Prick zu tragen ist wie ein Spaziergang durch einen <strong data-start=\"3826\" data-end=\"3852\">verbotenen Rosengarten<\/strong>, in dem jedes Bl\u00fctenblatt Sch\u00f6nheit und jeder Dorn Verlangen bedeutet. Eine Geste der Verf\u00fchrung, ein Ausdruck von Pers\u00f6nlichkeit \u2013 ein Duft, der es wagt, aufzufallen.<\/p>\n<p data-start=\"1976\" data-end=\"2220\">Follow us!\u00a0<a href=\"https:\/\/www.instagram.com\/freeshopswiss\/\" target=\"_blank\" rel=\"noopener\">@freeshopswiss<\/a><\/p>\n","protected":false},"excerpt":{"rendered":"<p><em><strong>Eau de Parfum<\/strong><\/em><\/p>\n","protected":false},"featured_media":26263,"comment_status":"open","ping_status":"closed","template":"","meta":[],"pwb-brand":[396],"product_brand":[],"product_cat":[84,111],"product_tag":[790,952,254,293,4368,5051],"class_list":{"0":"post-26283","1":"product","2":"type-product","3":"status-publish","4":"has-post-thumbnail","6":"pwb-brand-tom-ford","7":"product_cat-duefte","8":"product_cat-fur-sie-de","9":"product_tag-womens-fragrances-de","10":"product_tag-profumi-de","11":"product_tag-eau-de-parfum-de","12":"product_tag-frau","13":"product_tag-fruehlingsspecial","14":"product_tag-muttertag","16":"first","17":"instock","18":"sale","19":"taxable","20":"shipping-taxable","21":"purchasable","22":"product-type-variable","23":"has-default-attributes"},"brands":[{"id":396,"name":"Tom Ford","slug":"tom-ford"}],"_links":{"self":[{"href":"https:\/\/www.freeshopfrontiera.ch\/de\/wp-json\/wp\/v2\/product\/26283","targetHints":{"allow":["GET"]}}],"collection":[{"href":"https:\/\/www.freeshopfrontiera.ch\/de\/wp-json\/wp\/v2\/product"}],"about":[{"href":"https:\/\/www.freeshopfrontiera.ch\/de\/wp-json\/wp\/v2\/types\/product"}],"replies":[{"embeddable":true,"href":"https:\/\/www.freeshopfrontiera.ch\/de\/wp-json\/wp\/v2\/comments?post=26283"}],"version-history":[{"count":3,"href":"https:\/\/www.freeshopfrontiera.ch\/de\/wp-json\/wp\/v2\/product\/26283\/revisions"}],"predecessor-version":[{"id":26294,"href":"https:\/\/www.freeshopfrontiera.ch\/de\/wp-json\/wp\/v2\/product\/26283\/revisions\/26294"}],"wp:featuredmedia":[{"embeddable":true,"href":"https:\/\/www.freeshopfrontiera.ch\/de\/wp-json\/wp\/v2\/media\/26263"}],"wp:attachment":[{"href":"https:\/\/www.freeshopfrontiera.ch\/de\/wp-json\/wp\/v2\/media?parent=26283"}],"wp:term":[{"taxonomy":"pwb-brand","embeddable":true,"href":"https:\/\/www.freeshopfrontiera.ch\/de\/wp-json\/wp\/v2\/pwb-brand?post=26283"},{"taxonomy":"product_brand","embeddable":true,"href":"https:\/\/www.freeshopfrontiera.ch\/de\/wp-json\/wp\/v2\/product_brand?post=26283"},{"taxonomy":"product_cat","embeddable":true,"href":"https:\/\/www.freeshopfrontiera.ch\/de\/wp-json\/wp\/v2\/product_cat?post=26283"},{"taxonomy":"product_tag","embeddable":true,"href":"https:\/\/www.freeshopfrontiera.ch\/de\/wp-json\/wp\/v2\/product_tag?post=26283"}],"curies":[{"name":"wp","href":"https:\/\/api.w.org\/{rel}","templated":true}]}}