{"id":26519,"date":"2025-04-17T15:36:28","date_gmt":"2025-04-17T15:36:28","guid":{"rendered":"https:\/\/www.freeshopfrontiera.ch\/shop\/lattafa-ameer-al-oudh-eau-de-parfum-intense-60ml\/"},"modified":"2026-02-02T10:18:06","modified_gmt":"2026-02-02T10:18:06","slug":"lattafa-ameer-al-oudh-eau-de-parfum-intense-60ml","status":"publish","type":"product","link":"https:\/\/www.freeshopfrontiera.ch\/de\/shop\/lattafa-ameer-al-oudh-eau-de-parfum-intense-60ml\/","title":{"rendered":"LATTAFA Ameer Al Oudh Eau de Parfum Intense 100ml"},"content":{"rendered":"<p class=\"\" data-start=\"2102\" data-end=\"2475\"><strong data-start=\"2102\" data-end=\"2154\">LATTAFA Ameer Al Oudh Eau de Parfum Intense 100ml<\/strong> ist ein Duft, der die tiefe Seele des Orients verk\u00f6rpert \u2013 eine reichhaltige, fesselnde Essenz, die die Ausdruckskraft von Oud-Holz feiert. Kreiert von Lattafa, einem der renommiertesten arabischen Parf\u00fcmh\u00e4user, richtet sich dieses Eau de Parfum an alle, die intensive D\u00fcfte mit starkem, aber eleganten Charakter lieben.<\/p>\n<p class=\"\" data-start=\"2477\" data-end=\"2911\">Bereits beim ersten Spr\u00fchsto\u00df entfaltet Ameer Al Oudh eine magnetische Komposition aus <strong data-start=\"2564\" data-end=\"2585\">rauchigen H\u00f6lzern<\/strong>, <strong data-start=\"2587\" data-end=\"2606\">nat\u00fcrlichem Oud<\/strong> und <strong data-start=\"2611\" data-end=\"2629\">w\u00fcrzigen Noten<\/strong>, die die Sinne in eine warme, fast hypnotische Aura h\u00fcllen. Der Auftakt ist intensiv und geheimnisvoll \u2013 er erinnert an orientalische Basare, W\u00fcstenn\u00e4chte und Geschichten aus Tausendundeiner Nacht. Doch hinter dieser kraftvollen Fassade verbirgt sich eine weiche, einladende Seite.<\/p>\n<p class=\"\" data-start=\"2913\" data-end=\"3289\">Im Herzen wird die Holznote sanfter dank <strong data-start=\"2954\" data-end=\"2974\">cremiger Vanille<\/strong> und <strong data-start=\"2979\" data-end=\"2993\">Sandelholz<\/strong>, die dem Duft eine sinnliche, samtige Tiefe verleihen. An dieser Stelle offenbart sich der gourmandige Charakter des Parfums \u2013 s\u00fc\u00df, umh\u00fcllend und modern, ohne dabei seinen orientalischen Charme zu verlieren. Die Balance zwischen maskuliner St\u00e4rke und femininer Verf\u00fchrung ist perfekt abgestimmt.<\/p>\n<p class=\"\" data-start=\"3291\" data-end=\"3539\">Die Basis aus <strong data-start=\"3305\" data-end=\"3321\">warmer Amber<\/strong>, <strong data-start=\"3323\" data-end=\"3346\">aromatischen Harzen<\/strong> und <strong data-start=\"3351\" data-end=\"3362\">Moschus<\/strong> sorgt f\u00fcr langanhaltenden Duftgenuss und hinterl\u00e4sst eine tiefe, behagliche Duftspur. Der Duft entwickelt sich langsam und bleibt den ganzen Tag \u2013 und dar\u00fcber hinaus \u2013 pr\u00e4sent.<\/p>\n<p class=\"\" data-start=\"3541\" data-end=\"3848\"><strong data-start=\"3541\" data-end=\"3566\">Ameer Al Oudh Intense<\/strong> ist ein Unisex-Duft mit einem starken Charakter, der besonders Liebhaber traditionell-orientalischer, harziger und holziger Kompositionen begeistern wird. Ideal f\u00fcr Herbst und Winter, perfekt f\u00fcr den Abend oder besondere Anl\u00e4sse \u2013 immer dann, wenn man Eindruck hinterlassen m\u00f6chte.<\/p>\n<p class=\"\" data-start=\"3850\" data-end=\"4148\">Der <strong>100ml-Flakon<\/strong>, kompakt und elegant mit dunklen, edlen Akzenten, spiegelt die Seele des Parfums wider: geheimnisvoll, kraftvoll, faszinierend. <strong data-start=\"3998\" data-end=\"4072\">Ameer Al Oudh zu tragen bedeutet, Pr\u00e4senz und Intensit\u00e4t auszustrahlen<\/strong> \u2013 mehr als nur ein Parfum, es ist ein Ausdruck von Stil und Pers\u00f6nlichkeit.<\/p>\n<p data-start=\"2097\" data-end=\"2399\">Follow us!\u00a0<a href=\"https:\/\/www.instagram.com\/freeshopswiss\/\" target=\"_blank\" rel=\"noopener\">@freeshopswiss<\/a><\/p>\n","protected":false},"excerpt":{"rendered":"<p><em><strong>Eau de Parfum<\/strong><\/em><\/p>\n","protected":false},"featured_media":26510,"comment_status":"open","ping_status":"closed","template":"","meta":[],"pwb-brand":[772],"product_brand":[],"product_cat":[84,86,111],"product_tag":[790,952,254,293,953,1642],"class_list":{"0":"post-26519","1":"product","2":"type-product","3":"status-publish","4":"has-post-thumbnail","6":"pwb-brand-lattafa","7":"product_cat-duefte","8":"product_cat-fur-ihn-de","9":"product_cat-fur-sie-de","10":"product_tag-womens-fragrances-de","11":"product_tag-profumi-de","12":"product_tag-eau-de-parfum-de","13":"product_tag-frau","14":"product_tag-uomo-de","15":"product_tag-mens-fragrances-de","17":"first","18":"instock","19":"sale","20":"taxable","21":"shipping-taxable","22":"purchasable","23":"product-type-simple"},"brands":[{"id":772,"name":"Lattafa","slug":"lattafa"}],"_links":{"self":[{"href":"https:\/\/www.freeshopfrontiera.ch\/de\/wp-json\/wp\/v2\/product\/26519","targetHints":{"allow":["GET"]}}],"collection":[{"href":"https:\/\/www.freeshopfrontiera.ch\/de\/wp-json\/wp\/v2\/product"}],"about":[{"href":"https:\/\/www.freeshopfrontiera.ch\/de\/wp-json\/wp\/v2\/types\/product"}],"replies":[{"embeddable":true,"href":"https:\/\/www.freeshopfrontiera.ch\/de\/wp-json\/wp\/v2\/comments?post=26519"}],"version-history":[{"count":4,"href":"https:\/\/www.freeshopfrontiera.ch\/de\/wp-json\/wp\/v2\/product\/26519\/revisions"}],"predecessor-version":[{"id":39497,"href":"https:\/\/www.freeshopfrontiera.ch\/de\/wp-json\/wp\/v2\/product\/26519\/revisions\/39497"}],"wp:featuredmedia":[{"embeddable":true,"href":"https:\/\/www.freeshopfrontiera.ch\/de\/wp-json\/wp\/v2\/media\/26510"}],"wp:attachment":[{"href":"https:\/\/www.freeshopfrontiera.ch\/de\/wp-json\/wp\/v2\/media?parent=26519"}],"wp:term":[{"taxonomy":"pwb-brand","embeddable":true,"href":"https:\/\/www.freeshopfrontiera.ch\/de\/wp-json\/wp\/v2\/pwb-brand?post=26519"},{"taxonomy":"product_brand","embeddable":true,"href":"https:\/\/www.freeshopfrontiera.ch\/de\/wp-json\/wp\/v2\/product_brand?post=26519"},{"taxonomy":"product_cat","embeddable":true,"href":"https:\/\/www.freeshopfrontiera.ch\/de\/wp-json\/wp\/v2\/product_cat?post=26519"},{"taxonomy":"product_tag","embeddable":true,"href":"https:\/\/www.freeshopfrontiera.ch\/de\/wp-json\/wp\/v2\/product_tag?post=26519"}],"curies":[{"name":"wp","href":"https:\/\/api.w.org\/{rel}","templated":true}]}}