{"id":26544,"date":"2025-04-18T07:27:47","date_gmt":"2025-04-18T07:27:47","guid":{"rendered":"https:\/\/www.freeshopfrontiera.ch\/?post_type=product&#038;p=26544"},"modified":"2025-04-18T07:51:11","modified_gmt":"2025-04-18T07:51:11","slug":"lattafa-emaan-eau-de-parfum-100ml","status":"publish","type":"product","link":"https:\/\/www.freeshopfrontiera.ch\/de\/shop\/lattafa-emaan-eau-de-parfum-100ml\/","title":{"rendered":"LATTAFA Emaan Eau de Parfum 100ml"},"content":{"rendered":"<p class=\"\" data-start=\"2072\" data-end=\"2515\"><strong data-start=\"2072\" data-end=\"2103\">LATTAFA Emaan Eau de Parfum<\/strong> ist ein Duft, der Anmut, Spiritualit\u00e4t und moderne Eleganz verk\u00f6rpert. Ein anspruchsvolles, aber dennoch zug\u00e4ngliches Parf\u00fcm \u2013 geschaffen f\u00fcr all jene, die ihren Stil mit Zur\u00fcckhaltung und Klasse ausdr\u00fccken m\u00f6chten. Lanciert vom renommierten arabischen Haus Lattafa, ist Emaan eine harmonische Komposition aus Frische, S\u00fc\u00dfe und Tiefe \u2013 entwickelt, um einen zarten, aber unvergesslichen Eindruck zu hinterlassen.<\/p>\n<p class=\"\" data-start=\"2517\" data-end=\"2761\"><strong data-start=\"2517\" data-end=\"2529\">Kopfnote<\/strong> \u2013 Die Er\u00f6ffnung ist hell und spritzig, mit einer zitrischen Mischung, die Reinheit, Frische und Vitalit\u00e4t vermittelt. Diese ersten Noten sorgen f\u00fcr einen belebenden Auftakt und bereiten den Weg f\u00fcr ein weicheres, sinnlicheres Herz.<\/p>\n<p class=\"\" data-start=\"2763\" data-end=\"3004\"><strong data-start=\"2763\" data-end=\"2775\">Herznote<\/strong> \u2013 Im Herzen zeigt Emaan seine warme, blumige Seele: ein elegantes Bouquet aus samtigen Rosen, zartem Jasmin und wei\u00dfen Bl\u00fcten. Der Effekt ist verf\u00fchrerisch, aber niemals aufdringlich \u2013 perfekt f\u00fcr den Alltag oder intime Anl\u00e4sse.<\/p>\n<p class=\"\" data-start=\"3006\" data-end=\"3274\"><strong data-start=\"3006\" data-end=\"3019\">Basisnote<\/strong> \u2013 Die Basisnote ist umh\u00fcllend und beruhigend: Wei\u00dfer Moschus, s\u00fc\u00dfer Amber und ein sanfter Hauch von Sandelholz verleihen dem Duft Tiefe und Best\u00e4ndigkeit. Hier zeigt Emaan seine wahre Raffinesse und hinterl\u00e4sst einen langanhaltenden, angenehmen Eindruck.<\/p>\n<p class=\"\" data-start=\"3276\" data-end=\"3637\"><strong data-start=\"3276\" data-end=\"3300\">Charakter und Anlass<\/strong> \u2013 Vor allem f\u00fcr ein weibliches Publikum gedacht, ist Emaan ideal f\u00fcr Liebhaberinnen zarter, aber strukturierter D\u00fcfte, die sowohl tags\u00fcber als auch abends getragen werden k\u00f6nnen. Besonders geeignet f\u00fcr Fr\u00fchling und Herbst, passt er sich jeder Situation an: bei der Arbeit, bei einem Date oder einfach, um sich selbst etwas Gutes zu tun.<\/p>\n<p class=\"\" data-start=\"3639\" data-end=\"3898\">Der 100 ml Flakon ist elegant, mit klaren Linien und liebevollen Details \u2013 ein Spiegelbild der Reinheit und Anmut des Parfums. Eine Kreation, die orientalische Tradition mit moderner \u00c4sthetik vereint \u2013 f\u00fcr eine selbstbewusste, stilvolle und authentische Frau.<\/p>\n<p data-start=\"1768\" data-end=\"2014\">Follow us!\u00a0<a href=\"https:\/\/www.instagram.com\/freeshopswiss\/\" target=\"_blank\" rel=\"noopener\">@freeshopswiss<\/a><\/p>\n","protected":false},"excerpt":{"rendered":"<p><em><strong>Eau de Parfum<\/strong><\/em><\/p>\n","protected":false},"featured_media":26873,"comment_status":"open","ping_status":"closed","template":"","meta":[],"pwb-brand":[772],"product_brand":[],"product_cat":[84,86,111],"product_tag":[790,952,254,293,953,1642],"class_list":{"0":"post-26544","1":"product","2":"type-product","3":"status-publish","4":"has-post-thumbnail","6":"pwb-brand-lattafa","7":"product_cat-duefte","8":"product_cat-fur-ihn-de","9":"product_cat-fur-sie-de","10":"product_tag-womens-fragrances-de","11":"product_tag-profumi-de","12":"product_tag-eau-de-parfum-de","13":"product_tag-frau","14":"product_tag-uomo-de","15":"product_tag-mens-fragrances-de","17":"first","18":"outofstock","19":"sale","20":"taxable","21":"shipping-taxable","22":"purchasable","23":"product-type-simple"},"brands":[{"id":772,"name":"Lattafa","slug":"lattafa"}],"_links":{"self":[{"href":"https:\/\/www.freeshopfrontiera.ch\/de\/wp-json\/wp\/v2\/product\/26544","targetHints":{"allow":["GET"]}}],"collection":[{"href":"https:\/\/www.freeshopfrontiera.ch\/de\/wp-json\/wp\/v2\/product"}],"about":[{"href":"https:\/\/www.freeshopfrontiera.ch\/de\/wp-json\/wp\/v2\/types\/product"}],"replies":[{"embeddable":true,"href":"https:\/\/www.freeshopfrontiera.ch\/de\/wp-json\/wp\/v2\/comments?post=26544"}],"version-history":[{"count":3,"href":"https:\/\/www.freeshopfrontiera.ch\/de\/wp-json\/wp\/v2\/product\/26544\/revisions"}],"predecessor-version":[{"id":26622,"href":"https:\/\/www.freeshopfrontiera.ch\/de\/wp-json\/wp\/v2\/product\/26544\/revisions\/26622"}],"wp:featuredmedia":[{"embeddable":true,"href":"https:\/\/www.freeshopfrontiera.ch\/de\/wp-json\/wp\/v2\/media\/26873"}],"wp:attachment":[{"href":"https:\/\/www.freeshopfrontiera.ch\/de\/wp-json\/wp\/v2\/media?parent=26544"}],"wp:term":[{"taxonomy":"pwb-brand","embeddable":true,"href":"https:\/\/www.freeshopfrontiera.ch\/de\/wp-json\/wp\/v2\/pwb-brand?post=26544"},{"taxonomy":"product_brand","embeddable":true,"href":"https:\/\/www.freeshopfrontiera.ch\/de\/wp-json\/wp\/v2\/product_brand?post=26544"},{"taxonomy":"product_cat","embeddable":true,"href":"https:\/\/www.freeshopfrontiera.ch\/de\/wp-json\/wp\/v2\/product_cat?post=26544"},{"taxonomy":"product_tag","embeddable":true,"href":"https:\/\/www.freeshopfrontiera.ch\/de\/wp-json\/wp\/v2\/product_tag?post=26544"}],"curies":[{"name":"wp","href":"https:\/\/api.w.org\/{rel}","templated":true}]}}