{"id":26596,"date":"2025-04-18T07:31:53","date_gmt":"2025-04-18T07:31:53","guid":{"rendered":"https:\/\/www.freeshopfrontiera.ch\/shop\/creed-millesime-aventus-cologne\/"},"modified":"2025-05-28T08:08:08","modified_gmt":"2025-05-28T08:08:08","slug":"creed-millesime-aventus-cologne","status":"publish","type":"product","link":"https:\/\/www.freeshopfrontiera.ch\/de\/shop\/creed-millesime-aventus-cologne\/","title":{"rendered":"CREED Millesime Aventus Cologne 100ml"},"content":{"rendered":"<p class=\"\" data-start=\"4255\" data-end=\"4487\"><strong data-start=\"4255\" data-end=\"4294\">CREED Aventus Cologne Eau de Parfum<\/strong> ist eine frische und moderne Neuinterpretation des legend\u00e4ren Aventus-Duftes. F\u00fcr den selbstbewussten, stilvollen Mann geschaffen, vereint dieser Duft zitrische Frische mit raffinierter Tiefe.<\/p>\n<p class=\"\" data-start=\"4489\" data-end=\"4828\">Die Kopfnote aus <strong data-start=\"4506\" data-end=\"4526\">gr\u00fcner Mandarine<\/strong>, <strong data-start=\"4528\" data-end=\"4538\">Ingwer<\/strong> und <strong data-start=\"4543\" data-end=\"4559\">rosa Pfeffer<\/strong> sorgt f\u00fcr einen lebhaften Auftakt. Im Herzen entfalten sich <strong data-start=\"4620\" data-end=\"4633\">Patchouli<\/strong>, <strong data-start=\"4635\" data-end=\"4660\">indonesischer Vetiver<\/strong> und <strong data-start=\"4665\" data-end=\"4679\">Sandelholz<\/strong>, die dem Duft Struktur und W\u00e4rme verleihen. Die Basis mit <strong data-start=\"4738\" data-end=\"4752\">Tonkabohne<\/strong>, <strong data-start=\"4754\" data-end=\"4764\">Styrax<\/strong> und <strong data-start=\"4769\" data-end=\"4780\">Moschus<\/strong> hinterl\u00e4sst eine elegante, langanhaltende Spur.<\/p>\n<p class=\"\" data-start=\"4830\" data-end=\"4982\">Aventus Cologne ist perfekt f\u00fcr M\u00e4nner, die sich mit einem modernen, frischen Duft von hoher Qualit\u00e4t abheben m\u00f6chten \u2013 jeden Tag, zu jeder Gelegenheit.<\/p>\n<p data-start=\"1763\" data-end=\"1910\">Verfolgen Sie alle unsere Neuigkeiten! <a href=\"https:\/\/www.instagram.com\/freeshopswiss\/\" target=\"_blank\" rel=\"noopener\">@freeshopswiss<\/a><\/p>\n","protected":false},"excerpt":{"rendered":"<p>Ein frischer, eleganter Herrenduft f\u00fcr den modernen Mann. Aventus Cologne \u2013 Stil, Energie und Charakter in Perfektion.<\/p>\n","protected":false},"featured_media":26869,"comment_status":"open","ping_status":"closed","template":"","meta":[],"pwb-brand":[403],"product_brand":[],"product_cat":[84,86],"product_tag":[952,254,4368,953,1642],"class_list":{"0":"post-26596","1":"product","2":"type-product","3":"status-publish","4":"has-post-thumbnail","6":"pwb-brand-creed","7":"product_cat-duefte","8":"product_cat-fur-ihn-de","9":"product_tag-profumi-de","10":"product_tag-eau-de-parfum-de","11":"product_tag-fruehlingsspecial","12":"product_tag-uomo-de","13":"product_tag-mens-fragrances-de","15":"first","16":"instock","17":"taxable","18":"shipping-taxable","19":"purchasable","20":"product-type-simple"},"brands":[{"id":403,"name":"Creed","slug":"creed"}],"_links":{"self":[{"href":"https:\/\/www.freeshopfrontiera.ch\/de\/wp-json\/wp\/v2\/product\/26596","targetHints":{"allow":["GET"]}}],"collection":[{"href":"https:\/\/www.freeshopfrontiera.ch\/de\/wp-json\/wp\/v2\/product"}],"about":[{"href":"https:\/\/www.freeshopfrontiera.ch\/de\/wp-json\/wp\/v2\/types\/product"}],"replies":[{"embeddable":true,"href":"https:\/\/www.freeshopfrontiera.ch\/de\/wp-json\/wp\/v2\/comments?post=26596"}],"version-history":[{"count":2,"href":"https:\/\/www.freeshopfrontiera.ch\/de\/wp-json\/wp\/v2\/product\/26596\/revisions"}],"predecessor-version":[{"id":31363,"href":"https:\/\/www.freeshopfrontiera.ch\/de\/wp-json\/wp\/v2\/product\/26596\/revisions\/31363"}],"wp:featuredmedia":[{"embeddable":true,"href":"https:\/\/www.freeshopfrontiera.ch\/de\/wp-json\/wp\/v2\/media\/26869"}],"wp:attachment":[{"href":"https:\/\/www.freeshopfrontiera.ch\/de\/wp-json\/wp\/v2\/media?parent=26596"}],"wp:term":[{"taxonomy":"pwb-brand","embeddable":true,"href":"https:\/\/www.freeshopfrontiera.ch\/de\/wp-json\/wp\/v2\/pwb-brand?post=26596"},{"taxonomy":"product_brand","embeddable":true,"href":"https:\/\/www.freeshopfrontiera.ch\/de\/wp-json\/wp\/v2\/product_brand?post=26596"},{"taxonomy":"product_cat","embeddable":true,"href":"https:\/\/www.freeshopfrontiera.ch\/de\/wp-json\/wp\/v2\/product_cat?post=26596"},{"taxonomy":"product_tag","embeddable":true,"href":"https:\/\/www.freeshopfrontiera.ch\/de\/wp-json\/wp\/v2\/product_tag?post=26596"}],"curies":[{"name":"wp","href":"https:\/\/api.w.org\/{rel}","templated":true}]}}