{"id":26615,"date":"2025-04-18T07:40:43","date_gmt":"2025-04-18T07:40:43","guid":{"rendered":"https:\/\/www.freeshopfrontiera.ch\/shop\/creed-millesime-viking-cologne\/"},"modified":"2025-05-28T08:03:03","modified_gmt":"2025-05-28T08:03:03","slug":"creed-millesime-viking-cologne","status":"publish","type":"product","link":"https:\/\/www.freeshopfrontiera.ch\/de\/shop\/creed-millesime-viking-cologne\/","title":{"rendered":"CREED Millesime Viking Cologne 100ml"},"content":{"rendered":"<p class=\"\" data-start=\"3207\" data-end=\"3448\"><strong data-start=\"3207\" data-end=\"3245\">CREED Viking Cologne Eau de Parfum<\/strong> ist ein frischer und kraftvoller Herrenduft, der den Geist von Entschlossenheit und Freiheit verk\u00f6rpert. Inspiriert von den Wikingern, vereint er Zitrusnoten mit aromatischen Kr\u00e4utern und edlen H\u00f6lzern.<\/p>\n<p class=\"\" data-start=\"3450\" data-end=\"3728\"><strong data-start=\"3450\" data-end=\"3464\">Bergamotte<\/strong>, <strong data-start=\"3466\" data-end=\"3477\">Zitrone<\/strong> und <strong data-start=\"3482\" data-end=\"3495\">Mandarine<\/strong> sorgen f\u00fcr einen energiegeladenen Auftakt, w\u00e4hrend <strong data-start=\"3547\" data-end=\"3557\">Salbei<\/strong> und <strong data-start=\"3562\" data-end=\"3578\">Pfefferminze<\/strong> Frische verleihen. Das Herz aus <strong data-start=\"3611\" data-end=\"3623\">Lavendel<\/strong>, <strong data-start=\"3625\" data-end=\"3633\">Rose<\/strong> und <strong data-start=\"3638\" data-end=\"3649\">Geranie<\/strong> trifft auf eine warme Basis aus <strong data-start=\"3682\" data-end=\"3693\">Vetiver<\/strong>, <strong data-start=\"3695\" data-end=\"3709\">Sandelholz<\/strong> und <strong data-start=\"3714\" data-end=\"3727\">Weihrauch<\/strong>.<\/p>\n<p class=\"\" data-start=\"3730\" data-end=\"3793\">F\u00fcr M\u00e4nner, die sich durch Stil, Mut und Charakter auszeichnen.<\/p>\n<p data-start=\"1363\" data-end=\"1505\">Verfolgen Sie alle unsere Neuigkeiten! <a href=\"https:\/\/www.instagram.com\/freeshopswiss\/\" target=\"_blank\" rel=\"noopener\">@freeshopswiss<\/a><\/p>\n","protected":false},"excerpt":{"rendered":"<p>Ein frischer Herrenduft mit Charakter, inspiriert vom Geist der Wikinger. Viking Cologne verbindet Zitrus, Kr\u00e4uter und H\u00f6lzer stilvoll.<\/p>\n","protected":false},"featured_media":26853,"comment_status":"open","ping_status":"closed","template":"","meta":[],"pwb-brand":[403],"product_brand":[],"product_cat":[84,86],"product_tag":[254,953,1642],"class_list":{"0":"post-26615","1":"product","2":"type-product","3":"status-publish","4":"has-post-thumbnail","6":"pwb-brand-creed","7":"product_cat-duefte","8":"product_cat-fur-ihn-de","9":"product_tag-eau-de-parfum-de","10":"product_tag-uomo-de","11":"product_tag-mens-fragrances-de","13":"first","14":"instock","15":"taxable","16":"shipping-taxable","17":"purchasable","18":"product-type-simple"},"brands":[{"id":403,"name":"Creed","slug":"creed"}],"_links":{"self":[{"href":"https:\/\/www.freeshopfrontiera.ch\/de\/wp-json\/wp\/v2\/product\/26615","targetHints":{"allow":["GET"]}}],"collection":[{"href":"https:\/\/www.freeshopfrontiera.ch\/de\/wp-json\/wp\/v2\/product"}],"about":[{"href":"https:\/\/www.freeshopfrontiera.ch\/de\/wp-json\/wp\/v2\/types\/product"}],"replies":[{"embeddable":true,"href":"https:\/\/www.freeshopfrontiera.ch\/de\/wp-json\/wp\/v2\/comments?post=26615"}],"version-history":[{"count":3,"href":"https:\/\/www.freeshopfrontiera.ch\/de\/wp-json\/wp\/v2\/product\/26615\/revisions"}],"predecessor-version":[{"id":31358,"href":"https:\/\/www.freeshopfrontiera.ch\/de\/wp-json\/wp\/v2\/product\/26615\/revisions\/31358"}],"wp:featuredmedia":[{"embeddable":true,"href":"https:\/\/www.freeshopfrontiera.ch\/de\/wp-json\/wp\/v2\/media\/26853"}],"wp:attachment":[{"href":"https:\/\/www.freeshopfrontiera.ch\/de\/wp-json\/wp\/v2\/media?parent=26615"}],"wp:term":[{"taxonomy":"pwb-brand","embeddable":true,"href":"https:\/\/www.freeshopfrontiera.ch\/de\/wp-json\/wp\/v2\/pwb-brand?post=26615"},{"taxonomy":"product_brand","embeddable":true,"href":"https:\/\/www.freeshopfrontiera.ch\/de\/wp-json\/wp\/v2\/product_brand?post=26615"},{"taxonomy":"product_cat","embeddable":true,"href":"https:\/\/www.freeshopfrontiera.ch\/de\/wp-json\/wp\/v2\/product_cat?post=26615"},{"taxonomy":"product_tag","embeddable":true,"href":"https:\/\/www.freeshopfrontiera.ch\/de\/wp-json\/wp\/v2\/product_tag?post=26615"}],"curies":[{"name":"wp","href":"https:\/\/api.w.org\/{rel}","templated":true}]}}