{"id":26930,"date":"2025-04-18T09:45:37","date_gmt":"2025-04-18T09:45:37","guid":{"rendered":"https:\/\/www.freeshopfrontiera.ch\/shop\/giorgio-armani-my-way-ylang\/"},"modified":"2025-04-18T09:48:59","modified_gmt":"2025-04-18T09:48:59","slug":"giorgio-armani-my-way-ylang","status":"publish","type":"product","link":"https:\/\/www.freeshopfrontiera.ch\/de\/shop\/giorgio-armani-my-way-ylang\/","title":{"rendered":"GIORGIO ARMANI My Way Ylang"},"content":{"rendered":"<h3 class=\"\" data-start=\"3380\" data-end=\"3485\">GIORGIO ARMANI My Way Ylang Eau de Parfum \u2013 Eine Duftreise durch exotische Bl\u00fcten und moderne Eleganz<\/h3>\n<p class=\"\" data-start=\"3487\" data-end=\"3774\"><strong data-start=\"3487\" data-end=\"3532\">GIORGIO ARMANI My Way Ylang Eau de Parfum<\/strong> ist ein strahlender und umh\u00fcllender Damenduft, der florale Intensit\u00e4t mit moderner Raffinesse verbindet. Diese Interpretation der Linie <strong data-start=\"3669\" data-end=\"3679\">My Way<\/strong> feiert Begegnungen und Entdeckungen \u2013 mit edlem <strong data-start=\"3728\" data-end=\"3743\">Ylang-Ylang<\/strong> von den Komoren als Herzst\u00fcck.<\/p>\n<p class=\"\" data-start=\"3776\" data-end=\"4085\">Der Duft er\u00f6ffnet mit <strong data-start=\"3798\" data-end=\"3832\">fruchtigen, frischen Kopfnoten<\/strong> von <strong data-start=\"3837\" data-end=\"3851\">Bergamotte<\/strong> und <strong data-start=\"3856\" data-end=\"3866\">Orange<\/strong>, gefolgt von einem sinnlichen Blumenherz aus <strong data-start=\"3912\" data-end=\"3927\">Ylang-Ylang<\/strong>, <strong data-start=\"3929\" data-end=\"3941\">Tuberose<\/strong> und <strong data-start=\"3946\" data-end=\"3956\">Jasmin<\/strong>. Die Basisnote rundet das Parf\u00fcm mit <strong data-start=\"3994\" data-end=\"4013\">Bourbon-Vanille<\/strong>, <strong data-start=\"4015\" data-end=\"4033\">wei\u00dfen H\u00f6lzern<\/strong> und <strong data-start=\"4038\" data-end=\"4047\">Amber<\/strong> ab \u2013 warm, elegant und langanhaltend.<\/p>\n<p class=\"\" data-start=\"4087\" data-end=\"4305\"><strong data-start=\"4087\" data-end=\"4103\">My Way Ylang<\/strong> ist ideal f\u00fcr Frauen, die ihre Pers\u00f6nlichkeit mit einem einzigartigen und femininen Duft ausdr\u00fccken m\u00f6chten. Der Duft passt perfekt zu allen Jahreszeiten und zu jedem Anlass \u2013 vom Alltag bis zum Abend.<\/p>\n<p class=\"\" data-start=\"4307\" data-end=\"4581\">Der edle, wiedererkennbare Flakon ist <strong data-start=\"4345\" data-end=\"4360\">nachf\u00fcllbar<\/strong> und besteht aus <strong data-start=\"4377\" data-end=\"4403\">recycelten Materialien<\/strong>, ganz im Sinne der nachhaltigen Werte von Giorgio Armani. Die tiefblaue Verschlusskappe, wie ein Schmuckst\u00fcck gestaltet, steht symbolisch f\u00fcr die Verbindung von Himmel und Erde.<\/p>\n<p class=\"\" data-start=\"4583\" data-end=\"4719\">Entdecken Sie <strong data-start=\"4597\" data-end=\"4642\">GIORGIO ARMANI My Way Ylang Eau de Parfum<\/strong> und begeben Sie sich auf eine duftende Reise voller Emotionen und Sch\u00f6nheit.<\/p>\n<p data-start=\"1648\" data-end=\"1788\">Verfolgen Sie alle unsere Neuigkeiten! <a href=\"https:\/\/www.instagram.com\/freeshopswiss\/\" target=\"_blank\" rel=\"noopener\">@freeshopswiss<\/a><\/p>\n","protected":false},"excerpt":{"rendered":"<p>GIORGIO ARMANI My Way Ylang Eau de Parfum ist ein intensiver, strahlender Blumenduft mit Ylang-Ylang, Vanille und H\u00f6lzern \u2013 modern, sinnlich und elegant.<\/p>\n","protected":false},"featured_media":27148,"comment_status":"open","ping_status":"closed","template":"","meta":[],"pwb-brand":[263],"product_brand":[],"product_cat":[84,111],"product_tag":[790,952,254,293,5051],"class_list":{"0":"post-26930","1":"product","2":"type-product","3":"status-publish","4":"has-post-thumbnail","6":"pwb-brand-giorgio-armani","7":"product_cat-duefte","8":"product_cat-fur-sie-de","9":"product_tag-womens-fragrances-de","10":"product_tag-profumi-de","11":"product_tag-eau-de-parfum-de","12":"product_tag-frau","13":"product_tag-muttertag","15":"first","16":"instock","17":"sale","18":"taxable","19":"shipping-taxable","20":"purchasable","21":"product-type-variable","22":"has-default-attributes"},"brands":[{"id":263,"name":"Giorgio Armani","slug":"giorgio-armani"}],"_links":{"self":[{"href":"https:\/\/www.freeshopfrontiera.ch\/de\/wp-json\/wp\/v2\/product\/26930","targetHints":{"allow":["GET"]}}],"collection":[{"href":"https:\/\/www.freeshopfrontiera.ch\/de\/wp-json\/wp\/v2\/product"}],"about":[{"href":"https:\/\/www.freeshopfrontiera.ch\/de\/wp-json\/wp\/v2\/types\/product"}],"replies":[{"embeddable":true,"href":"https:\/\/www.freeshopfrontiera.ch\/de\/wp-json\/wp\/v2\/comments?post=26930"}],"version-history":[{"count":1,"href":"https:\/\/www.freeshopfrontiera.ch\/de\/wp-json\/wp\/v2\/product\/26930\/revisions"}],"predecessor-version":[{"id":26934,"href":"https:\/\/www.freeshopfrontiera.ch\/de\/wp-json\/wp\/v2\/product\/26930\/revisions\/26934"}],"wp:featuredmedia":[{"embeddable":true,"href":"https:\/\/www.freeshopfrontiera.ch\/de\/wp-json\/wp\/v2\/media\/27148"}],"wp:attachment":[{"href":"https:\/\/www.freeshopfrontiera.ch\/de\/wp-json\/wp\/v2\/media?parent=26930"}],"wp:term":[{"taxonomy":"pwb-brand","embeddable":true,"href":"https:\/\/www.freeshopfrontiera.ch\/de\/wp-json\/wp\/v2\/pwb-brand?post=26930"},{"taxonomy":"product_brand","embeddable":true,"href":"https:\/\/www.freeshopfrontiera.ch\/de\/wp-json\/wp\/v2\/product_brand?post=26930"},{"taxonomy":"product_cat","embeddable":true,"href":"https:\/\/www.freeshopfrontiera.ch\/de\/wp-json\/wp\/v2\/product_cat?post=26930"},{"taxonomy":"product_tag","embeddable":true,"href":"https:\/\/www.freeshopfrontiera.ch\/de\/wp-json\/wp\/v2\/product_tag?post=26930"}],"curies":[{"name":"wp","href":"https:\/\/api.w.org\/{rel}","templated":true}]}}