{"id":27107,"date":"2025-04-18T11:04:43","date_gmt":"2025-04-18T11:04:43","guid":{"rendered":"https:\/\/www.freeshopfrontiera.ch\/shop\/tom-ford-vanilla-sex\/"},"modified":"2025-04-18T11:18:43","modified_gmt":"2025-04-18T11:18:43","slug":"tom-ford-vanilla-sex","status":"publish","type":"product","link":"https:\/\/www.freeshopfrontiera.ch\/de\/shop\/tom-ford-vanilla-sex\/","title":{"rendered":"TOM FORD Vanilla Sex"},"content":{"rendered":"<h3 class=\"\" data-start=\"4135\" data-end=\"4216\">TOM FORD Vanilla Sex Eau de Parfum \u2013 Verf\u00fchrerische Vanille neu interpretiert<\/h3>\n<p class=\"\" data-start=\"4218\" data-end=\"4490\"><strong data-start=\"4218\" data-end=\"4256\">TOM FORD Vanilla Sex Eau de Parfum<\/strong> ist ein intensiver, verf\u00fchrerischer Duft, der die sinnliche Seite der Vanille in den Vordergrund stellt. Teil der Private Blend Kollektion, richtet sich dieses Unisex-Parfum an Liebhaber luxuri\u00f6ser und ausdrucksstarker Kompositionen.<\/p>\n<p class=\"\" data-start=\"4492\" data-end=\"4755\">Der Auftakt ist cremig-w\u00fcrzig, gefolgt von einem Herz aus <strong data-start=\"4550\" data-end=\"4571\">schwarzer Vanille<\/strong> und <strong data-start=\"4576\" data-end=\"4601\">Orangenbl\u00fcten-Absolue<\/strong>, das eine warme, gourmandartige Tiefe verleiht. Die Basis aus <strong data-start=\"4664\" data-end=\"4677\">Amberholz<\/strong>, <strong data-start=\"4679\" data-end=\"4695\">zartem Leder<\/strong> und <strong data-start=\"4700\" data-end=\"4711\">Moschus<\/strong> sorgt f\u00fcr langanhaltende W\u00e4rme und Eleganz.<\/p>\n<p class=\"\" data-start=\"4757\" data-end=\"4925\"><strong data-start=\"4757\" data-end=\"4772\">Vanilla Sex<\/strong> ist keine gew\u00f6hnliche s\u00fc\u00dfe Vanille \u2013 sie ist sinnlich, tiefgr\u00fcndig und luxuri\u00f6s. Ideal f\u00fcr besondere Anl\u00e4sse oder als ausdrucksstarkes Signature-Parfum.<\/p>\n<p class=\"\" data-start=\"4927\" data-end=\"5087\">Das minimalistische Flakon-Design unterstreicht die raffinierte \u00c4sthetik von TOM FORD. Der provokante Name spiegelt die leidenschaftliche Natur des Dufts wider.<\/p>\n<p class=\"\" data-start=\"5089\" data-end=\"5244\">Jetzt <strong data-start=\"5095\" data-end=\"5133\">Vanilla Sex Eau de Parfum<\/strong> in unserem Onlineshop entdecken.<\/p>\n<p data-start=\"5089\" data-end=\"5244\">Verfolgen Sie alle unsere Neuigkeiten!<\/p>\n<pre id=\"tw-target-text\" class=\"tw-data-text tw-text-large tw-ta\" dir=\"ltr\" data-placeholder=\"Traduzione\" data-ved=\"2ahUKEwjQ9tmSxN6MAxXk4AIHHexNBBQQ3ewLegQICBAV\" aria-label=\"Testo tradotto: Verfolgen Sie alle unsere Neuigkeiten!\">\u00a0<a href=\"https:\/\/www.instagram.com\/freeshopswiss\/\" target=\"_blank\" rel=\"noopener\">@freeshopswiss<\/a><\/pre>\n","protected":false},"excerpt":{"rendered":"<p>TOM FORD Vanilla Sex ist ein k\u00fchner, verf\u00fchrerischer Duft, in dem Vanille auf Leder, Gew\u00fcrze und Moschus trifft \u2013 intensiv und bet\u00f6rend.<\/p>\n","protected":false},"featured_media":27164,"comment_status":"open","ping_status":"closed","template":"","meta":[],"pwb-brand":[396],"product_brand":[],"product_cat":[84,111,105],"product_tag":[790,952,254,293,4349,560,489],"class_list":{"0":"post-27107","1":"product","2":"type-product","3":"status-publish","4":"has-post-thumbnail","6":"pwb-brand-tom-ford","7":"product_cat-duefte","8":"product_cat-fur-sie-de","9":"product_cat-neuheit","10":"product_tag-womens-fragrances-de","11":"product_tag-profumi-de","12":"product_tag-eau-de-parfum-de","13":"product_tag-frau","14":"product_tag-frauentag","15":"product_tag-neuheiten-damen","16":"product_tag-neuheiten-dufte","18":"first","19":"instock","20":"sale","21":"taxable","22":"shipping-taxable","23":"purchasable","24":"product-type-variable","25":"has-default-attributes"},"brands":[{"id":396,"name":"Tom Ford","slug":"tom-ford"}],"_links":{"self":[{"href":"https:\/\/www.freeshopfrontiera.ch\/de\/wp-json\/wp\/v2\/product\/27107","targetHints":{"allow":["GET"]}}],"collection":[{"href":"https:\/\/www.freeshopfrontiera.ch\/de\/wp-json\/wp\/v2\/product"}],"about":[{"href":"https:\/\/www.freeshopfrontiera.ch\/de\/wp-json\/wp\/v2\/types\/product"}],"replies":[{"embeddable":true,"href":"https:\/\/www.freeshopfrontiera.ch\/de\/wp-json\/wp\/v2\/comments?post=27107"}],"version-history":[{"count":2,"href":"https:\/\/www.freeshopfrontiera.ch\/de\/wp-json\/wp\/v2\/product\/27107\/revisions"}],"predecessor-version":[{"id":27130,"href":"https:\/\/www.freeshopfrontiera.ch\/de\/wp-json\/wp\/v2\/product\/27107\/revisions\/27130"}],"wp:featuredmedia":[{"embeddable":true,"href":"https:\/\/www.freeshopfrontiera.ch\/de\/wp-json\/wp\/v2\/media\/27164"}],"wp:attachment":[{"href":"https:\/\/www.freeshopfrontiera.ch\/de\/wp-json\/wp\/v2\/media?parent=27107"}],"wp:term":[{"taxonomy":"pwb-brand","embeddable":true,"href":"https:\/\/www.freeshopfrontiera.ch\/de\/wp-json\/wp\/v2\/pwb-brand?post=27107"},{"taxonomy":"product_brand","embeddable":true,"href":"https:\/\/www.freeshopfrontiera.ch\/de\/wp-json\/wp\/v2\/product_brand?post=27107"},{"taxonomy":"product_cat","embeddable":true,"href":"https:\/\/www.freeshopfrontiera.ch\/de\/wp-json\/wp\/v2\/product_cat?post=27107"},{"taxonomy":"product_tag","embeddable":true,"href":"https:\/\/www.freeshopfrontiera.ch\/de\/wp-json\/wp\/v2\/product_tag?post=27107"}],"curies":[{"name":"wp","href":"https:\/\/api.w.org\/{rel}","templated":true}]}}