{"id":27257,"date":"2025-04-18T12:55:02","date_gmt":"2025-04-18T12:55:02","guid":{"rendered":"https:\/\/www.freeshopfrontiera.ch\/shop\/lattafa-ajwad-eau-de-parfum-60ml\/"},"modified":"2025-04-18T13:13:11","modified_gmt":"2025-04-18T13:13:11","slug":"lattafa-ajwad-eau-de-parfum-60ml","status":"publish","type":"product","link":"https:\/\/www.freeshopfrontiera.ch\/de\/shop\/lattafa-ajwad-eau-de-parfum-60ml\/","title":{"rendered":"LATTAFA Ajwad Eau de Parfum 60ml"},"content":{"rendered":"<p class=\"\" data-start=\"3028\" data-end=\"3260\">LATTAFA Ajwad Eau de Parfum est un parfum enveloppant et s\u00e9duisant, con\u00e7u pour ceux qui aiment les fragrances au caract\u00e8re affirm\u00e9. Ce flacon \u00e9l\u00e9gant de 60ml contient une essence qui envo\u00fbte les sens et laisse une empreinte durable.<\/p>\n<p class=\"\" data-start=\"3262\" data-end=\"3560\">Le parfum s\u2019ouvre sur des notes fruit\u00e9es douces et lumineuses. Fra\u00eeches et d\u00e9licates, elles offrent une ouverture vive sans \u00eatre trop intenses. Le c\u0153ur d\u00e9voile ensuite des accents floraux raffin\u00e9s. La rose et le jasmin apportent une touche romantique, tandis que l\u2019ambre diffuse chaleur et myst\u00e8re.<\/p>\n<p class=\"\" data-start=\"3562\" data-end=\"3802\">La base repose sur le musc, des bois pr\u00e9cieux et la vanille. Ces notes chaudes et sensuelles conf\u00e8rent \u00e0 Ajwad une pr\u00e9sence intense et persistante. Parfait pour l\u2019automne et l\u2019hiver, il convient aussi aux soir\u00e9es ou aux occasions sp\u00e9ciales.<\/p>\n<p class=\"\" data-start=\"3804\" data-end=\"4045\">Ajwad de LATTAFA est le choix id\u00e9al pour ceux qui recherchent un parfum oriental moderne, \u00e0 la fois exotique et durable. Sa composition \u00e9quilibr\u00e9e le rend adapt\u00e9 aussi bien aux hommes qu\u2019aux femmes, laissant un sillage \u00e9l\u00e9gant et myst\u00e9rieux.<\/p>\n<p class=\"\" data-start=\"4047\" data-end=\"4254\">Le design raffin\u00e9 du flacon, orn\u00e9 avec soin, refl\u00e8te le caract\u00e8re pr\u00e9cieux du contenu. C\u2019est un parfum qui ne passe pas inaper\u00e7u, parfait \u00e9galement comme id\u00e9e cadeau pour les amateurs de fragrances intenses.<\/p>\n<p class=\"\" data-start=\"4256\" data-end=\"4420\">Avec Ajwad de LATTAFA, chaque vaporisation est une invitation \u00e0 l\u2019\u00e9motion et \u00e0 la d\u00e9couverte. Une essence qui raconte le charme, l\u2019\u00e9l\u00e9gance et la passion orientale.<\/p>\n<p data-start=\"1449\" data-end=\"1617\">Follow us! !\u00a0<a href=\"https:\/\/www.instagram.com\/freeshopswiss\/\" target=\"_blank\" rel=\"noopener\">@freeshopswiss<\/a><\/p>\n","protected":false},"excerpt":{"rendered":"<p><em><strong>Eau de Parfum<\/strong><\/em><\/p>\n","protected":false},"featured_media":27249,"comment_status":"open","ping_status":"closed","template":"","meta":[],"pwb-brand":[772],"product_brand":[],"product_cat":[84,86,111],"product_tag":[790,952,254,293,953,1642],"class_list":{"0":"post-27257","1":"product","2":"type-product","3":"status-publish","4":"has-post-thumbnail","6":"pwb-brand-lattafa","7":"product_cat-duefte","8":"product_cat-fur-ihn-de","9":"product_cat-fur-sie-de","10":"product_tag-womens-fragrances-de","11":"product_tag-profumi-de","12":"product_tag-eau-de-parfum-de","13":"product_tag-frau","14":"product_tag-uomo-de","15":"product_tag-mens-fragrances-de","17":"first","18":"outofstock","19":"sale","20":"taxable","21":"shipping-taxable","22":"purchasable","23":"product-type-simple"},"brands":[{"id":772,"name":"Lattafa","slug":"lattafa"}],"_links":{"self":[{"href":"https:\/\/www.freeshopfrontiera.ch\/de\/wp-json\/wp\/v2\/product\/27257","targetHints":{"allow":["GET"]}}],"collection":[{"href":"https:\/\/www.freeshopfrontiera.ch\/de\/wp-json\/wp\/v2\/product"}],"about":[{"href":"https:\/\/www.freeshopfrontiera.ch\/de\/wp-json\/wp\/v2\/types\/product"}],"replies":[{"embeddable":true,"href":"https:\/\/www.freeshopfrontiera.ch\/de\/wp-json\/wp\/v2\/comments?post=27257"}],"version-history":[{"count":3,"href":"https:\/\/www.freeshopfrontiera.ch\/de\/wp-json\/wp\/v2\/product\/27257\/revisions"}],"predecessor-version":[{"id":27282,"href":"https:\/\/www.freeshopfrontiera.ch\/de\/wp-json\/wp\/v2\/product\/27257\/revisions\/27282"}],"wp:featuredmedia":[{"embeddable":true,"href":"https:\/\/www.freeshopfrontiera.ch\/de\/wp-json\/wp\/v2\/media\/27249"}],"wp:attachment":[{"href":"https:\/\/www.freeshopfrontiera.ch\/de\/wp-json\/wp\/v2\/media?parent=27257"}],"wp:term":[{"taxonomy":"pwb-brand","embeddable":true,"href":"https:\/\/www.freeshopfrontiera.ch\/de\/wp-json\/wp\/v2\/pwb-brand?post=27257"},{"taxonomy":"product_brand","embeddable":true,"href":"https:\/\/www.freeshopfrontiera.ch\/de\/wp-json\/wp\/v2\/product_brand?post=27257"},{"taxonomy":"product_cat","embeddable":true,"href":"https:\/\/www.freeshopfrontiera.ch\/de\/wp-json\/wp\/v2\/product_cat?post=27257"},{"taxonomy":"product_tag","embeddable":true,"href":"https:\/\/www.freeshopfrontiera.ch\/de\/wp-json\/wp\/v2\/product_tag?post=27257"}],"curies":[{"name":"wp","href":"https:\/\/api.w.org\/{rel}","templated":true}]}}