{"id":27534,"date":"2025-04-22T08:20:13","date_gmt":"2025-04-22T08:20:13","guid":{"rendered":"https:\/\/www.freeshopfrontiera.ch\/shop\/shiseido-ultimune-power-infusing-serum-4-0\/"},"modified":"2025-04-22T08:34:24","modified_gmt":"2025-04-22T08:34:24","slug":"shiseido-ultimune-power-infusing-serum-4-0","status":"publish","type":"product","link":"https:\/\/www.freeshopfrontiera.ch\/de\/shop\/shiseido-ultimune-power-infusing-serum-4-0\/","title":{"rendered":"SHISEIDO Ultimune Power Infusing Serum 4.0"},"content":{"rendered":"<p class=\"\" data-start=\"1680\" data-end=\"1953\"><strong data-start=\"1680\" data-end=\"1726\">SHISEIDO Ultimune Power Infusing Serum 4.0<\/strong> ist das ikonische Gesichtsserum, das die Haut von innen heraus st\u00e4rkt, ihre nat\u00fcrlichen Abwehrkr\u00e4fte aktiviert und das Hautbild sichtbar verbessert. Ein weltweiter Bestseller, bekannt f\u00fcr sofortige und langfristige Ergebnisse.<\/p>\n<p class=\"\" data-start=\"1955\" data-end=\"2199\">Im Zentrum der Formel steht die exklusive <strong data-start=\"1997\" data-end=\"2021\">Ultimune Technology\u2122<\/strong> mit pflanzlichen Extrakten aus <strong data-start=\"2053\" data-end=\"2070\">Ginkgo Biloba<\/strong>, <strong data-start=\"2072\" data-end=\"2081\">Shiso<\/strong> und <strong data-start=\"2086\" data-end=\"2104\">wildem Thymian<\/strong>. Die Haut wird widerstandsf\u00e4higer, elastischer und besser vor t\u00e4glichen Belastungen gesch\u00fctzt.<\/p>\n<p class=\"\" data-start=\"2201\" data-end=\"2464\">Schon nach der ersten Anwendung wirkt die Haut <strong data-start=\"2248\" data-end=\"2291\">glatter, hydratisierter und strahlender<\/strong>. Bei regelm\u00e4\u00dfiger Anwendung verbessern sich Hautstruktur, Tonus und Festigkeit sichtbar. Anzeichen von M\u00fcdigkeit werden gemildert \u2013 f\u00fcr ein frisches, jugendliches Aussehen.<\/p>\n<p class=\"\" data-start=\"2466\" data-end=\"2651\">Die Textur ist leicht und seidig. Sie zieht schnell ein und hinterl\u00e4sst ein angenehmes, weiches Hautgef\u00fchl. Ideal f\u00fcr die t\u00e4gliche Anwendung morgens und abends vor der gewohnten Pflege.<\/p>\n<p class=\"\" data-start=\"2653\" data-end=\"2772\"><strong data-start=\"2653\" data-end=\"2669\">Ultimune 4.0<\/strong> ist f\u00fcr alle Hauttypen geeignet, auch f\u00fcr empfindliche Haut. Dermatologisch getestet. Nicht komedogen.<\/p>\n<p class=\"\" data-start=\"2774\" data-end=\"2896\">Der elegante Flakon vereint japanische Tradition mit modernster Hautpflegetechnologie \u2013 ein echtes Erlebnis f\u00fcr die Sinne.<\/p>\n<p class=\"\" data-start=\"2898\" data-end=\"3025\">Ideal f\u00fcr alle, die mehr als nur Feuchtigkeit suchen. Ein unverzichtbares Pflegeprodukt f\u00fcr gesunde, vitale Haut \u2013 Tag f\u00fcr Tag. <strong data-start=\"1680\" data-end=\"1726\">SHISEIDO Ultimune Power Infusing Serum 4.0<\/strong> ist das ikonische Gesichtsserum, das die Haut von innen heraus st\u00e4rkt, ihre nat\u00fcrlichen Abwehrkr\u00e4fte aktiviert und das Hautbild sichtbar verbessert.<\/p>\n<p class=\"\" data-start=\"3027\" data-end=\"3123\"><strong data-start=\"3027\" data-end=\"3073\">SHISEIDO Ultimune Power Infusing Serum 4.0<\/strong>: der essenzielle Schritt zu zeitlos sch\u00f6ner Haut.<\/p>\n<p data-start=\"1605\" data-end=\"1718\">Follow us! <a href=\"https:\/\/www.instagram.com\/freeshopswiss\/\" target=\"_blank\" rel=\"noopener\">@freeshopswiss<\/a><\/p>\n","protected":false},"excerpt":{"rendered":"<p>SHISEIDO Ultimune Power Infusing Serum 4.0 ist das ikonische Gesichtsserum, das die Haut von innen heraus st\u00e4rkt, ihre nat\u00fcrlichen Abwehrkr\u00e4fte aktiviert und das Hautbild sichtbar verbessert. Ein weltweiter Bestseller, bekannt f\u00fcr sofortige und langfristige Ergebnisse. Im Zentrum der Formel steht die exklusive Ultimune Technology\u2122 mit pflanzlichen Extrakten aus Ginkgo Biloba, Shiso und wildem Thymian. Die [&hellip;]<\/p>\n","protected":false},"featured_media":27508,"comment_status":"open","ping_status":"closed","template":"","meta":[],"pwb-brand":[312],"product_brand":[],"product_cat":[292,111,546],"product_tag":[482,419,293,300],"class_list":{"0":"post-27534","1":"product","2":"type-product","3":"status-publish","4":"has-post-thumbnail","6":"pwb-brand-shiseido","7":"product_cat-behandlungen","8":"product_cat-fur-sie-de","9":"product_cat-gesichtsbehandlung","10":"product_tag-anti-falten","11":"product_tag-behandlungen-de","12":"product_tag-frau","13":"product_tag-gesichtsbehandlungen","15":"first","16":"instock","17":"taxable","18":"shipping-taxable","19":"product-type-variable","20":"has-default-attributes"},"brands":[{"id":312,"name":"Shiseido","slug":"shiseido"}],"_links":{"self":[{"href":"https:\/\/www.freeshopfrontiera.ch\/de\/wp-json\/wp\/v2\/product\/27534","targetHints":{"allow":["GET"]}}],"collection":[{"href":"https:\/\/www.freeshopfrontiera.ch\/de\/wp-json\/wp\/v2\/product"}],"about":[{"href":"https:\/\/www.freeshopfrontiera.ch\/de\/wp-json\/wp\/v2\/types\/product"}],"replies":[{"embeddable":true,"href":"https:\/\/www.freeshopfrontiera.ch\/de\/wp-json\/wp\/v2\/comments?post=27534"}],"version-history":[{"count":3,"href":"https:\/\/www.freeshopfrontiera.ch\/de\/wp-json\/wp\/v2\/product\/27534\/revisions"}],"predecessor-version":[{"id":27554,"href":"https:\/\/www.freeshopfrontiera.ch\/de\/wp-json\/wp\/v2\/product\/27534\/revisions\/27554"}],"wp:featuredmedia":[{"embeddable":true,"href":"https:\/\/www.freeshopfrontiera.ch\/de\/wp-json\/wp\/v2\/media\/27508"}],"wp:attachment":[{"href":"https:\/\/www.freeshopfrontiera.ch\/de\/wp-json\/wp\/v2\/media?parent=27534"}],"wp:term":[{"taxonomy":"pwb-brand","embeddable":true,"href":"https:\/\/www.freeshopfrontiera.ch\/de\/wp-json\/wp\/v2\/pwb-brand?post=27534"},{"taxonomy":"product_brand","embeddable":true,"href":"https:\/\/www.freeshopfrontiera.ch\/de\/wp-json\/wp\/v2\/product_brand?post=27534"},{"taxonomy":"product_cat","embeddable":true,"href":"https:\/\/www.freeshopfrontiera.ch\/de\/wp-json\/wp\/v2\/product_cat?post=27534"},{"taxonomy":"product_tag","embeddable":true,"href":"https:\/\/www.freeshopfrontiera.ch\/de\/wp-json\/wp\/v2\/product_tag?post=27534"}],"curies":[{"name":"wp","href":"https:\/\/api.w.org\/{rel}","templated":true}]}}