{"id":27570,"date":"2025-04-22T08:56:56","date_gmt":"2025-04-22T08:56:56","guid":{"rendered":"https:\/\/www.freeshopfrontiera.ch\/shop\/grace-day-collagen-refreshing-gel-mist-120ml\/"},"modified":"2025-04-22T09:08:50","modified_gmt":"2025-04-22T09:08:50","slug":"grace-day-collagen-refreshing-gel-mist-120ml","status":"publish","type":"product","link":"https:\/\/www.freeshopfrontiera.ch\/de\/shop\/grace-day-collagen-refreshing-gel-mist-120ml\/","title":{"rendered":"GRACE DAY Collagen Refreshing Gel Mist 120ml"},"content":{"rendered":"<p class=\"\" data-start=\"1360\" data-end=\"1613\"><strong data-start=\"1360\" data-end=\"1408\">GRACE DAY Collagen Refreshing Gel Mist 120ml<\/strong> ist ein feuchtigkeitsspendendes Gel-Spray mit <strong data-start=\"1455\" data-end=\"1467\">Kollagen<\/strong>, das f\u00fcr eine <strong data-start=\"1482\" data-end=\"1534\">sofortige und langanhaltende Feuchtigkeitszufuhr<\/strong> sorgt. Die Haut wird <strong data-start=\"1556\" data-end=\"1590\">weich, elastisch und strahlend<\/strong> \u2013 den ganzen Tag \u00fcber.<\/p>\n<p class=\"\" data-start=\"1615\" data-end=\"1880\">Die besondere Gel-zu-Spray-Textur erzeugt einen <strong data-start=\"1663\" data-end=\"1699\">feinen, gleichm\u00e4\u00dfigen Spr\u00fchnebel<\/strong>, der sanft auf dem Gesicht verteilt wird und <strong data-start=\"1745\" data-end=\"1823\">schnell einzieht, ohne R\u00fcckst\u00e4nde oder ein fettiges Gef\u00fchl zu hinterlassen<\/strong>. Ideal zur Erfrischung der Haut \u2013 auch \u00fcber dem Make-up.<\/p>\n<p class=\"\" data-start=\"1882\" data-end=\"2105\">Angereichert mit <strong data-start=\"1899\" data-end=\"1911\">Kollagen<\/strong>, hilft es, die <strong data-start=\"1927\" data-end=\"1965\">Elastizit\u00e4t der Haut zu verbessern<\/strong> und Trockenheit zu mindern \u2013 f\u00fcr ein glatteres und festeres Hautbild. Der perfekte Frische-Kick f\u00fcr m\u00fcde, gestresste oder dehydrierte Haut.<\/p>\n<p class=\"\" data-start=\"2107\" data-end=\"2131\">Anwendungsm\u00f6glichkeiten:<\/p>\n<ul data-start=\"2132\" data-end=\"2270\">\n<li class=\"\" data-start=\"2132\" data-end=\"2192\">\n<p class=\"\" data-start=\"2134\" data-end=\"2192\">Als <strong data-start=\"2138\" data-end=\"2171\">feuchtigkeitsspendender Toner<\/strong> nach der Reinigung<\/p>\n<\/li>\n<li class=\"\" data-start=\"2193\" data-end=\"2228\">\n<p class=\"\" data-start=\"2195\" data-end=\"2228\">Als <strong data-start=\"2199\" data-end=\"2214\">Fixierspray<\/strong> f\u00fcr Make-up<\/p>\n<\/li>\n<li class=\"\" data-start=\"2229\" data-end=\"2270\">\n<p class=\"\" data-start=\"2231\" data-end=\"2270\">Als <strong data-start=\"2235\" data-end=\"2256\">Erfrischungsspray<\/strong> zwischendurch<\/p>\n<\/li>\n<\/ul>\n<p class=\"\" data-start=\"2272\" data-end=\"2424\">Der angenehme, dezente Duft sorgt f\u00fcr ein wohltuendes Pflegeerlebnis. Dank der handlichen <strong data-start=\"2362\" data-end=\"2378\">120 ml Gr\u00f6\u00dfe<\/strong> ideal f\u00fcr unterwegs, im B\u00fcro oder auf Reisen.<\/p>\n<p class=\"\" data-start=\"2426\" data-end=\"2569\"><strong data-start=\"2426\" data-end=\"2468\">GRACE DAY Collagen Refreshing Gel Mist<\/strong> \u2013 die clevere Pflege f\u00fcr alle, die sich eine <strong data-start=\"2514\" data-end=\"2559\">einfache und wirksame Feuchtigkeitszufuhr<\/strong> w\u00fcnschen.<\/p>\n<p data-start=\"1285\" data-end=\"1459\">Follow us! <a href=\"https:\/\/www.instagram.com\/freeshopswiss\/\" target=\"_blank\" rel=\"noopener\">@freeshopswiss<\/a><\/p>\n","protected":false},"excerpt":{"rendered":"<p>GRACE DAY Collagen Refreshing Gel Mist 120ml ist ein feuchtigkeitsspendendes Gel-Spray mit Kollagen, das f\u00fcr eine sofortige und langanhaltende Feuchtigkeitszufuhr sorgt. Die Haut wird weich, elastisch und strahlend \u2013 den ganzen Tag \u00fcber. Die besondere Gel-zu-Spray-Textur erzeugt einen feinen, gleichm\u00e4\u00dfigen Spr\u00fchnebel, der sanft auf dem Gesicht verteilt wird und schnell einzieht, ohne R\u00fcckst\u00e4nde oder ein [&hellip;]<\/p>\n","protected":false},"featured_media":27566,"comment_status":"open","ping_status":"closed","template":"","meta":[],"pwb-brand":[945],"product_brand":[],"product_cat":[292,111,546,3769],"product_tag":[419,293,300,3612],"class_list":{"0":"post-27570","1":"product","2":"type-product","3":"status-publish","4":"has-post-thumbnail","6":"pwb-brand-grace-day","7":"product_cat-behandlungen","8":"product_cat-fur-sie-de","9":"product_cat-gesichtsbehandlung","10":"product_cat-k-beauty-de","11":"product_tag-behandlungen-de","12":"product_tag-frau","13":"product_tag-gesichtsbehandlungen","14":"product_tag-k-beauty-de","16":"first","17":"outofstock","18":"sale","19":"taxable","20":"shipping-taxable","21":"purchasable","22":"product-type-simple"},"brands":[{"id":945,"name":"Grace Day","slug":"grace-day"}],"_links":{"self":[{"href":"https:\/\/www.freeshopfrontiera.ch\/de\/wp-json\/wp\/v2\/product\/27570","targetHints":{"allow":["GET"]}}],"collection":[{"href":"https:\/\/www.freeshopfrontiera.ch\/de\/wp-json\/wp\/v2\/product"}],"about":[{"href":"https:\/\/www.freeshopfrontiera.ch\/de\/wp-json\/wp\/v2\/types\/product"}],"replies":[{"embeddable":true,"href":"https:\/\/www.freeshopfrontiera.ch\/de\/wp-json\/wp\/v2\/comments?post=27570"}],"version-history":[{"count":2,"href":"https:\/\/www.freeshopfrontiera.ch\/de\/wp-json\/wp\/v2\/product\/27570\/revisions"}],"predecessor-version":[{"id":27574,"href":"https:\/\/www.freeshopfrontiera.ch\/de\/wp-json\/wp\/v2\/product\/27570\/revisions\/27574"}],"wp:featuredmedia":[{"embeddable":true,"href":"https:\/\/www.freeshopfrontiera.ch\/de\/wp-json\/wp\/v2\/media\/27566"}],"wp:attachment":[{"href":"https:\/\/www.freeshopfrontiera.ch\/de\/wp-json\/wp\/v2\/media?parent=27570"}],"wp:term":[{"taxonomy":"pwb-brand","embeddable":true,"href":"https:\/\/www.freeshopfrontiera.ch\/de\/wp-json\/wp\/v2\/pwb-brand?post=27570"},{"taxonomy":"product_brand","embeddable":true,"href":"https:\/\/www.freeshopfrontiera.ch\/de\/wp-json\/wp\/v2\/product_brand?post=27570"},{"taxonomy":"product_cat","embeddable":true,"href":"https:\/\/www.freeshopfrontiera.ch\/de\/wp-json\/wp\/v2\/product_cat?post=27570"},{"taxonomy":"product_tag","embeddable":true,"href":"https:\/\/www.freeshopfrontiera.ch\/de\/wp-json\/wp\/v2\/product_tag?post=27570"}],"curies":[{"name":"wp","href":"https:\/\/api.w.org\/{rel}","templated":true}]}}