{"id":27606,"date":"2025-04-22T09:57:52","date_gmt":"2025-04-22T09:57:52","guid":{"rendered":"https:\/\/www.freeshopfrontiera.ch\/shop\/grace-day-hello-morning-collagen-mask-30-sheets\/"},"modified":"2025-04-22T10:12:29","modified_gmt":"2025-04-22T10:12:29","slug":"grace-day-hello-morning-collagen-mask-30-sheets","status":"publish","type":"product","link":"https:\/\/www.freeshopfrontiera.ch\/de\/shop\/grace-day-hello-morning-collagen-mask-30-sheets\/","title":{"rendered":"GRACE DAY Hello Morning Collagen Mask 30 sheets"},"content":{"rendered":"<p class=\"\" data-start=\"110\" data-end=\"1525\"><strong data-start=\"1457\" data-end=\"1519\">GRACE DAY Hello Morning Collagen Mask Pack \u2013 30 Tuchmasken<\/strong> ist die ideale Expresspflege f\u00fcr alle, die sich in nur 60 Sekunden eine straffere, hydratisierte und strahlende Haut w\u00fcnschen. Jede Packung enth\u00e4lt 30 Einweg-Tuchmasken f\u00fcr die t\u00e4gliche Anwendung \u2013 perfekt f\u00fcr den energiereichen Start in den Tag oder zur Entspannung am Abend. Mit hydrolysiertem Kollagen formuliert, sind sie besonders geeignet f\u00fcr reife, trockene, fahle oder erschlaffte Haut.<\/p>\n<p class=\"\" data-start=\"110\" data-end=\"1525\">Innerhalb einer Minute verbessern diese Masken sichtbar die Elastizit\u00e4t und Festigkeit der Haut, spenden intensive Feuchtigkeit und verleihen dem Gesicht ein jugendliches, gesundes Aussehen. Angereichert mit Panthenol und Allantoin, wirken sie beruhigend und sind somit auch f\u00fcr empfindliche Haut ideal. Das d\u00fcnne, ultra-haftende Tuch sorgt f\u00fcr eine gleichm\u00e4\u00dfige Verteilung des Serums und schnelles Einziehen ohne R\u00fcckst\u00e4nde. Die Hello Morning Collagen Masken erfrischen, gl\u00e4tten und verleihen der Haut einen strahlenden Teint. Schnell und einfach in der Anwendung, sind sie die ideale L\u00f6sung f\u00fcr alle, die wenig Zeit haben, aber nicht auf t\u00e4gliche Hautpflege verzichten m\u00f6chten.<\/p>\n<p class=\"\" data-start=\"110\" data-end=\"1525\">Das 30er-Set erm\u00f6glicht eine vollst\u00e4ndige Kur f\u00fcr einen Monat \u2013 mit sichtbaren, langanhaltenden Ergebnissen. Mit GRACE DAY wird jeder Morgen zu einem Moment der Erneuerung f\u00fcr Ihre Haut \u2013 f\u00fcr nat\u00fcrliche Sch\u00f6nheit mit nur einem Schritt.<\/p>\n<p data-start=\"110\" data-end=\"1525\">Follow us! <a href=\"https:\/\/www.instagram.com\/freeshopswiss\/\" target=\"_blank\" rel=\"noopener\">@freeshopswiss<\/a><\/p>\n","protected":false},"excerpt":{"rendered":"<p>GRACE DAY Hello Morning Collagen Mask Pack \u2013 30 Tuchmasken ist die ideale Expresspflege f\u00fcr alle, die sich in nur 60 Sekunden eine straffere, hydratisierte und strahlende Haut w\u00fcnschen. Jede Packung enth\u00e4lt 30 Einweg-Tuchmasken f\u00fcr die t\u00e4gliche Anwendung \u2013 perfekt f\u00fcr den energiereichen Start in den Tag oder zur Entspannung am Abend. Mit hydrolysiertem Kollagen [&hellip;]<\/p>\n","protected":false},"featured_media":27598,"comment_status":"open","ping_status":"closed","template":"","meta":[],"pwb-brand":[945],"product_brand":[],"product_cat":[292,111,546,3769],"product_tag":[419,293,300,3612],"class_list":{"0":"post-27606","1":"product","2":"type-product","3":"status-publish","4":"has-post-thumbnail","6":"pwb-brand-grace-day","7":"product_cat-behandlungen","8":"product_cat-fur-sie-de","9":"product_cat-gesichtsbehandlung","10":"product_cat-k-beauty-de","11":"product_tag-behandlungen-de","12":"product_tag-frau","13":"product_tag-gesichtsbehandlungen","14":"product_tag-k-beauty-de","16":"first","17":"outofstock","18":"sale","19":"taxable","20":"shipping-taxable","21":"purchasable","22":"product-type-simple"},"brands":[{"id":945,"name":"Grace Day","slug":"grace-day"}],"_links":{"self":[{"href":"https:\/\/www.freeshopfrontiera.ch\/de\/wp-json\/wp\/v2\/product\/27606","targetHints":{"allow":["GET"]}}],"collection":[{"href":"https:\/\/www.freeshopfrontiera.ch\/de\/wp-json\/wp\/v2\/product"}],"about":[{"href":"https:\/\/www.freeshopfrontiera.ch\/de\/wp-json\/wp\/v2\/types\/product"}],"replies":[{"embeddable":true,"href":"https:\/\/www.freeshopfrontiera.ch\/de\/wp-json\/wp\/v2\/comments?post=27606"}],"version-history":[{"count":1,"href":"https:\/\/www.freeshopfrontiera.ch\/de\/wp-json\/wp\/v2\/product\/27606\/revisions"}],"predecessor-version":[{"id":27612,"href":"https:\/\/www.freeshopfrontiera.ch\/de\/wp-json\/wp\/v2\/product\/27606\/revisions\/27612"}],"wp:featuredmedia":[{"embeddable":true,"href":"https:\/\/www.freeshopfrontiera.ch\/de\/wp-json\/wp\/v2\/media\/27598"}],"wp:attachment":[{"href":"https:\/\/www.freeshopfrontiera.ch\/de\/wp-json\/wp\/v2\/media?parent=27606"}],"wp:term":[{"taxonomy":"pwb-brand","embeddable":true,"href":"https:\/\/www.freeshopfrontiera.ch\/de\/wp-json\/wp\/v2\/pwb-brand?post=27606"},{"taxonomy":"product_brand","embeddable":true,"href":"https:\/\/www.freeshopfrontiera.ch\/de\/wp-json\/wp\/v2\/product_brand?post=27606"},{"taxonomy":"product_cat","embeddable":true,"href":"https:\/\/www.freeshopfrontiera.ch\/de\/wp-json\/wp\/v2\/product_cat?post=27606"},{"taxonomy":"product_tag","embeddable":true,"href":"https:\/\/www.freeshopfrontiera.ch\/de\/wp-json\/wp\/v2\/product_tag?post=27606"}],"curies":[{"name":"wp","href":"https:\/\/api.w.org\/{rel}","templated":true}]}}