{"id":27627,"date":"2025-04-22T10:28:04","date_gmt":"2025-04-22T10:28:04","guid":{"rendered":"https:\/\/www.freeshopfrontiera.ch\/shop\/grace-day-hello-morning-vitamin-c-mask-30-sheets\/"},"modified":"2025-04-22T10:33:41","modified_gmt":"2025-04-22T10:33:41","slug":"grace-day-hello-morning-vitamin-c-mask-30-sheets","status":"publish","type":"product","link":"https:\/\/www.freeshopfrontiera.ch\/de\/shop\/grace-day-hello-morning-vitamin-c-mask-30-sheets\/","title":{"rendered":"GRACE DAY Hello Morning Vitamin C Mask 30 sheets"},"content":{"rendered":"<p class=\"\" data-start=\"1622\" data-end=\"3162\"><strong data-start=\"1622\" data-end=\"1685\">GRACE DAY Hello Morning Vitamin C Mask Pack \u2013 30 Tuchmasken<\/strong> ist die perfekte Expresspflege f\u00fcr alle, die sich in nur 60 Sekunden eine strahlendere, gleichm\u00e4\u00dfigere und revitalisierte Haut w\u00fcnschen. Jede Packung enth\u00e4lt 30 Einweg-Tuchmasken \u2013 ideal f\u00fcr die t\u00e4gliche Anwendung am Morgen oder Abend \u2013 f\u00fcr ein einfaches, aber hochwirksames Pflegeritual.<\/p>\n<p class=\"\" data-start=\"1622\" data-end=\"3162\">Mit <strong data-start=\"1979\" data-end=\"1992\">Vitamin C<\/strong> formuliert, sind diese Masken besonders geeignet f\u00fcr <strong data-start=\"2046\" data-end=\"2131\">fahle, ungleichm\u00e4\u00dfige Haut mit fehlender Ausstrahlung oder kleinen Pigmentflecken<\/strong>. Vitamin C, ein starkes Antioxidans, hilft, <strong data-start=\"2176\" data-end=\"2201\">den Teint aufzuhellen<\/strong>, den Hautton sichtbar zu verbessern und <strong data-start=\"2242\" data-end=\"2282\">vorzeitiger Hautalterung vorzubeugen<\/strong>. In Kombination mit <strong data-start=\"2303\" data-end=\"2316\">Panthenol<\/strong> und <strong data-start=\"2321\" data-end=\"2334\">Allantoin<\/strong> wirken die Masken zudem <strong data-start=\"2359\" data-end=\"2399\">beruhigend und feuchtigkeitsspendend<\/strong> \u2013 ideal auch f\u00fcr empfindliche Haut. Nach nur 60 Sekunden erscheint die Haut <strong data-start=\"2476\" data-end=\"2516\">strahlender, glatter und gefestigter<\/strong> \u2013 bereit f\u00fcr den Tag oder zur abendlichen Entspannung. Das d\u00fcnne Tuch passt sich perfekt dem Gesicht an, sorgt f\u00fcr eine gleichm\u00e4\u00dfige Verteilung des Serums und <strong data-start=\"2676\" data-end=\"2730\">zieht schnell ein, ohne R\u00fcckst\u00e4nde zu hinterlassen<\/strong>.<\/p>\n<p class=\"\" data-start=\"1622\" data-end=\"3162\">Das 30er-Set erm\u00f6glicht eine vollst\u00e4ndige t\u00e4gliche Pflegekur f\u00fcr einen Monat mit <strong data-start=\"2813\" data-end=\"2859\">sichtbaren und langanhaltenden Ergebnissen<\/strong>. Praktisch, schnell und leistungsstark \u2013 die Hello Morning Masken von GRACE DAY sind die perfekte Wahl f\u00fcr alle, die auch an stressigen Tagen nicht auf Hautpflege verzichten m\u00f6chten. Jeder Morgen wird zu einem Moment, <strong data-start=\"3078\" data-end=\"3135\" data-is-only-node=\"\">um die Haut zum Strahlen zu bringen und zu erfrischen<\/strong> \u2013 mit nur einer Anwendung.<\/p>\n<p data-start=\"183\" data-end=\"1766\">Follow us! <a href=\"https:\/\/www.instagram.com\/freeshopswiss\/\" target=\"_blank\" rel=\"noopener\">@freeshopswiss<\/a><\/p>\n","protected":false},"excerpt":{"rendered":"<p>GRACE DAY Hello Morning Vitamin C Mask Pack \u2013 30 Tuchmasken ist die perfekte Expresspflege f\u00fcr alle, die sich in nur 60 Sekunden eine strahlendere, gleichm\u00e4\u00dfigere und revitalisierte Haut w\u00fcnschen. Jede Packung enth\u00e4lt 30 Einweg-Tuchmasken \u2013 ideal f\u00fcr die t\u00e4gliche Anwendung am Morgen oder Abend \u2013 f\u00fcr ein einfaches, aber hochwirksames Pflegeritual. Mit Vitamin C [&hellip;]<\/p>\n","protected":false},"featured_media":27619,"comment_status":"open","ping_status":"closed","template":"","meta":[],"pwb-brand":[945],"product_brand":[],"product_cat":[292,111,546,3769],"product_tag":[419,293,300,3612],"class_list":{"0":"post-27627","1":"product","2":"type-product","3":"status-publish","4":"has-post-thumbnail","6":"pwb-brand-grace-day","7":"product_cat-behandlungen","8":"product_cat-fur-sie-de","9":"product_cat-gesichtsbehandlung","10":"product_cat-k-beauty-de","11":"product_tag-behandlungen-de","12":"product_tag-frau","13":"product_tag-gesichtsbehandlungen","14":"product_tag-k-beauty-de","16":"first","17":"outofstock","18":"sale","19":"taxable","20":"shipping-taxable","21":"purchasable","22":"product-type-simple"},"brands":[{"id":945,"name":"Grace Day","slug":"grace-day"}],"_links":{"self":[{"href":"https:\/\/www.freeshopfrontiera.ch\/de\/wp-json\/wp\/v2\/product\/27627","targetHints":{"allow":["GET"]}}],"collection":[{"href":"https:\/\/www.freeshopfrontiera.ch\/de\/wp-json\/wp\/v2\/product"}],"about":[{"href":"https:\/\/www.freeshopfrontiera.ch\/de\/wp-json\/wp\/v2\/types\/product"}],"replies":[{"embeddable":true,"href":"https:\/\/www.freeshopfrontiera.ch\/de\/wp-json\/wp\/v2\/comments?post=27627"}],"version-history":[{"count":1,"href":"https:\/\/www.freeshopfrontiera.ch\/de\/wp-json\/wp\/v2\/product\/27627\/revisions"}],"predecessor-version":[{"id":27631,"href":"https:\/\/www.freeshopfrontiera.ch\/de\/wp-json\/wp\/v2\/product\/27627\/revisions\/27631"}],"wp:featuredmedia":[{"embeddable":true,"href":"https:\/\/www.freeshopfrontiera.ch\/de\/wp-json\/wp\/v2\/media\/27619"}],"wp:attachment":[{"href":"https:\/\/www.freeshopfrontiera.ch\/de\/wp-json\/wp\/v2\/media?parent=27627"}],"wp:term":[{"taxonomy":"pwb-brand","embeddable":true,"href":"https:\/\/www.freeshopfrontiera.ch\/de\/wp-json\/wp\/v2\/pwb-brand?post=27627"},{"taxonomy":"product_brand","embeddable":true,"href":"https:\/\/www.freeshopfrontiera.ch\/de\/wp-json\/wp\/v2\/product_brand?post=27627"},{"taxonomy":"product_cat","embeddable":true,"href":"https:\/\/www.freeshopfrontiera.ch\/de\/wp-json\/wp\/v2\/product_cat?post=27627"},{"taxonomy":"product_tag","embeddable":true,"href":"https:\/\/www.freeshopfrontiera.ch\/de\/wp-json\/wp\/v2\/product_tag?post=27627"}],"curies":[{"name":"wp","href":"https:\/\/api.w.org\/{rel}","templated":true}]}}