{"id":27648,"date":"2025-04-22T10:49:35","date_gmt":"2025-04-22T10:49:35","guid":{"rendered":"https:\/\/www.freeshopfrontiera.ch\/shop\/grace-day-hello-morning-hyaluronic-acid-mask-30-sheets\/"},"modified":"2025-04-22T10:56:51","modified_gmt":"2025-04-22T10:56:51","slug":"grace-day-hello-morning-hyaluronic-acid-mask-30-sheets","status":"publish","type":"product","link":"https:\/\/www.freeshopfrontiera.ch\/de\/shop\/grace-day-hello-morning-hyaluronic-acid-mask-30-sheets\/","title":{"rendered":"GRACE DAY Hello Morning Hyaluronic Acid Mask 30 sheets"},"content":{"rendered":"<p class=\"\" data-start=\"175\" data-end=\"1528\"><strong data-start=\"1550\" data-end=\"1619\">GRACE DAY Hello Morning Hyaluronic Acid Mask Pack \u2013 30 Tuchmasken<\/strong> ist die ideale t\u00e4gliche Expresspflege f\u00fcr alle, die sich in nur 60 Sekunden eine tiefgehende und sofortige Feuchtigkeitszufuhr w\u00fcnschen. Jede Packung enth\u00e4lt 30 Einweg-Tuchmasken \u2013 perfekt f\u00fcr eine einmonatige Hautpflegeroutine am Morgen oder Abend.<\/p>\n<p class=\"\" data-start=\"175\" data-end=\"1528\">Mit <strong data-start=\"1874\" data-end=\"1891\">Hyalurons\u00e4ure<\/strong> angereichert, helfen diese Masken, <strong data-start=\"1927\" data-end=\"1965\">Feuchtigkeit in der Haut zu binden<\/strong>, Trockenheit zu vermeiden und der Haut ein weiches, gegl\u00e4ttetes und aufgepolstertes Aussehen zu verleihen. Sie sind besonders geeignet f\u00fcr <strong data-start=\"2105\" data-end=\"2170\">trockene, dehydrierte, fahle Haut oder Haut mit feinen Linien<\/strong>, aber auch ideal, um normale Haut intensiv mit Feuchtigkeit zu versorgen. Die Formel enth\u00e4lt zus\u00e4tzlich <strong data-start=\"2275\" data-end=\"2288\">Panthenol<\/strong> und <strong data-start=\"2293\" data-end=\"2306\">Allantoin<\/strong>, die f\u00fcr ihre <strong data-start=\"2321\" data-end=\"2370\">beruhigenden und reizlindernden Eigenschaften<\/strong> bekannt sind \u2013 perfekt auch f\u00fcr empfindliche Hauttypen. Das d\u00fcnne, anschmiegsame Tuch sorgt f\u00fcr eine gleichm\u00e4\u00dfige Verteilung des Serums und eine <strong data-start=\"2516\" data-end=\"2562\">schnelle Aufnahme ohne klebrige R\u00fcckst\u00e4nde<\/strong>.<\/p>\n<p class=\"\" data-start=\"175\" data-end=\"1528\">Bereits nach einer Minute f\u00fchlt sich die Haut frischer, straffer und strahlender an. Die Hello Morning Masken sind <strong data-start=\"2679\" data-end=\"2713\">praktisch, schnell und wirksam<\/strong> \u2013 ideal f\u00fcr alle, die trotz Alltagsstress nicht auf gepflegte Haut verzichten m\u00f6chten. Bei regelm\u00e4\u00dfiger Anwendung wirkt die Haut deutlich hydratisierter und geschmeidiger. Mit GRACE DAY wird jede Pflegeroutine zu einem kurzen Wohlf\u00fchlmoment. <strong data-start=\"1550\" data-end=\"1619\">GRACE DAY Hello Morning Hyaluronic Acid Mask Pack \u2013 30 Tuchmasken<\/strong> ist die ideale t\u00e4gliche Expresspflege f\u00fcr alle, die sich in nur 60 Sekunden eine tiefgehende und sofortige Feuchtigkeitszufuhr w\u00fcnschen.<\/p>\n<p data-start=\"175\" data-end=\"1528\">Follow us! <a href=\"https:\/\/www.instagram.com\/freeshopswiss\/\" target=\"_blank\" rel=\"noopener\">@freeshopswiss<\/a><\/p>\n","protected":false},"excerpt":{"rendered":"<p>GRACE DAY Hello Morning Hyaluronic Acid Mask Pack \u2013 30 Tuchmasken ist die ideale t\u00e4gliche Expresspflege f\u00fcr alle, die sich in nur 60 Sekunden eine tiefgehende und sofortige Feuchtigkeitszufuhr w\u00fcnschen. Jede Packung enth\u00e4lt 30 Einweg-Tuchmasken \u2013 perfekt f\u00fcr eine einmonatige Hautpflegeroutine am Morgen oder Abend. Mit Hyalurons\u00e4ure angereichert, helfen diese Masken, Feuchtigkeit in der Haut [&hellip;]<\/p>\n","protected":false},"featured_media":27640,"comment_status":"open","ping_status":"closed","template":"","meta":[],"pwb-brand":[945],"product_brand":[],"product_cat":[292,111,546,3769],"product_tag":[419,293,300,3612],"class_list":{"0":"post-27648","1":"product","2":"type-product","3":"status-publish","4":"has-post-thumbnail","6":"pwb-brand-grace-day","7":"product_cat-behandlungen","8":"product_cat-fur-sie-de","9":"product_cat-gesichtsbehandlung","10":"product_cat-k-beauty-de","11":"product_tag-behandlungen-de","12":"product_tag-frau","13":"product_tag-gesichtsbehandlungen","14":"product_tag-k-beauty-de","16":"first","17":"outofstock","18":"sale","19":"taxable","20":"shipping-taxable","21":"purchasable","22":"product-type-simple"},"brands":[{"id":945,"name":"Grace Day","slug":"grace-day"}],"_links":{"self":[{"href":"https:\/\/www.freeshopfrontiera.ch\/de\/wp-json\/wp\/v2\/product\/27648","targetHints":{"allow":["GET"]}}],"collection":[{"href":"https:\/\/www.freeshopfrontiera.ch\/de\/wp-json\/wp\/v2\/product"}],"about":[{"href":"https:\/\/www.freeshopfrontiera.ch\/de\/wp-json\/wp\/v2\/types\/product"}],"replies":[{"embeddable":true,"href":"https:\/\/www.freeshopfrontiera.ch\/de\/wp-json\/wp\/v2\/comments?post=27648"}],"version-history":[{"count":1,"href":"https:\/\/www.freeshopfrontiera.ch\/de\/wp-json\/wp\/v2\/product\/27648\/revisions"}],"predecessor-version":[{"id":27651,"href":"https:\/\/www.freeshopfrontiera.ch\/de\/wp-json\/wp\/v2\/product\/27648\/revisions\/27651"}],"wp:featuredmedia":[{"embeddable":true,"href":"https:\/\/www.freeshopfrontiera.ch\/de\/wp-json\/wp\/v2\/media\/27640"}],"wp:attachment":[{"href":"https:\/\/www.freeshopfrontiera.ch\/de\/wp-json\/wp\/v2\/media?parent=27648"}],"wp:term":[{"taxonomy":"pwb-brand","embeddable":true,"href":"https:\/\/www.freeshopfrontiera.ch\/de\/wp-json\/wp\/v2\/pwb-brand?post=27648"},{"taxonomy":"product_brand","embeddable":true,"href":"https:\/\/www.freeshopfrontiera.ch\/de\/wp-json\/wp\/v2\/product_brand?post=27648"},{"taxonomy":"product_cat","embeddable":true,"href":"https:\/\/www.freeshopfrontiera.ch\/de\/wp-json\/wp\/v2\/product_cat?post=27648"},{"taxonomy":"product_tag","embeddable":true,"href":"https:\/\/www.freeshopfrontiera.ch\/de\/wp-json\/wp\/v2\/product_tag?post=27648"}],"curies":[{"name":"wp","href":"https:\/\/api.w.org\/{rel}","templated":true}]}}