{"id":27667,"date":"2025-04-22T11:09:03","date_gmt":"2025-04-22T11:09:03","guid":{"rendered":"https:\/\/www.freeshopfrontiera.ch\/shop\/grace-day-hello-morning-retinol-mask-30-sheets\/"},"modified":"2025-04-22T11:20:37","modified_gmt":"2025-04-22T11:20:37","slug":"grace-day-hello-morning-retinol-mask-30-sheets","status":"publish","type":"product","link":"https:\/\/www.freeshopfrontiera.ch\/de\/shop\/grace-day-hello-morning-retinol-mask-30-sheets\/","title":{"rendered":"GRACE DAY Hello Morning Retinol Mask 30 sheets"},"content":{"rendered":"<p><strong data-start=\"1636\" data-end=\"1697\">GRACE DAY Hello Morning Retinol Mask Pack \u2013 30 Tuchmasken<\/strong> ist das perfekte Treatment, um in nur 60 Sekunden eine glattere und jugendlichere Haut zu erzielen. Jede Packung enth\u00e4lt 30 Einwegmasken, die f\u00fcr eine vollst\u00e4ndige morgendliche oder abendliche Hautpflegeroutine entwickelt wurden.<\/p>\n<p>Mit <strong data-start=\"1932\" data-end=\"1943\">Retinol<\/strong> formuliert, regen diese Masken die <strong data-start=\"1979\" data-end=\"1997\">Zellerneuerung<\/strong> an, verringern sichtbar Falten, feine Linien und Anzeichen der Hautalterung. Retinol ist eines der effektivsten Inhaltsstoffe, um <strong data-start=\"2128\" data-end=\"2162\">die Hautstruktur zu verbessern<\/strong>, den Hautton auszugleichen und der Haut ein jugendlicheres und strafferes Aussehen zu verleihen. Dank der <strong data-start=\"2269\" data-end=\"2294\">Zus\u00e4tze von Panthenol<\/strong> und <strong data-start=\"2299\" data-end=\"2312\">Allantoin<\/strong> bieten diese Masken auch eine <strong data-start=\"2343\" data-end=\"2393\">beruhigende und feuchtigkeitsspendende Wirkung<\/strong>, wodurch sie auch f\u00fcr empfindliche Haut geeignet sind.<\/p>\n<p>Die sanfte Formel wirkt ohne Reizungen, w\u00e4hrend der d\u00fcnne Stoff perfekt auf das Gesicht passt und eine <strong data-start=\"2552\" data-end=\"2590\">gleichm\u00e4\u00dfige Verteilung des Serums<\/strong> sowie eine schnelle <strong data-start=\"2611\" data-end=\"2641\">Absorption ohne R\u00fcckst\u00e4nde<\/strong> gew\u00e4hrleistet. In nur 60 Sekunden erscheint die Haut glatter, fester und sichtbar j\u00fcnger. Die regenerierende und straffende Wirkung von Retinol verleiht der Haut ein strahlendes und gesundes Aussehen, bereit f\u00fcr den Tag oder zum Entspannen am Abend. Bei t\u00e4glicher Anwendung wird die Haut zunehmend weicher, elastischer und glatter. Die Hello Morning Masken sind das ideale Treatment f\u00fcr alle, die ein schnelles, praktisches und leistungsstarkes Produkt suchen, das sichtbare Ergebnisse mit minimalem Aufwand liefert. Mit <strong data-start=\"3163\" data-end=\"3176\">GRACE DAY Retinol Mask<\/strong> beginnt jeder Tag mit einer Hautpflegeroutine, die deiner Haut ein jugendliches und gesundes Aussehen verleiht.<\/p>\n<p>Follow us! <a href=\"https:\/\/www.instagram.com\/freeshopswiss\/\" target=\"_blank\" rel=\"noopener\">@freeshopswiss<\/a><\/p>\n","protected":false},"excerpt":{"rendered":"<p>GRACE DAY Hello Morning Retinol Mask Pack \u2013 30 Tuchmasken ist das perfekte Treatment, um in nur 60 Sekunden eine glattere und jugendlichere Haut zu erzielen. Jede Packung enth\u00e4lt 30 Einwegmasken, die f\u00fcr eine vollst\u00e4ndige morgendliche oder abendliche Hautpflegeroutine entwickelt wurden. Mit Retinol formuliert, regen diese Masken die Zellerneuerung an, verringern sichtbar Falten, feine Linien [&hellip;]<\/p>\n","protected":false},"featured_media":27659,"comment_status":"open","ping_status":"closed","template":"","meta":[],"pwb-brand":[945],"product_brand":[],"product_cat":[292,111,546,3769],"product_tag":[419,293,300,3612],"class_list":{"0":"post-27667","1":"product","2":"type-product","3":"status-publish","4":"has-post-thumbnail","6":"pwb-brand-grace-day","7":"product_cat-behandlungen","8":"product_cat-fur-sie-de","9":"product_cat-gesichtsbehandlung","10":"product_cat-k-beauty-de","11":"product_tag-behandlungen-de","12":"product_tag-frau","13":"product_tag-gesichtsbehandlungen","14":"product_tag-k-beauty-de","16":"first","17":"outofstock","18":"sale","19":"taxable","20":"shipping-taxable","21":"purchasable","22":"product-type-simple"},"brands":[{"id":945,"name":"Grace Day","slug":"grace-day"}],"_links":{"self":[{"href":"https:\/\/www.freeshopfrontiera.ch\/de\/wp-json\/wp\/v2\/product\/27667","targetHints":{"allow":["GET"]}}],"collection":[{"href":"https:\/\/www.freeshopfrontiera.ch\/de\/wp-json\/wp\/v2\/product"}],"about":[{"href":"https:\/\/www.freeshopfrontiera.ch\/de\/wp-json\/wp\/v2\/types\/product"}],"replies":[{"embeddable":true,"href":"https:\/\/www.freeshopfrontiera.ch\/de\/wp-json\/wp\/v2\/comments?post=27667"}],"version-history":[{"count":2,"href":"https:\/\/www.freeshopfrontiera.ch\/de\/wp-json\/wp\/v2\/product\/27667\/revisions"}],"predecessor-version":[{"id":27673,"href":"https:\/\/www.freeshopfrontiera.ch\/de\/wp-json\/wp\/v2\/product\/27667\/revisions\/27673"}],"wp:featuredmedia":[{"embeddable":true,"href":"https:\/\/www.freeshopfrontiera.ch\/de\/wp-json\/wp\/v2\/media\/27659"}],"wp:attachment":[{"href":"https:\/\/www.freeshopfrontiera.ch\/de\/wp-json\/wp\/v2\/media?parent=27667"}],"wp:term":[{"taxonomy":"pwb-brand","embeddable":true,"href":"https:\/\/www.freeshopfrontiera.ch\/de\/wp-json\/wp\/v2\/pwb-brand?post=27667"},{"taxonomy":"product_brand","embeddable":true,"href":"https:\/\/www.freeshopfrontiera.ch\/de\/wp-json\/wp\/v2\/product_brand?post=27667"},{"taxonomy":"product_cat","embeddable":true,"href":"https:\/\/www.freeshopfrontiera.ch\/de\/wp-json\/wp\/v2\/product_cat?post=27667"},{"taxonomy":"product_tag","embeddable":true,"href":"https:\/\/www.freeshopfrontiera.ch\/de\/wp-json\/wp\/v2\/product_tag?post=27667"}],"curies":[{"name":"wp","href":"https:\/\/api.w.org\/{rel}","templated":true}]}}