{"id":27793,"date":"2025-04-23T07:36:58","date_gmt":"2025-04-23T07:36:58","guid":{"rendered":"https:\/\/www.freeshopfrontiera.ch\/shop\/thierry-mugler-set-angel-elixir\/"},"modified":"2025-12-26T00:01:08","modified_gmt":"2025-12-26T00:01:08","slug":"thierry-mugler-set-angel-elixir","status":"publish","type":"product","link":"https:\/\/www.freeshopfrontiera.ch\/de\/shop\/thierry-mugler-set-angel-elixir\/","title":{"rendered":"THIERRY MUGLER SET Angel Elixir"},"content":{"rendered":"<p class=\"\" data-start=\"2889\" data-end=\"3163\">Entdecken Sie das magnetische und moderne Universum von THIERRY MUGLER SET Angel Elixir\u00a0mit diesem eleganten Geschenkset von Thierry Mugler. Ein intensiver und femininer Duft, der den ikonischen Angel zeitgem\u00e4\u00df neu interpretiert \u2013 mit innovativer, sinnlicher Note und dem vertrauten Charakter.<\/p>\n<p class=\"\" data-start=\"3165\" data-end=\"3598\">Angel Elixir Eau de Parfum Set ist ein blumiger, gourmandiger und ambrierter Duft. Er \u00f6ffnet sich mit einer frischen, leuchtenden Note von rosa Pfeffer, die die Sinne sofort weckt. Im Herzen entfaltet sich ein Bouquet wei\u00dfer Bl\u00fcten wie Jasmin und Ylang-Ylang, das eine cremige, umh\u00fcllende S\u00fc\u00dfe verleiht. Die Basis kombiniert Bourbon-Vanille und Ambernoten mit Sandelholz und schafft eine warme, intensive und langanhaltende Duftspur.<\/p>\n<p class=\"\" data-start=\"3600\" data-end=\"3917\">Das Set enth\u00e4lt Angel Elixir Eau de Parfum 50ml \u2013 perfekt f\u00fcr den t\u00e4glichen Gebrauch \u2013 sowie eine 10ml Travel Size, ideal f\u00fcr die Handtasche oder auf Reisen. Der Flakon ist ein echtes Kunstwerk: sternf\u00f6rmig, mit tiefblauen Reflexen und futuristischem Design. Eine Verpackung, die ebenso bezaubert wie der Duft selbst.<\/p>\n<p class=\"\" data-start=\"3919\" data-end=\"4286\">Dieses Set ist das ideale Geschenk f\u00fcr alle, die ausdrucksstarke, feminine D\u00fcfte mit starker Pers\u00f6nlichkeit lieben. Perfekt auch f\u00fcr alle, die Angel in einer mutigeren, modernen Variante erleben m\u00f6chten. MUGLER SET Angel Elixir von Mugler ist mehr als ein Parfum \u2013 es ist eine Einladung, die eigene innere St\u00e4rke neu zu entdecken und jeden Tag zu strahlen, zu jeder Gelegenheit.<\/p>\n<p data-start=\"109\" data-end=\"1510\">Follow us! <a href=\"https:\/\/www.instagram.com\/freeshopswiss\/\" target=\"_blank\" rel=\"noopener\">@freeshopswiss<\/a><\/p>\n","protected":false},"excerpt":{"rendered":"<p><em><strong>Eau de Parfum<\/strong><\/em><\/p>\n","protected":false},"featured_media":27785,"comment_status":"open","ping_status":"closed","template":"","meta":[],"pwb-brand":[395],"product_brand":[],"product_cat":[84,111,485],"product_tag":[293,462,460],"class_list":{"0":"post-27793","1":"product","2":"type-product","3":"status-publish","4":"has-post-thumbnail","6":"pwb-brand-thierry-mugler","7":"product_cat-duefte","8":"product_cat-fur-sie-de","9":"product_cat-geschenkbox","10":"product_tag-frau","11":"product_tag-geschenkset-fuer-damen","12":"product_tag-parfuem-geschenkset","14":"first","15":"outofstock","16":"sale","17":"taxable","18":"shipping-taxable","19":"purchasable","20":"product-type-simple"},"brands":[{"id":395,"name":"Thierry Mugler","slug":"thierry-mugler"}],"_links":{"self":[{"href":"https:\/\/www.freeshopfrontiera.ch\/de\/wp-json\/wp\/v2\/product\/27793","targetHints":{"allow":["GET"]}}],"collection":[{"href":"https:\/\/www.freeshopfrontiera.ch\/de\/wp-json\/wp\/v2\/product"}],"about":[{"href":"https:\/\/www.freeshopfrontiera.ch\/de\/wp-json\/wp\/v2\/types\/product"}],"replies":[{"embeddable":true,"href":"https:\/\/www.freeshopfrontiera.ch\/de\/wp-json\/wp\/v2\/comments?post=27793"}],"version-history":[{"count":3,"href":"https:\/\/www.freeshopfrontiera.ch\/de\/wp-json\/wp\/v2\/product\/27793\/revisions"}],"predecessor-version":[{"id":27992,"href":"https:\/\/www.freeshopfrontiera.ch\/de\/wp-json\/wp\/v2\/product\/27793\/revisions\/27992"}],"wp:featuredmedia":[{"embeddable":true,"href":"https:\/\/www.freeshopfrontiera.ch\/de\/wp-json\/wp\/v2\/media\/27785"}],"wp:attachment":[{"href":"https:\/\/www.freeshopfrontiera.ch\/de\/wp-json\/wp\/v2\/media?parent=27793"}],"wp:term":[{"taxonomy":"pwb-brand","embeddable":true,"href":"https:\/\/www.freeshopfrontiera.ch\/de\/wp-json\/wp\/v2\/pwb-brand?post=27793"},{"taxonomy":"product_brand","embeddable":true,"href":"https:\/\/www.freeshopfrontiera.ch\/de\/wp-json\/wp\/v2\/product_brand?post=27793"},{"taxonomy":"product_cat","embeddable":true,"href":"https:\/\/www.freeshopfrontiera.ch\/de\/wp-json\/wp\/v2\/product_cat?post=27793"},{"taxonomy":"product_tag","embeddable":true,"href":"https:\/\/www.freeshopfrontiera.ch\/de\/wp-json\/wp\/v2\/product_tag?post=27793"}],"curies":[{"name":"wp","href":"https:\/\/api.w.org\/{rel}","templated":true}]}}