{"id":27811,"date":"2025-04-23T08:13:16","date_gmt":"2025-04-23T08:13:16","guid":{"rendered":"https:\/\/www.freeshopfrontiera.ch\/shop\/john-varvatos-set-men\/"},"modified":"2025-04-23T11:32:34","modified_gmt":"2025-04-23T11:32:34","slug":"john-varvatos-set-men","status":"publish","type":"product","link":"https:\/\/www.freeshopfrontiera.ch\/de\/shop\/john-varvatos-set-men\/","title":{"rendered":"JOHN VARVATOS SET Men"},"content":{"rendered":"<p class=\"\" data-start=\"2766\" data-end=\"4032\">Das John Varvatos Men Set enth\u00e4lt ein Eau de Toilette mit 125ml sowie zwei Reisegr\u00f6\u00dfen mit 17ml und 15ml \u2013 ideal f\u00fcr M\u00e4nner, die einen eleganten, modernen Duft mit starkem Charakter suchen.<\/p>\n<p class=\"\" data-start=\"2766\" data-end=\"4032\">Dieser Duft von John Varvatos vereint klassische Raffinesse mit modernem Geist und bietet eine anspruchsvolle Komposition, die Stil und Pers\u00f6nlichkeit verk\u00f6rpert. Frische, w\u00fcrzige Kopfnoten aus Tamarinde, Dattel und Koriander er\u00f6ffnen das Dufterlebnis, gefolgt von einem intensiven Herzen aus Leder, Salbei und schwarzem Pfeffer. Die warme Basis aus Amber, edlen H\u00f6lzern und orientalischen Harzen sorgt f\u00fcr eine langanhaltende, maskuline Duftspur. Das John Varvatos Herrenduft-Set ist ideal f\u00fcr den Alltag: mit einem 125ml Flakon f\u00fcr den t\u00e4glichen Gebrauch sowie zwei praktischen Reisegr\u00f6\u00dfen f\u00fcr unterwegs, im B\u00fcro oder auf Reisen. Das Flakondesign ist stilvoll und edel, ganz im Zeichen der Varvatos-\u00c4sthetik.<\/p>\n<p class=\"\" data-start=\"2766\" data-end=\"4032\">Dieses Duftset ist das perfekte Geschenk f\u00fcr M\u00e4nner, die dezente Eleganz sch\u00e4tzen und einen vielseitigen, ausdrucksstarken Duft suchen. Ideal auch als Geschenk zu Geburtstagen, Jubil\u00e4en oder besonderen Anl\u00e4ssen. Das John Varvatos Eau de Toilette Set ist ein Must-have f\u00fcr jede Herrenduft-Kollektion \u2013 eine perfekte Kombination aus Eleganz, Tiefe und Funktionalit\u00e4t. Das John Varvatos Men Set enth\u00e4lt ein EdT mit 125ml sowie zwei Reisegr\u00f6\u00dfen mit 17ml und 15ml \u2013 ideal f\u00fcr M\u00e4nner, die einen eleganten, modernen Duft.<\/p>\n<p>Follow us! <a href=\"https:\/\/www.instagram.com\/freeshopswiss\/\" target=\"_blank\" rel=\"noopener\">@freeshopswiss<\/a><\/p>\n","protected":false},"excerpt":{"rendered":"<p>Das John Varvatos Men Set enth\u00e4lt ein Eau de Toilette mit 125ml sowie zwei Reisegr\u00f6\u00dfen mit 17ml und 15ml \u2013 ideal f\u00fcr M\u00e4nner, die einen eleganten, modernen Duft mit starkem Charakter suchen. Dieser Duft von John Varvatos vereint klassische Raffinesse mit modernem Geist und bietet eine anspruchsvolle Komposition, die Stil und Pers\u00f6nlichkeit verk\u00f6rpert. Frische, w\u00fcrzige [&hellip;]<\/p>\n","protected":false},"featured_media":27803,"comment_status":"open","ping_status":"closed","template":"","meta":[],"pwb-brand":[947],"product_brand":[],"product_cat":[84,86],"product_tag":[465,953,1642,460],"class_list":{"0":"post-27811","1":"product","2":"type-product","3":"status-publish","4":"has-post-thumbnail","6":"pwb-brand-john-varvatos","7":"product_cat-duefte","8":"product_cat-fur-ihn-de","9":"product_tag-geschenkset-herren","10":"product_tag-uomo-de","11":"product_tag-mens-fragrances-de","12":"product_tag-parfuem-geschenkset","14":"first","15":"outofstock","16":"sale","17":"taxable","18":"shipping-taxable","19":"purchasable","20":"product-type-simple"},"brands":[{"id":947,"name":"John Varvatos","slug":"john-varvatos"}],"_links":{"self":[{"href":"https:\/\/www.freeshopfrontiera.ch\/de\/wp-json\/wp\/v2\/product\/27811","targetHints":{"allow":["GET"]}}],"collection":[{"href":"https:\/\/www.freeshopfrontiera.ch\/de\/wp-json\/wp\/v2\/product"}],"about":[{"href":"https:\/\/www.freeshopfrontiera.ch\/de\/wp-json\/wp\/v2\/types\/product"}],"replies":[{"embeddable":true,"href":"https:\/\/www.freeshopfrontiera.ch\/de\/wp-json\/wp\/v2\/comments?post=27811"}],"version-history":[{"count":4,"href":"https:\/\/www.freeshopfrontiera.ch\/de\/wp-json\/wp\/v2\/product\/27811\/revisions"}],"predecessor-version":[{"id":27982,"href":"https:\/\/www.freeshopfrontiera.ch\/de\/wp-json\/wp\/v2\/product\/27811\/revisions\/27982"}],"wp:featuredmedia":[{"embeddable":true,"href":"https:\/\/www.freeshopfrontiera.ch\/de\/wp-json\/wp\/v2\/media\/27803"}],"wp:attachment":[{"href":"https:\/\/www.freeshopfrontiera.ch\/de\/wp-json\/wp\/v2\/media?parent=27811"}],"wp:term":[{"taxonomy":"pwb-brand","embeddable":true,"href":"https:\/\/www.freeshopfrontiera.ch\/de\/wp-json\/wp\/v2\/pwb-brand?post=27811"},{"taxonomy":"product_brand","embeddable":true,"href":"https:\/\/www.freeshopfrontiera.ch\/de\/wp-json\/wp\/v2\/product_brand?post=27811"},{"taxonomy":"product_cat","embeddable":true,"href":"https:\/\/www.freeshopfrontiera.ch\/de\/wp-json\/wp\/v2\/product_cat?post=27811"},{"taxonomy":"product_tag","embeddable":true,"href":"https:\/\/www.freeshopfrontiera.ch\/de\/wp-json\/wp\/v2\/product_tag?post=27811"}],"curies":[{"name":"wp","href":"https:\/\/api.w.org\/{rel}","templated":true}]}}